{"id":3002,"date":"2025-09-25T10:25:49","date_gmt":"2025-09-25T10:25:49","guid":{"rendered":"https:\/\/buyegglass.com\/?post_type=product&#038;p=3002"},"modified":"2025-10-10T08:10:53","modified_gmt":"2025-10-10T08:10:53","slug":"beaker-bongs-eg-03-cross-borosilicate-glass-7mm-buy-now","status":"publish","type":"product","link":"https:\/\/buyegglass.com\/es\/product\/beaker-bongs-eg-03-cross-borosilicate-glass-7mm-buy-now\/","title":{"rendered":"Beaker Bongs EG-03 Cruz de vidrio borosilicato 7mm Comprar ahora"},"content":{"rendered":"<h2>Beaker Bongs EG-03 Cruz de vidrio borosilicato 7mm<\/h2>\n<p>El Beaker Bongs EG-03 Cross Borosilicate Glass 7mm ofrece tanto resistencia como estilo para los fumadores de cigarrillos que valoran la eficiencia y el dise\u00f1o. Hecho de vidrio de borosilicato de 7 mm de espesor, este bong garantiza un uso duradero y resistencia al calor. Su base duradera ofrece una excelente estabilidad, mientras que el dise\u00f1o de vaso ancho permite golpes grandes y suaves con purificaci\u00f3n de agua potenciada.<\/p>\n<p>Una caracter\u00edstica sobresaliente de esta pieza son los detallados patrones de cruces congeladas grabados en el cristal, que le dan un aspecto fuerte y contempor\u00e1neo. Disponible en varios colores, como ecol\u00f3gico, azul, negro y rosa, este bong te permite elegir un dise\u00f1o que se adapte a tu personalidad sin perder su cuerpo transparente y aerodin\u00e1mico. Los detalles congelados tanto en el cuello como en la base elevan su dise\u00f1o m\u00e1s all\u00e1 de un bong de cristal convencional, haci\u00e9ndolo tan visualmente atractivo como pr\u00e1ctico.<\/p>\n<p>El EG-03 viene con un v\u00e1stago desmontable y una cazoleta de cristal a juego, dise\u00f1ados para proporcionar un flujo de aire continuo y una limpieza sencilla. Su cuello alto y recto ayuda a reducir las salpicaduras, mientras que la alternativa de pellizco de hielo le permite a\u00f1adir hielo para obtener caladas m\u00e1s frescas y suaves. Ya sea para sesiones personales o para compartir en grupo, esta cachimba de vaso proporciona integridad y alta calidad en todo momento.<\/p>\n<p>Perfecto tanto para principiantes como para fumadores experimentados, el Beaker Bongs EG-03 Cross Borosilicate Glass 7mm Get Now es el mejor equilibrio entre durabilidad, funcionalidad y dise\u00f1o moderno. No es simplemente una herramienta para fumar, sino tambi\u00e9n un elegante art\u00edculo de gafas que estar\u00e1s orgulloso de mostrar.<\/p>","protected":false},"excerpt":{"rendered":"<p>The Beaker Bongs EG-03 Cross Borosilicate Glass 7mm features thick durable glass, frosted cross patterns, stable base, and color accents. With ice pinch and removable downstem, it delivers smooth, cool hits and stylish design for reliable everyday use.<\/p>","protected":false},"featured_media":3006,"comment_status":"open","ping_status":"closed","template":"","meta":[],"product_brand":[],"product_cat":[39],"product_tag":[226,141,168],"class_list":{"0":"post-3002","1":"product","2":"type-product","3":"status-publish","4":"has-post-thumbnail","6":"product_cat-beaker-bongs","7":"product_tag-beaker-bong","8":"product_tag-borosilicate-bong","9":"product_tag-glass-water-pipe","11":"first","12":"instock","13":"shipping-taxable","14":"purchasable","15":"product-type-variable"},"_links":{"self":[{"href":"https:\/\/buyegglass.com\/es\/wp-json\/wp\/v2\/product\/3002","targetHints":{"allow":["GET"]}}],"collection":[{"href":"https:\/\/buyegglass.com\/es\/wp-json\/wp\/v2\/product"}],"about":[{"href":"https:\/\/buyegglass.com\/es\/wp-json\/wp\/v2\/types\/product"}],"replies":[{"embeddable":true,"href":"https:\/\/buyegglass.com\/es\/wp-json\/wp\/v2\/comments?post=3002"}],"wp:featuredmedia":[{"embeddable":true,"href":"https:\/\/buyegglass.com\/es\/wp-json\/wp\/v2\/media\/3006"}],"wp:attachment":[{"href":"https:\/\/buyegglass.com\/es\/wp-json\/wp\/v2\/media?parent=3002"}],"wp:term":[{"taxonomy":"product_brand","embeddable":true,"href":"https:\/\/buyegglass.com\/es\/wp-json\/wp\/v2\/product_brand?post=3002"},{"taxonomy":"product_cat","embeddable":true,"href":"https:\/\/buyegglass.com\/es\/wp-json\/wp\/v2\/product_cat?post=3002"},{"taxonomy":"product_tag","embeddable":true,"href":"https:\/\/buyegglass.com\/es\/wp-json\/wp\/v2\/product_tag?post=3002"}],"curies":[{"name":"wp","href":"https:\/\/api.w.org\/{rel}","templated":true}]}}