{"id":2966,"date":"2025-09-25T10:13:32","date_gmt":"2025-09-25T10:13:32","guid":{"rendered":"https:\/\/buyegglass.com\/?post_type=product&#038;p=2966"},"modified":"2025-10-10T08:09:23","modified_gmt":"2025-10-10T08:09:23","slug":"beaker-bongs-eg-02-symbols-borosilicate-glass-7mm-buy-now","status":"publish","type":"product","link":"https:\/\/buyegglass.com\/es\/product\/beaker-bongs-eg-02-symbols-borosilicate-glass-7mm-buy-now\/","title":{"rendered":"Beaker Bongs EG-02 Simbolos Vidrio Borosilicato 7mm Comprar Ahora"},"content":{"rendered":"<h2>Bongs de vaso con estilo simb\u00f3lico y durabilidad<\/h2>\n<p>El Beaker Bongs EG-02 Symbols Borosilicate Glass 7mm ofrece una sorprendente mezcla de estilo y resistencia, hecho a mano para los fumadores de cigarrillos que valoran tanto la est\u00e9tica como el rendimiento. Hecho de vidrio de borosilicato de 7 mm de espesor, este bong se ha desarrollado para soportar el uso diario, mientras que el suministro constante de golpes suaves.<\/p>\n<p>Lo que hace especial a este art\u00edculo es el patr\u00f3n de s\u00edmbolos personalizado que deja el cuello y la base. El dise\u00f1o grabado no s\u00f3lo a\u00f1ade un toque de singularidad, sino que tambi\u00e9n proporciona un agarre sensible que realmente se siente seguro en sus manos. Tanto si eres nuevo en esto de fumar como si eres un fan\u00e1tico experto, el EG-02 a\u00f1ade un toque elegante al dise\u00f1o convencional del bong de vaso.<\/p>\n<p>Funciones del Beaker Bong EG-02<\/p>\n<p>Fabricado con vidrio de borosilicato de 7 mm de primera calidad<\/p>\n<p>S\u00edmbolo grabado para un estilo moderno y un agarre seguro<\/p>\n<p>La base ancha del vaso garantiza una excelente seguridad<\/p>\n<p>Configuraci\u00f3n cl\u00e1sica de bajante y plato para un uso y mantenimiento sencillos<\/p>\n<p>Disponible en numerosos tonos, como azul, rosa, negro y verde<\/p>\n<p>Rendimiento y estilo<\/p>\n<p>La amplia base del vaso permite una c\u00e1mara de agua m\u00e1s grande, lo que mejora la filtraci\u00f3n y proporciona una inhalaci\u00f3n m\u00e1s fresca y suave. La densidad del vidrio de borosilicato garantiza su resistencia, soportando las grietas y astillas de la manipulaci\u00f3n diaria. Los signos grabados ofrecen al art\u00edculo un aspecto moderno que destaca en cualquier tipo de colecci\u00f3n.<\/p>\n<p>Si est\u00e1s comprando tu primer bong o contribuyendo a un programa de crecimiento, el Beaker Bongs EG-02 Symbols Borosilicate Glass 7mm es una excelente selecci\u00f3n. Ofrece la resistencia que necesita con un estilo que hace que cada sesi\u00f3n sea m\u00e1s agradable.<\/p>","protected":false},"excerpt":{"rendered":"<p>Beaker Bongs EG-02 Symbols Borosilicate Glass 7mm offers durability with a sturdy base and thick walls. The engraved symbol design adds style, while its clear glass ensures smooth, enjoyable sessions every time. Perfect for users seeking strength, function, and modern aesthetic in one piece.<\/p>","protected":false},"featured_media":2974,"comment_status":"open","ping_status":"closed","template":"","meta":[],"product_brand":[],"product_cat":[39],"product_tag":[222,221,219],"class_list":{"0":"post-2966","1":"product","2":"type-product","3":"status-publish","4":"has-post-thumbnail","6":"product_cat-beaker-bongs","7":"product_tag-7mm-glass-bong","8":"product_tag-beaker-bongs","9":"product_tag-borosilicate-glass-bong","11":"first","12":"instock","13":"shipping-taxable","14":"purchasable","15":"product-type-variable"},"_links":{"self":[{"href":"https:\/\/buyegglass.com\/es\/wp-json\/wp\/v2\/product\/2966","targetHints":{"allow":["GET"]}}],"collection":[{"href":"https:\/\/buyegglass.com\/es\/wp-json\/wp\/v2\/product"}],"about":[{"href":"https:\/\/buyegglass.com\/es\/wp-json\/wp\/v2\/types\/product"}],"replies":[{"embeddable":true,"href":"https:\/\/buyegglass.com\/es\/wp-json\/wp\/v2\/comments?post=2966"}],"wp:featuredmedia":[{"embeddable":true,"href":"https:\/\/buyegglass.com\/es\/wp-json\/wp\/v2\/media\/2974"}],"wp:attachment":[{"href":"https:\/\/buyegglass.com\/es\/wp-json\/wp\/v2\/media?parent=2966"}],"wp:term":[{"taxonomy":"product_brand","embeddable":true,"href":"https:\/\/buyegglass.com\/es\/wp-json\/wp\/v2\/product_brand?post=2966"},{"taxonomy":"product_cat","embeddable":true,"href":"https:\/\/buyegglass.com\/es\/wp-json\/wp\/v2\/product_cat?post=2966"},{"taxonomy":"product_tag","embeddable":true,"href":"https:\/\/buyegglass.com\/es\/wp-json\/wp\/v2\/product_tag?post=2966"}],"curies":[{"name":"wp","href":"https:\/\/api.w.org\/{rel}","templated":true}]}}