{"id":2906,"date":"2025-09-25T09:31:18","date_gmt":"2025-09-25T09:31:18","guid":{"rendered":"https:\/\/buyegglass.com\/?post_type=product&#038;p=2906"},"modified":"2025-10-10T09:51:04","modified_gmt":"2025-10-10T09:51:04","slug":"glass-hand-pipe-fancy-yellow-duck-borosilicate-egh26-5in","status":"publish","type":"product","link":"https:\/\/buyegglass.com\/es\/product\/glass-hand-pipe-fancy-yellow-duck-borosilicate-egh26-5in\/","title":{"rendered":"Pipa de mano de vidrio Fancy Yellow Duck Borosilicate EGH26 5in"},"content":{"rendered":"<h2>Pato amarillo juguet\u00f3n Pipa de vidrio<\/h2>\n<p>La pipa de vidrio de mano Fancy Yellow Duck Borosilicate EGH26 5in es una adici\u00f3n especial y creativa a cualquier tipo de colecci\u00f3n de cigarrillos para fumar. Creada para sobresalir, esta pipa incluye una personalidad de pato amarillo intenso con informaci\u00f3n exagerada, incluyendo ojos vibrantes, pico rojo y cuernos juguetones, produciendo un aspecto caprichoso que capta r\u00e1pidamente el inter\u00e9s.<\/p>\n<p>Fabricado en resistente vidrio de borosilicato, este art\u00edculo no s\u00f3lo es art\u00edstico, sino que tambi\u00e9n est\u00e1 pensado para el uso diario. El vidrio de borosilicato asegura la resistencia al calor y la ansiedad, proporcionando a los fumadores confianza en su durabilidad. Con s\u00f3lo 5 pulgadas, es un dise\u00f1o port\u00e1til y port\u00e1til, excelente tanto para sesiones en casa como para su uso sobre la marcha.<\/p>\n<p>Estilo art\u00edstico y pr\u00e1ctico<\/p>\n<p>Divertida y vibrante forma de personalidad de pato<\/p>\n<p>Fabricado con vidrio de borosilicato para mayor resistencia al calor<\/p>\n<p>Dimensiones compactas de 5 pulgadas, f\u00e1cil de transportar y utilizar<\/p>\n<p>Movimiento de aire suave para una experiencia de fumado ordenada<\/p>\n<p>Cada pieza muestra la artesan\u00eda de primera clase con tonos vibrantes de vidrio, asegur\u00e1ndose de que no hay 2 tuber\u00edas son exactamente iguales. La informaci\u00f3n, como las peque\u00f1as alas del pato, su amplia base y sus vibrantes rasgos faciales, lo convierten no s\u00f3lo en un dispositivo para fumar cigarrillos, sino tambi\u00e9n en una novedad. Las agencias de cobro y las personas relajadas por igual valorar\u00e1n el equilibrio entre las apariencias en\u00e9rgicas y el dise\u00f1o sensato.<\/p>\n<p>La amplia boquilla permite un uso c\u00f3modo, mientras que la fuerte base le da seguridad al colocarlo. Es un art\u00edculo fant\u00e1stico para los que quieren dar un toque de ingenio y dise\u00f1o desenfadado a su colecci\u00f3n de cristaler\u00eda sin renunciar a la calidad.<\/p>\n<p>La pipa de vidrio Fancy Yellow Duck Borosilicate EGH26 5in es m\u00e1s que una pipa - es una declaraci\u00f3n. La incorporaci\u00f3n de la capacidad, portabilidad, y el pensamiento creativo art\u00edstico, esta tuber\u00eda r\u00e1pidamente terminar\u00e1 siendo un favorito en el horario de cualquier fumador.<\/p>","protected":false},"excerpt":{"rendered":"<p>The Glass Hand Pipe Fancy Yellow Duck Borosilicate EGH26 5in brings playful design and durability together. Crafted from strong borosilicate glass, this 5-inch hand pipe features a bold yellow duck character with vivid details, compact size, and smooth airflow, making it fun, portable, and reliable.<\/p>","protected":false},"featured_media":2912,"comment_status":"open","ping_status":"closed","template":"","meta":[],"product_brand":[],"product_cat":[43],"product_tag":[188,138,209],"class_list":{"0":"post-2906","1":"product","2":"type-product","3":"status-publish","4":"has-post-thumbnail","6":"product_cat-hand-pipe","7":"product_tag-borosilicate-smoking-pipe","8":"product_tag-glass-hand-pipe","9":"product_tag-yellow-duck-pipe","11":"first","12":"instock","13":"shipping-taxable","14":"purchasable","15":"product-type-variable"},"_links":{"self":[{"href":"https:\/\/buyegglass.com\/es\/wp-json\/wp\/v2\/product\/2906","targetHints":{"allow":["GET"]}}],"collection":[{"href":"https:\/\/buyegglass.com\/es\/wp-json\/wp\/v2\/product"}],"about":[{"href":"https:\/\/buyegglass.com\/es\/wp-json\/wp\/v2\/types\/product"}],"replies":[{"embeddable":true,"href":"https:\/\/buyegglass.com\/es\/wp-json\/wp\/v2\/comments?post=2906"}],"wp:featuredmedia":[{"embeddable":true,"href":"https:\/\/buyegglass.com\/es\/wp-json\/wp\/v2\/media\/2912"}],"wp:attachment":[{"href":"https:\/\/buyegglass.com\/es\/wp-json\/wp\/v2\/media?parent=2906"}],"wp:term":[{"taxonomy":"product_brand","embeddable":true,"href":"https:\/\/buyegglass.com\/es\/wp-json\/wp\/v2\/product_brand?post=2906"},{"taxonomy":"product_cat","embeddable":true,"href":"https:\/\/buyegglass.com\/es\/wp-json\/wp\/v2\/product_cat?post=2906"},{"taxonomy":"product_tag","embeddable":true,"href":"https:\/\/buyegglass.com\/es\/wp-json\/wp\/v2\/product_tag?post=2906"}],"curies":[{"name":"wp","href":"https:\/\/api.w.org\/{rel}","templated":true}]}}