{"id":2886,"date":"2025-09-25T09:17:48","date_gmt":"2025-09-25T09:17:48","guid":{"rendered":"https:\/\/buyegglass.com\/?post_type=product&#038;p=2886"},"modified":"2025-10-10T08:27:52","modified_gmt":"2025-10-10T08:27:52","slug":"es2257-dab-oil-rigs-glass-12-inch-bent-neck-klein-oil-rig","status":"publish","type":"product","link":"https:\/\/buyegglass.com\/es\/product\/es2257-dab-oil-rigs-glass-12-inch-bent-neck-klein-oil-rig\/","title":{"rendered":"ES2257 Dab Oil Rigs Vidrio 12 Pulgadas Cuello Doblado Klein Oil Rig"},"content":{"rendered":"<h2>ES2257 Bit Oil Rigs Vidrio 12 Pulgadas Cuello Doblado Klein Oil Well<\/h2>\n<p>El ES2257 Dab Oil Rigs de vidrio de 12 pulgadas de cuello doblado Klein Oil bien combina elegancia, capacidad y longevidad para una extraordinaria experiencia de fumar cigarrillos. Hecho de vidrio de borosilicato costos, esta plataforma de aceite proporciona una excelente resistencia al calor, mientras que el mantenimiento de un aspecto aerodin\u00e1mico, claro que pone de relieve su mano de obra.<\/p>\n<p>El estilo de cuello doblado no s\u00f3lo es moderno, sino tambi\u00e9n funcional, ya que ayuda a evitar salpicaduras y ofrece un \u00e1ngulo c\u00f3modo para cada inhalaci\u00f3n. Con una altura de 30 cm, ofrece el equilibrio ideal entre facilidad de transporte y rendimiento, lo que lo convierte en una opci\u00f3n excelente tanto para sesiones en casa como para llevar de viaje.<\/p>\n<p>Dise\u00f1o avanzado del reciclador Klein<\/p>\n<p>Esta plataforma petrol\u00edfera llama la atenci\u00f3n por su sistema reciclador Klein, dise\u00f1ado para conseguir golpes de sistema suaves y filtrados. El dise\u00f1o recicla continuamente el agua dentro de la c\u00e1mara, manteni\u00e9ndola fresca y deteniendo el humo rancio. Esto asegura que cada golpe se enfr\u00eda y completa de sabor, la mejora de la experiencia general de fumar cigarrillos.<\/p>\n<p>El percolador difuso incluido descompone adicionalmente el humo en burbujas m\u00e1s finas, optimizando el acondicionamiento y filtrado del aire. El resultado es una inhalaci\u00f3n m\u00e1s suave y limpia, respetuosa con la garganta y los pulmones.<\/p>\n<p>Desarrollado para el uso diario<\/p>\n<p>La longevidad se une al dise\u00f1o con el ES2257. Su gruesa base proporciona seguridad, reduciendo el riesgo de vuelco durante su uso. Las juntas de primera calidad garantizan una uni\u00f3n protegida con su percutor o bol, mientras que el cuerpo de cristal transparente hace que sea muy f\u00e1cil controlar los grados del agua y mantener su equipo ordenado.<\/p>\n<p>Si usted est\u00e1 tratando de encontrar una pieza que ofrece una excelente eficiencia y dise\u00f1o cl\u00e1sico, el Dab Oil Rigs Glass 12 Inch Bent Neck Klein Oil Well es una opci\u00f3n fiable. Su dise\u00f1o reciclador, el flujo de aire suave, y la forma ergon\u00f3mica lo convierten en un deber-tener para los fan\u00e1ticos que buscan tanto el tipo y la funci\u00f3n.<\/p>","protected":false},"excerpt":{"rendered":"<p>Crafted from durable borosilicate glass, the ES2257 Dab Oil Rigs 12 Inch Bent Neck Klein Oil Rig features a sleek design with precision Klein incycler for smooth hits. The bent neck ensures comfort while the sturdy base provides stability. Perfect for both beginners and experienced users.<\/p>","protected":false},"featured_media":2891,"comment_status":"open","ping_status":"closed","template":"","meta":[],"product_brand":[],"product_cat":[41],"product_tag":[155,204,205],"class_list":{"0":"post-2886","1":"product","2":"type-product","3":"status-publish","4":"has-post-thumbnail","6":"product_cat-dab-oil-rigs","7":"product_tag-dab-oil-rigs","8":"product_tag-glass-oil-rig","9":"product_tag-klein-recycler-rig","11":"first","12":"instock","13":"shipping-taxable","14":"purchasable","15":"product-type-variable"},"_links":{"self":[{"href":"https:\/\/buyegglass.com\/es\/wp-json\/wp\/v2\/product\/2886","targetHints":{"allow":["GET"]}}],"collection":[{"href":"https:\/\/buyegglass.com\/es\/wp-json\/wp\/v2\/product"}],"about":[{"href":"https:\/\/buyegglass.com\/es\/wp-json\/wp\/v2\/types\/product"}],"replies":[{"embeddable":true,"href":"https:\/\/buyegglass.com\/es\/wp-json\/wp\/v2\/comments?post=2886"}],"wp:featuredmedia":[{"embeddable":true,"href":"https:\/\/buyegglass.com\/es\/wp-json\/wp\/v2\/media\/2891"}],"wp:attachment":[{"href":"https:\/\/buyegglass.com\/es\/wp-json\/wp\/v2\/media?parent=2886"}],"wp:term":[{"taxonomy":"product_brand","embeddable":true,"href":"https:\/\/buyegglass.com\/es\/wp-json\/wp\/v2\/product_brand?post=2886"},{"taxonomy":"product_cat","embeddable":true,"href":"https:\/\/buyegglass.com\/es\/wp-json\/wp\/v2\/product_cat?post=2886"},{"taxonomy":"product_tag","embeddable":true,"href":"https:\/\/buyegglass.com\/es\/wp-json\/wp\/v2\/product_tag?post=2886"}],"curies":[{"name":"wp","href":"https:\/\/api.w.org\/{rel}","templated":true}]}}