{"id":2876,"date":"2025-09-25T09:12:33","date_gmt":"2025-09-25T09:12:33","guid":{"rendered":"https:\/\/buyegglass.com\/?post_type=product&#038;p=2876"},"modified":"2025-10-10T09:27:22","modified_gmt":"2025-10-10T09:27:22","slug":"hand-pipe-borosilicate-glass-egh02-4-13inch-twisted-horn","status":"publish","type":"product","link":"https:\/\/buyegglass.com\/es\/product\/hand-pipe-borosilicate-glass-egh02-4-13inch-twisted-horn\/","title":{"rendered":"Pipa de mano de vidrio borosilicato EGH02 4.13Inch Twisted Horn"},"content":{"rendered":"<h2>Tuber\u00eda manual de vidrio de borosilicato EGH02 Cuerno retorcido de 4,13 pulgadas<\/h2>\n<p>La Hand Pipe Borosilicate Glass EGH02 4.13 Inch Twisted Horn a\u00fana creatividad y funcionalidad en un estilo sorprendentemente especial. Con remolinos de colores fuertes, aumento de acentos de vidrio, y una funci\u00f3n de cuerno retorcido, esta pipa es a la vez un punto focal est\u00e9tico y un dispositivo de fumar cigarrillos de buena reputaci\u00f3n.<\/p>\n<p>Fabricado con vidrio de borosilicato de primera calidad, el EGH02 ofrece una larga vida \u00fatil que resiste el calor y el desgaste diario. Su dimensi\u00f3n de 4,13 pulgadas lo hace lo suficientemente peque\u00f1o para su movilidad, al tiempo que proporciona un agarre c\u00f3modo durante el uso. Su forma ergon\u00f3mica, acentuada por los distintivos pomos, garantiza un agarre protegido e imprime car\u00e1cter a cada sesi\u00f3n.<\/p>\n<p>Dise\u00f1o elegante con cuerno trenzado<\/p>\n<p>Entre los componentes destacados de esta tuber\u00eda de mano es la extensi\u00f3n de cuerno retorcido. No s\u00f3lo aporta estilo, sino que tambi\u00e9n facilita el manejo y establece la tuber\u00eda al margen de los dise\u00f1os habituales. Los vibrantes remolinos de cristal y el aumento de m\u00e1rmoles aportan un toque animado pero imaginativo, asegur\u00e1ndose de que cada pieza se siente distintivo.<\/p>\n<p>Pr\u00e1ctico y duradero<\/p>\n<p>El recipiente profundo permite un envase generoso, y el material de borosilicato resistente significa que puede soportar el uso repetido sin poner en peligro la calidad superior. Su resistencia al calor garantiza sesiones m\u00e1s suaves, mientras que su dise\u00f1o compacto facilita su limpieza y conservaci\u00f3n.<\/p>\n<p>Perfecta para uso personal o como mejora destacada de una colecci\u00f3n, la pipa de mano de vidrio borosilicato EGH02 de 4,13 pulgadas de cuerno retorcido est\u00e1 creada para fumadores de cigarrillos que valoran la creatividad tanto como el rendimiento. Su equilibrio entre dise\u00f1o, resistencia y facilidad de transporte lo convierten en una opci\u00f3n excepcional para el uso diario o para regalar.<\/p>\n<p>Con su mezcla de robustez, especial atractivo est\u00e9tico y comodidad de uso, esta tuber\u00eda de mano supera lo normal, ofreciendo una experiencia tan agradable de considerar como de utilizar.<\/p>","protected":false},"excerpt":{"rendered":"<article class=\"text-token-text-primary w-full focus:outline-none scroll-mt-[calc(var(--header-height)+min(200px,max(70px,20svh)))]\" dir=\"auto\" tabindex=\"-1\" data-turn-id=\"request-68d4b4ec-3c24-832e-b740-f5822eca108f-80\" data-testid=\"conversation-turn-144\" data-scroll-anchor=\"true\" data-turn=\"assistant\">\n<div class=\"text-base my-auto mx-auto pb-10 [--thread-content-margin:--spacing(4)] thread-sm:[--thread-content-margin:--spacing(6)] thread-lg:[--thread-content-margin:--spacing(16)] px-(--thread-content-margin)\">\n<div class=\"[--thread-content-max-width:40rem] thread-lg:[--thread-content-max-width:48rem] mx-auto max-w-(--thread-content-max-width) flex-1 group\/turn-messages focus-visible:outline-hidden relative flex w-full min-w-0 flex-col agent-turn\" tabindex=\"-1\">\n<div class=\"flex max-w-full flex-col grow\">\n<div class=\"min-h-8 text-message relative flex w-full flex-col items-end gap-2 text-start break-words whitespace-normal [.text-message+&amp;]:mt-5\" dir=\"auto\" data-message-author-role=\"assistant\" data-message-id=\"b602c813-ef1a-444b-9839-fc3c239afb20\" data-message-model-slug=\"gpt-5-instant\">\n<div class=\"flex w-full flex-col gap-1 empty:hidden first:pt-[3px]\">\n<div class=\"markdown prose dark:prose-invert w-full break-words light markdown-new-styling\">\n<p data-start=\"0\" data-end=\"284\" data-is-last-node=\"\" data-is-only-node=\"\">Crafted from durable borosilicate glass, the Hand Pipe EGH02 4.13 Inch Twisted Horn delivers a unique blend of color, texture, and function. Featuring bold swirl patterns, raised marbles, and a twisted horn accent for grip, this pipe offers smooth hits with a vibrant artistic design.<\/p>\n<\/div>\n<\/div>\n<\/div>\n<\/div>\n<div class=\"z-0 flex min-h-[46px] justify-start\"><\/div>\n<div class=\"mt-3 w-full empty:hidden\">\n<div class=\"text-center\"><\/div>\n<\/div>\n<\/div>\n<\/div>\n<\/article>\n<div class=\"pointer-events-none h-px w-px\" aria-hidden=\"true\" data-edge=\"true\"><\/div>\n","protected":false},"featured_media":2882,"comment_status":"open","ping_status":"closed","template":"","meta":[],"product_brand":[],"product_cat":[43],"product_tag":[139,138,203],"class_list":{"0":"post-2876","1":"product","2":"type-product","3":"status-publish","4":"has-post-thumbnail","6":"product_cat-hand-pipe","7":"product_tag-borosilicate-pipe","8":"product_tag-glass-hand-pipe","9":"product_tag-twisted-horn-pipe","11":"first","12":"instock","13":"shipping-taxable","14":"purchasable","15":"product-type-variable"},"_links":{"self":[{"href":"https:\/\/buyegglass.com\/es\/wp-json\/wp\/v2\/product\/2876","targetHints":{"allow":["GET"]}}],"collection":[{"href":"https:\/\/buyegglass.com\/es\/wp-json\/wp\/v2\/product"}],"about":[{"href":"https:\/\/buyegglass.com\/es\/wp-json\/wp\/v2\/types\/product"}],"replies":[{"embeddable":true,"href":"https:\/\/buyegglass.com\/es\/wp-json\/wp\/v2\/comments?post=2876"}],"wp:featuredmedia":[{"embeddable":true,"href":"https:\/\/buyegglass.com\/es\/wp-json\/wp\/v2\/media\/2882"}],"wp:attachment":[{"href":"https:\/\/buyegglass.com\/es\/wp-json\/wp\/v2\/media?parent=2876"}],"wp:term":[{"taxonomy":"product_brand","embeddable":true,"href":"https:\/\/buyegglass.com\/es\/wp-json\/wp\/v2\/product_brand?post=2876"},{"taxonomy":"product_cat","embeddable":true,"href":"https:\/\/buyegglass.com\/es\/wp-json\/wp\/v2\/product_cat?post=2876"},{"taxonomy":"product_tag","embeddable":true,"href":"https:\/\/buyegglass.com\/es\/wp-json\/wp\/v2\/product_tag?post=2876"}],"curies":[{"name":"wp","href":"https:\/\/api.w.org\/{rel}","templated":true}]}}