{"id":2837,"date":"2025-09-25T08:29:51","date_gmt":"2025-09-25T08:29:51","guid":{"rendered":"https:\/\/buyegglass.com\/?post_type=product&#038;p=2837"},"modified":"2025-10-10T09:37:29","modified_gmt":"2025-10-10T09:37:29","slug":"egh33-multi-monster-eyeballs-hand-pipe-borosilicate-glass","status":"publish","type":"product","link":"https:\/\/buyegglass.com\/es\/product\/egh33-multi-monster-eyeballs-hand-pipe-borosilicate-glass\/","title":{"rendered":"EGH33 Multi Monster Eyeballs Weed Pipe vidrio de borosilicato"},"content":{"rendered":"<h2>EGH33 Tubo para hierba Multi Monster Eyeballs<\/h2>\n<p>El EGH33 Multi Monster Eyeballs Weed Pipeline aporta imaginaci\u00f3n a su colecci\u00f3n de cigarrillos. Hecho de vidrio de borosilicato durable, esta pieza combina virtuosismo con la caracter\u00edstica. Su atractivo estilo inspirado en el monstruo funciona con globos oculares de vidrio en colores vivos, produciendo un visual audaz y distinto que hace que se destaque de las pipas de hierba est\u00e1ndar.<\/p>\n<p>Con un tama\u00f1o de 4 a 5 pulgadas, esta pipa es peque\u00f1a y f\u00e1cil de manejar, a la vez que proporciona un agarre c\u00f3modo gracias a su distintiva superficie de cristal. Cada detalle del globo ocular incluye car\u00e1cter y adem\u00e1s mejora el agarre, deteniendo los resbalones. El plato profundo da una amplia zona para el embalaje, asegurando sesiones suaves y duraderas.<\/p>\n<p>Vidrio de borosilicato de larga duraci\u00f3n<\/p>\n<p>Fabricada con vidrio de borosilicato resistente al calor, esta pipa para hierba garantiza integridad y larga duraci\u00f3n. Este producto duradero soporta un uso constante, mientras que su superficie vibrante resiste la decoloraci\u00f3n con el paso del tiempo.<\/p>\n<p>El encanto de los monstruos<\/p>\n<p>El dise\u00f1o multicolor del globo ocular hace de esta pipa de hierba no s\u00f3lo una herramienta funcional, sino tambi\u00e9n un objeto de arte coleccionable. Tanto si lo colocas en una estanter\u00eda como si lo utilizas a diario, estimula la conversaci\u00f3n y aporta individualidad a tu configuraci\u00f3n de fumador.<\/p>\n<p>M\u00f3vil y divertido<\/p>\n<p>Su tipo ligero y compacto hace que sea f\u00e1cil de viajar y excelente para el uso on-the-go. A pesar de su aspecto animado, la tuber\u00eda utiliza el movimiento de aire excepcional y un sorteo agradable para una experiencia de fumar cigarrillos consistente.<\/p>\n<p>El EGH33 Multi Beast Eyeballs Weed Pipeline es m\u00e1s que un dispositivo para fumar - es una vibrante declaraci\u00f3n imaginativa. Perfecto para los fumadores que valoran los estilos atrevidos y extravagantes junto con un rendimiento fiable.<\/p>","protected":false},"excerpt":{"rendered":"<article class=\"text-token-text-primary w-full focus:outline-none scroll-mt-[calc(var(--header-height)+min(200px,max(70px,20svh)))]\" dir=\"auto\" tabindex=\"-1\" data-turn-id=\"request-WEB:189daed7-ec2c-4ae9-8c56-b8e1300da73d-70\" data-testid=\"conversation-turn-124\" data-scroll-anchor=\"true\" data-turn=\"assistant\">\n<div class=\"text-base my-auto mx-auto pb-10 [--thread-content-margin:--spacing(4)] thread-sm:[--thread-content-margin:--spacing(6)] thread-lg:[--thread-content-margin:--spacing(16)] px-(--thread-content-margin)\">\n<div class=\"[--thread-content-max-width:40rem] thread-lg:[--thread-content-max-width:48rem] mx-auto max-w-(--thread-content-max-width) flex-1 group\/turn-messages focus-visible:outline-hidden relative flex w-full min-w-0 flex-col agent-turn\" tabindex=\"-1\">\n<div class=\"flex max-w-full flex-col grow\">\n<div class=\"min-h-8 text-message relative flex w-full flex-col items-end gap-2 text-start break-words whitespace-normal [.text-message+&amp;]:mt-5\" dir=\"auto\" data-message-author-role=\"assistant\" data-message-id=\"4b523162-099b-491c-9b88-e179720d9d82\" data-message-model-slug=\"gpt-5-instant\">\n<div class=\"flex w-full flex-col gap-1 empty:hidden first:pt-[3px]\">\n<div class=\"markdown prose dark:prose-invert w-full break-words light markdown-new-styling\">\n<p data-start=\"0\" data-end=\"285\" data-is-last-node=\"\" data-is-only-node=\"\">The EGH33 Multi Monster Eyeballs Weed Pipe brings a fun, quirky twist to smoking gear. Crafted from durable borosilicate glass, it features bold colors and raised eyeball details for a standout look. Compact, portable, and eye-catching, it\u2019s perfect for collectors and daily use alike.<\/p>\n<\/div>\n<\/div>\n<\/div>\n<\/div>\n<div class=\"z-0 flex min-h-[46px] justify-start\"><\/div>\n<div class=\"mt-3 w-full empty:hidden\">\n<div class=\"text-center\"><\/div>\n<\/div>\n<\/div>\n<\/div>\n<\/article>\n<div class=\"pointer-events-none h-px w-px\" aria-hidden=\"true\" data-edge=\"true\"><\/div>\n","protected":false},"featured_media":2852,"comment_status":"open","ping_status":"closed","template":"","meta":[],"product_brand":[],"product_cat":[107],"product_tag":[188,187,386],"class_list":{"0":"post-2837","1":"product","2":"type-product","3":"status-publish","4":"has-post-thumbnail","6":"product_cat-weed-pipe","7":"product_tag-borosilicate-smoking-pipe","8":"product_tag-monster-eyeball-pipe","9":"product_tag-weed-pipe","11":"first","12":"instock","13":"shipping-taxable","14":"purchasable","15":"product-type-variable"},"_links":{"self":[{"href":"https:\/\/buyegglass.com\/es\/wp-json\/wp\/v2\/product\/2837","targetHints":{"allow":["GET"]}}],"collection":[{"href":"https:\/\/buyegglass.com\/es\/wp-json\/wp\/v2\/product"}],"about":[{"href":"https:\/\/buyegglass.com\/es\/wp-json\/wp\/v2\/types\/product"}],"replies":[{"embeddable":true,"href":"https:\/\/buyegglass.com\/es\/wp-json\/wp\/v2\/comments?post=2837"}],"wp:featuredmedia":[{"embeddable":true,"href":"https:\/\/buyegglass.com\/es\/wp-json\/wp\/v2\/media\/2852"}],"wp:attachment":[{"href":"https:\/\/buyegglass.com\/es\/wp-json\/wp\/v2\/media?parent=2837"}],"wp:term":[{"taxonomy":"product_brand","embeddable":true,"href":"https:\/\/buyegglass.com\/es\/wp-json\/wp\/v2\/product_brand?post=2837"},{"taxonomy":"product_cat","embeddable":true,"href":"https:\/\/buyegglass.com\/es\/wp-json\/wp\/v2\/product_cat?post=2837"},{"taxonomy":"product_tag","embeddable":true,"href":"https:\/\/buyegglass.com\/es\/wp-json\/wp\/v2\/product_tag?post=2837"}],"curies":[{"name":"wp","href":"https:\/\/api.w.org\/{rel}","templated":true}]}}