{"id":2818,"date":"2025-09-25T08:15:46","date_gmt":"2025-09-25T08:15:46","guid":{"rendered":"https:\/\/buyegglass.com\/?post_type=product&#038;p=2818"},"modified":"2025-10-10T08:16:53","modified_gmt":"2025-10-10T08:16:53","slug":"es2237-dab-oil-rigs-glass-bent-neck-tree-perc-diffuser","status":"publish","type":"product","link":"https:\/\/buyegglass.com\/es\/product\/es2237-dab-oil-rigs-glass-bent-neck-tree-perc-diffuser\/","title":{"rendered":"ES2237 Dab Oil Rigs Difusor de Aceite de \u00c1rbol de Vidrio con Cuello Doblado"},"content":{"rendered":"<h2>ES2237 Dab Oil Rigs Difusor de Aceite de \u00c1rbol de Vidrio con Cuello Doblado<\/h2>\n<p>El ES2237 Dab Oil Rigs difusor de vidrio de cuello doblado \u00e1rbol Perc es un elemento meticulosamente dise\u00f1ado que incorpora la belleza, la resistencia y el rendimiento sin problemas. De pie en 8 pulgadas de alto, esta plataforma se hace a mano a partir de costos de vidrio de borosilicato, lo que garantiza la resistencia al calor y el uso resistente. Su dise\u00f1o de cuello doblado hace que cada sesi\u00f3n sea m\u00e1s c\u00f3moda al tiempo que minimiza las salpicaduras, proporcionando una experiencia satisfactoria y libre de suciedad.<\/p>\n<p>Purificaci\u00f3n suave con difusor Tree Perc<\/p>\n<p>En el coraz\u00f3n de este equipo se encuentra el difusor de perc de \u00e1rbol, que ofrece una purificaci\u00f3n sofisticada da\u00f1ando el humo en burbujas de menor tama\u00f1o. Este procedimiento produce caladas m\u00e1s suaves, enfriando el vapor y mejorando el sabor con cada calada. El cristal de precisi\u00f3n se asegura de que cada inhalaci\u00f3n es ordenada y agradable, excelente para aquellos que valoran tanto el tipo y la funci\u00f3n.<\/p>\n<p>Estilo moderno y funcionalidad<\/p>\n<p>La pieza ES2237 Bit Oil Rigs se ha fabricado pensando en la sencillez y la clase. Su cristal transparente le permite ver el procedimiento de purificaci\u00f3n, proporcion\u00e1ndole tanto encanto visual como informaci\u00f3n \u00fatil. La gran base a\u00f1ade estabilidad, por lo que es fuerte y fiable para el uso diario. El cuello curvado mejora la usabilidad, reduciendo la presi\u00f3n y manteniendo una circulaci\u00f3n ergon\u00f3mica.<\/p>\n<p>Por qu\u00e9 elegir esta plataforma<\/p>\n<p>Tanto si eres un entusiasta como si eres nuevo en el dabbing, el difusor ES2237 Dab Oil Rigs Glass Bent Neck Tree Perc ofrece el mejor equilibrio entre artesan\u00eda y eficiencia. La mezcla de productos de alta calidad y estilo ingenioso asegura que se convierta en una pieza central de confianza para su colecci\u00f3n.<\/p>\n<p>Este equipo no es casi apariencia - tiene que ver con la entrega consistente, suave, y deliciosos golpes cada vez. Construido para llevar a cabo y hecho para durar, es un deber-tener para cualquier persona importante con respecto a sus sesiones.<\/p>","protected":false},"excerpt":{"rendered":"<p>The ES2237 Dab Oil Rigs Glass Bent Neck Tree Perc Diffuser stands 8 inches tall, featuring durable borosilicate glass, a bent neck to prevent splashback, and a tree perc diffuser for smooth, clean filtration. Its sturdy round base ensures balance and stability for an enjoyable session.<\/p>","protected":false},"featured_media":2822,"comment_status":"open","ping_status":"closed","template":"","meta":[],"product_brand":[],"product_cat":[41],"product_tag":[128,168,183],"class_list":{"0":"post-2818","1":"product","2":"type-product","3":"status-publish","4":"has-post-thumbnail","6":"product_cat-dab-oil-rigs","7":"product_tag-dab-oil-rig","8":"product_tag-glass-water-pipe","9":"product_tag-tree-perc-diffuser","11":"first","12":"instock","13":"shipping-taxable","14":"purchasable","15":"product-type-variable"},"_links":{"self":[{"href":"https:\/\/buyegglass.com\/es\/wp-json\/wp\/v2\/product\/2818","targetHints":{"allow":["GET"]}}],"collection":[{"href":"https:\/\/buyegglass.com\/es\/wp-json\/wp\/v2\/product"}],"about":[{"href":"https:\/\/buyegglass.com\/es\/wp-json\/wp\/v2\/types\/product"}],"replies":[{"embeddable":true,"href":"https:\/\/buyegglass.com\/es\/wp-json\/wp\/v2\/comments?post=2818"}],"wp:featuredmedia":[{"embeddable":true,"href":"https:\/\/buyegglass.com\/es\/wp-json\/wp\/v2\/media\/2822"}],"wp:attachment":[{"href":"https:\/\/buyegglass.com\/es\/wp-json\/wp\/v2\/media?parent=2818"}],"wp:term":[{"taxonomy":"product_brand","embeddable":true,"href":"https:\/\/buyegglass.com\/es\/wp-json\/wp\/v2\/product_brand?post=2818"},{"taxonomy":"product_cat","embeddable":true,"href":"https:\/\/buyegglass.com\/es\/wp-json\/wp\/v2\/product_cat?post=2818"},{"taxonomy":"product_tag","embeddable":true,"href":"https:\/\/buyegglass.com\/es\/wp-json\/wp\/v2\/product_tag?post=2818"}],"curies":[{"name":"wp","href":"https:\/\/api.w.org\/{rel}","templated":true}]}}