{"id":2806,"date":"2025-09-25T08:08:19","date_gmt":"2025-09-25T08:08:19","guid":{"rendered":"https:\/\/buyegglass.com\/?post_type=product&#038;p=2806"},"modified":"2025-10-10T09:43:21","modified_gmt":"2025-10-10T09:43:21","slug":"hand-pipe-bonsai-series-trans-prickly-pear-pot-glass-6-5inch","status":"publish","type":"product","link":"https:\/\/buyegglass.com\/es\/product\/hand-pipe-bonsai-series-trans-prickly-pear-pot-glass-6-5inch\/","title":{"rendered":"Hand Pipe Bonsai Series Trans Prickly Pear Pot Glass 6.5inch"},"content":{"rendered":"<h2>Hand Pipeline Bonsai Collection Trans Prickly Pear Pot Glass 6.5 inch.<\/h2>\n<p>La Hand Pipe Bonsai Series Trans Prickly Pear Pot Glass de 6,5 pulgadas es un art\u00edculo alegre y \u00fatil desarrollado para aquellos que disfrutan del arte \u00fanico en su colecci\u00f3n. Inspirada en el atractivo natural del cactus de pera irritable, esta pipa de cristal lleva las vibraciones del desierto a un accesorio para fumar de hoy en d\u00eda.<\/p>\n<p>Cada tuber\u00eda incluye un cuerpo de cactus ecol\u00f3gico transparente con detalles de cristal punteado que simulan la estructura real del cactus. Algunos estilos est\u00e1n decorados con delicados detalles de flores amarillas, lo que hace que el art\u00edculo sea visualmente sensacional desde todos los \u00e1ngulos. Los cactus se colocan en una maceta de cristal de colores vivos, disponible en azul oscuro, blanco puro, terroso ecol\u00f3gico y negro tradicional.<\/p>\n<p>Mano de obra imaginativa.<\/p>\n<p>Fabricada en resistente vidrio de borosilicato, la pipa no s\u00f3lo es llamativa, sino que tambi\u00e9n est\u00e1 hecha para un uso fiable. Su cuerpo de cactus transparente a\u00f1ade un aspecto caprichoso, mientras que la resistente base de maceta asegura el equilibrio y la comodidad durante el manejo. Cada contorno e informaci\u00f3n punteada est\u00e1 hecha a mano, lo que hace que cada pieza sea \u00fanica.<\/p>\n<p>Estilo pr\u00e1ctico.<\/p>\n<p>Con una altura de 6,5 pulgadas, esta pipa de mano es lo suficientemente compacta como para facilitar su movilidad, pero lo suficientemente grande como para ofrecer caladas suaves y agradables. La gran base en forma de olla le permite apoyarse con seguridad sobre cualquier superficie, minimizando el peligro de vuelco. Tanto si se presenta como punto focal como si se utiliza a diario, incorpora forma y funcionalidad.<\/p>\n<p>Imprescindible para una agencia de cobros.<\/p>\n<p>La colecci\u00f3n Bonsai consiste en transformar los accesorios de fumar cotidianos en obras de arte en miniatura. Este dise\u00f1o de pera irritable registra una est\u00e9tica fresca, que lo convierte en un elemento destacado de cualquier colecci\u00f3n. Es ideal para regalar o para cualquiera que desee disfrutar de la funcionalidad sin renunciar al dise\u00f1o.<\/p>\n<p>Aporte un toque de estilo des\u00e9rtico a sus sesiones con la Hand Pipe Bonsai Collection Trans Prickly Pear Pot Glass de 6,5 pulgadas, una excelente fusi\u00f3n de creatividad y funcionalidad.<\/p>","protected":false},"excerpt":{"rendered":"<article class=\"text-token-text-primary w-full focus:outline-none scroll-mt-[calc(var(--header-height)+min(200px,max(70px,20svh)))]\" dir=\"auto\" tabindex=\"-1\" data-turn-id=\"request-WEB:189daed7-ec2c-4ae9-8c56-b8e1300da73d-59\" data-testid=\"conversation-turn-102\" data-scroll-anchor=\"true\" data-turn=\"assistant\">\n<div class=\"text-base my-auto mx-auto pb-10 [--thread-content-margin:--spacing(4)] thread-sm:[--thread-content-margin:--spacing(6)] thread-lg:[--thread-content-margin:--spacing(16)] px-(--thread-content-margin)\">\n<div class=\"[--thread-content-max-width:40rem] thread-lg:[--thread-content-max-width:48rem] mx-auto max-w-(--thread-content-max-width) flex-1 group\/turn-messages focus-visible:outline-hidden relative flex w-full min-w-0 flex-col agent-turn\" tabindex=\"-1\">\n<div class=\"flex max-w-full flex-col grow\">\n<div class=\"min-h-8 text-message relative flex w-full flex-col items-end gap-2 text-start break-words whitespace-normal [.text-message+&amp;]:mt-5\" dir=\"auto\" data-message-author-role=\"assistant\" data-message-id=\"b1e42fbd-d54e-4fd5-856c-93a995ae5969\" data-message-model-slug=\"gpt-5-instant\">\n<div class=\"flex w-full flex-col gap-1 empty:hidden first:pt-[3px]\">\n<div class=\"markdown prose dark:prose-invert w-full break-words light markdown-new-styling\">\n<p data-start=\"0\" data-end=\"293\" data-is-last-node=\"\" data-is-only-node=\"\">Hand Pipe Bonsai Series Trans Prickly Pear Pot Glass 6.5inch features a cactus-inspired design with dotted texture and vibrant colors. Crafted from durable borosilicate glass, it blends artistry with function, making it a standout piece for collectors and users seeking style with performance.<\/p>\n<\/div>\n<\/div>\n<\/div>\n<\/div>\n<div class=\"z-0 flex min-h-[46px] justify-start\"><\/div>\n<div class=\"mt-3 w-full empty:hidden\">\n<div class=\"text-center\"><\/div>\n<\/div>\n<\/div>\n<\/div>\n<\/article>\n<div class=\"pointer-events-none h-px w-px\" aria-hidden=\"true\" data-edge=\"true\"><\/div>\n","protected":false},"featured_media":2809,"comment_status":"open","ping_status":"closed","template":"","meta":[],"product_brand":[],"product_cat":[43],"product_tag":[180,179,138],"class_list":{"0":"post-2806","1":"product","2":"type-product","3":"status-publish","4":"has-post-thumbnail","6":"product_cat-hand-pipe","7":"product_tag-borosilicate-glass-pipe","8":"product_tag-cactus-pot-pipe","9":"product_tag-glass-hand-pipe","11":"first","12":"instock","13":"shipping-taxable","14":"purchasable","15":"product-type-variable"},"_links":{"self":[{"href":"https:\/\/buyegglass.com\/es\/wp-json\/wp\/v2\/product\/2806","targetHints":{"allow":["GET"]}}],"collection":[{"href":"https:\/\/buyegglass.com\/es\/wp-json\/wp\/v2\/product"}],"about":[{"href":"https:\/\/buyegglass.com\/es\/wp-json\/wp\/v2\/types\/product"}],"replies":[{"embeddable":true,"href":"https:\/\/buyegglass.com\/es\/wp-json\/wp\/v2\/comments?post=2806"}],"wp:featuredmedia":[{"embeddable":true,"href":"https:\/\/buyegglass.com\/es\/wp-json\/wp\/v2\/media\/2809"}],"wp:attachment":[{"href":"https:\/\/buyegglass.com\/es\/wp-json\/wp\/v2\/media?parent=2806"}],"wp:term":[{"taxonomy":"product_brand","embeddable":true,"href":"https:\/\/buyegglass.com\/es\/wp-json\/wp\/v2\/product_brand?post=2806"},{"taxonomy":"product_cat","embeddable":true,"href":"https:\/\/buyegglass.com\/es\/wp-json\/wp\/v2\/product_cat?post=2806"},{"taxonomy":"product_tag","embeddable":true,"href":"https:\/\/buyegglass.com\/es\/wp-json\/wp\/v2\/product_tag?post=2806"}],"curies":[{"name":"wp","href":"https:\/\/api.w.org\/{rel}","templated":true}]}}