{"id":2782,"date":"2025-09-25T07:52:52","date_gmt":"2025-09-25T07:52:52","guid":{"rendered":"https:\/\/buyegglass.com\/?post_type=product&#038;p=2782"},"modified":"2025-10-10T09:28:05","modified_gmt":"2025-10-10T09:28:05","slug":"bong-bowls-slides-borosilicate-glass-angel-wings-glass","status":"publish","type":"product","link":"https:\/\/buyegglass.com\/es\/product\/bong-bowls-slides-borosilicate-glass-angel-wings-glass\/","title":{"rendered":"Bong Bowls &amp; Slides Vidrio Borosilicato Vidrio Alas de \u00c1ngel"},"content":{"rendered":"<h2>Bong Bowls &amp; Slides Vidrio Borosilicato Vidrio Alas de \u00c1ngel<\/h2>\n<p>El Bong Bowls &amp; Slides Borosilicate Glass Angel Wings Glass es un espectacular art\u00edculo de arte funcional que mezcla estilo y rendimiento. Fabricado en vidrio de borosilicato de primera calidad, este plato ofrece durabilidad y resistencia al calor, lo que garantiza que aguanta el uso diario manteniendo su calidad y forma. El atributo m\u00e1s destacado son sus alas de \u00e1ngel, hechas no s\u00f3lo para ofrecer un aspecto visual cautivador, sino tambi\u00e9n para proporcionar un manejo \u00fatil para un uso seguro y muy f\u00e1cil.<\/p>\n<p>Cada cuenco est\u00e1 disponible en una gama de tonos vivos, que le permitir\u00e1n combinar su arreglo o expresar su personalidad a trav\u00e9s de sus objetos de cristal. Las detalladas alas de \u00e1ngel est\u00e1n meticulosamente formadas, ofreciendo a la pieza un aspecto distinto, pr\u00e1cticamente celestial. Estas alas no son simplemente decorativas, sino que facilitan mucho el manejo del cuenco cuando est\u00e1 caliente, lo que incluye comodidad y funcionalidad.<\/p>\n<p>Caracter\u00edsticas y ventajas \u00fanicas<\/p>\n<p>El uso de vidrio de borosilicato garantiza una gran eficacia y resistencia al choque t\u00e9rmico. A diferencia del vidrio est\u00e1ndar, el borosilicato puede soportar altas temperaturas sin agrietarse, por lo que es una opci\u00f3n de confianza para cualquier sesi\u00f3n de fumar. La articulaci\u00f3n refinada asegura un ajuste apretado con muchos bongs t\u00edpicos y engranajes, mientras que el dise\u00f1o innovador ala eleva su arreglo de fumar cigarrillos en algo realmente creativo.<\/p>\n<p>Las cachimbas y los portaobjetos de este tipo son ideales para quienes aprecian los detalles y desean diferenciarse de la media. Tanto si se utiliza para sesiones individuales como si se comparte entre amigos, estimula el debate y mejora la experiencia. El cristal liso no s\u00f3lo a\u00f1ade belleza, sino que tambi\u00e9n facilita la limpieza, garantizando que su cazoleta se mantenga tan estupenda como el primer d\u00eda.<\/p>\n<p>El Bong Bowls &amp; Slides de vidrio borosilicato Angel Wings Glass combina longevidad, utilidad y arte en una pieza especial, lo que lo convierte en un complemento imprescindible para cualquier tipo de colecci\u00f3n.<\/p>","protected":false},"excerpt":{"rendered":"<p>Crafted from durable borosilicate glass, the Angel Wings bong bowls &amp; slides feature artistic wing handles for style and easy grip, available in vibrant colors to elevate your smoking setup with both beauty and function.<\/p>","protected":false},"featured_media":2788,"comment_status":"open","ping_status":"closed","template":"","meta":[],"product_brand":[],"product_cat":[45],"product_tag":[175,174,173],"class_list":{"0":"post-2782","1":"product","2":"type-product","3":"status-publish","4":"has-post-thumbnail","6":"product_cat-bong-bowls-slides","7":"product_tag-angel-wings","8":"product_tag-bong-slides","9":"product_tag-glass-bowl","11":"first","12":"instock","13":"shipping-taxable","14":"purchasable","15":"product-type-variable"},"_links":{"self":[{"href":"https:\/\/buyegglass.com\/es\/wp-json\/wp\/v2\/product\/2782","targetHints":{"allow":["GET"]}}],"collection":[{"href":"https:\/\/buyegglass.com\/es\/wp-json\/wp\/v2\/product"}],"about":[{"href":"https:\/\/buyegglass.com\/es\/wp-json\/wp\/v2\/types\/product"}],"replies":[{"embeddable":true,"href":"https:\/\/buyegglass.com\/es\/wp-json\/wp\/v2\/comments?post=2782"}],"wp:featuredmedia":[{"embeddable":true,"href":"https:\/\/buyegglass.com\/es\/wp-json\/wp\/v2\/media\/2788"}],"wp:attachment":[{"href":"https:\/\/buyegglass.com\/es\/wp-json\/wp\/v2\/media?parent=2782"}],"wp:term":[{"taxonomy":"product_brand","embeddable":true,"href":"https:\/\/buyegglass.com\/es\/wp-json\/wp\/v2\/product_brand?post=2782"},{"taxonomy":"product_cat","embeddable":true,"href":"https:\/\/buyegglass.com\/es\/wp-json\/wp\/v2\/product_cat?post=2782"},{"taxonomy":"product_tag","embeddable":true,"href":"https:\/\/buyegglass.com\/es\/wp-json\/wp\/v2\/product_tag?post=2782"}],"curies":[{"name":"wp","href":"https:\/\/api.w.org\/{rel}","templated":true}]}}