{"id":2746,"date":"2025-09-25T07:26:47","date_gmt":"2025-09-25T07:26:47","guid":{"rendered":"https:\/\/buyegglass.com\/?post_type=product&#038;p=2746"},"modified":"2025-10-10T08:24:25","modified_gmt":"2025-10-10T08:24:25","slug":"dab-oil-rigs-es2233-glass-11-inch-matrix-perc-bubbler-shop","status":"publish","type":"product","link":"https:\/\/buyegglass.com\/es\/product\/dab-oil-rigs-es2233-glass-11-inch-matrix-perc-bubbler-shop\/","title":{"rendered":"Dab Oil Rigs ES2233 Matrix Perc Bubbler de vidrio de 11 pulgadas Tienda"},"content":{"rendered":"<h2>Bit Oil Rigs ES2233 Burbujeador Matrix Perc de vidrio de 11 pulgadas<\/h2>\n<p>El Bit Oil Rigs ES2233 es un burbujeador de vidrio de borosilicato de 11 pulgadas fabricado para ofrecer longevidad, claridad y un rendimiento suave. Su cuerpo redondo alto incluye una base fuerte y una boquilla doblada aerodin\u00e1mica, asegurando la conveniencia a trav\u00e9s de cada uso. Construido con un percutor de matriz de precisi\u00f3n, este equipo ofrece una difusi\u00f3n ideal, creando golpes m\u00e1s suaves y frescos.<\/p>\n<p>Fabricado en grueso cristal de borosilicato, el Dab Oil Rigs ES2233 ofrece una fenomenal resistencia al calor y a la rotura, lo que lo convierte en una elecci\u00f3n fiable para las sesiones diarias. El dise\u00f1o de cristal transparente resalta su construcci\u00f3n ordenada y te permite apreciar el resultado est\u00e9tico del agua burbujeante mientras filtras cada inhalaci\u00f3n.<\/p>\n<p>\u00bfPor qu\u00e9 elegir el burbujeador ES2233 Matrix Perc?<\/p>\n<p>La funci\u00f3n m\u00e1s destacada de este dise\u00f1o de Dab Oil Rigs es su percutor matricial, dise\u00f1ado para aprovechar al m\u00e1ximo el flujo de aire y la filtraci\u00f3n. Al romper el humo en burbujas de menor tama\u00f1o, disminuye la violencia y proporciona una calada limpia y sabrosa. Tanto si eres un individuo experto como si simplemente est\u00e1s empezando, el Dab Oil Rigs ES2233 hace que cada sesi\u00f3n sea satisfactoria y fiable.<\/p>\n<p>Este art\u00edculo es asimismo extremadamente vers\u00e1til, encajando a la perfecci\u00f3n tanto en colecciones personales como como pieza de exposici\u00f3n para los fan\u00e1ticos que aprecian las gafas minimalistas pero de alto rendimiento. Su elevaci\u00f3n de 11 pulgadas logra el equilibrio perfecto entre movilidad y seguridad, garantizando que sea f\u00e1cil de manejar sin poner en peligro la capacidad.<\/p>\n<p>Con un movimiento de aire de flujo libre, un cuerpo de cristal duradero y un estilo cuidado, este burbujeador combina todo lo que desea en un art\u00edculo fiable.<\/p>\n<p>El Bit Oil Rigs ES2233 Glass Matrix Perc Bubbler es m\u00e1s que una simple herramienta para fumar - es una combinaci\u00f3n de arte, investigaci\u00f3n cient\u00edfica y robustez, dise\u00f1ada para proporcionarle golpes m\u00e1s suaves y limpios en cualquier momento.<\/p>","protected":false},"excerpt":{"rendered":"<p>Crafted from premium borosilicate glass, the Dab Oil Rigs ES2233 stands 11 inches tall with a durable matrix perc bubbler. Its clear cylindrical design ensures smooth diffusion, while the angled mouthpiece provides comfort. A modern, minimalist rig built for clean hits and reliable daily performance.<\/p>","protected":false},"featured_media":2750,"comment_status":"open","ping_status":"closed","template":"","meta":[],"product_brand":[],"product_cat":[41],"product_tag":[155,156,157],"class_list":{"0":"post-2746","1":"product","2":"type-product","3":"status-publish","4":"has-post-thumbnail","6":"product_cat-dab-oil-rigs","7":"product_tag-dab-oil-rigs","8":"product_tag-glass-bubbler","9":"product_tag-matrix-perc","11":"first","12":"instock","13":"shipping-taxable","14":"purchasable","15":"product-type-variable"},"_links":{"self":[{"href":"https:\/\/buyegglass.com\/es\/wp-json\/wp\/v2\/product\/2746","targetHints":{"allow":["GET"]}}],"collection":[{"href":"https:\/\/buyegglass.com\/es\/wp-json\/wp\/v2\/product"}],"about":[{"href":"https:\/\/buyegglass.com\/es\/wp-json\/wp\/v2\/types\/product"}],"replies":[{"embeddable":true,"href":"https:\/\/buyegglass.com\/es\/wp-json\/wp\/v2\/comments?post=2746"}],"wp:featuredmedia":[{"embeddable":true,"href":"https:\/\/buyegglass.com\/es\/wp-json\/wp\/v2\/media\/2750"}],"wp:attachment":[{"href":"https:\/\/buyegglass.com\/es\/wp-json\/wp\/v2\/media?parent=2746"}],"wp:term":[{"taxonomy":"product_brand","embeddable":true,"href":"https:\/\/buyegglass.com\/es\/wp-json\/wp\/v2\/product_brand?post=2746"},{"taxonomy":"product_cat","embeddable":true,"href":"https:\/\/buyegglass.com\/es\/wp-json\/wp\/v2\/product_cat?post=2746"},{"taxonomy":"product_tag","embeddable":true,"href":"https:\/\/buyegglass.com\/es\/wp-json\/wp\/v2\/product_tag?post=2746"}],"curies":[{"name":"wp","href":"https:\/\/api.w.org\/{rel}","templated":true}]}}