{"id":2734,"date":"2025-09-25T07:20:44","date_gmt":"2025-09-25T07:20:44","guid":{"rendered":"https:\/\/buyegglass.com\/?post_type=product&#038;p=2734"},"modified":"2025-10-10T09:40:10","modified_gmt":"2025-10-10T09:40:10","slug":"hand-pipe-bonsai-series-pot-hand-pipe-borosilicate-glass","status":"publish","type":"product","link":"https:\/\/buyegglass.com\/es\/product\/hand-pipe-bonsai-series-pot-hand-pipe-borosilicate-glass\/","title":{"rendered":"Pipa de mano Serie Bonsai Maceta Pipa de mano Vidrio de borosilicato"},"content":{"rendered":"<h2>Tuber\u00eda manual Colecci\u00f3n Bonsai Maceta Tuber\u00eda manual Vidrio borosilicato<\/h2>\n<p>Hand Pipe Bonsai Collection Pot Hand Pipe Borosilicate Glass integra la creatividad imaginativa con el dise\u00f1o pr\u00e1ctico, proporcionando un art\u00edculo especial inspirado en las plantas bons\u00e1i. Estas pipas de mano parecen mini macetas, con vivos detalles de cristal que imitan el crecimiento natural. Cada pieza destaca por sus cuidadas hojas y elementos ornamentales, que aportan un toque de naturaleza a su experiencia de fumar.<\/p>\n<p>Fabricada con vidrio de borosilicato de primera calidad, esta tuber\u00eda de mano est\u00e1 pensada para durar. El vidrio de borosilicato es famoso por su durabilidad y resistencia al calor, lo que garantiza que la pieza aguante el uso diario sin perder su estabilidad creativa. La superficie lisa facilita la limpieza y el mantenimiento, ofreci\u00e9ndole una opci\u00f3n fiable y f\u00e1cil de cuidar.<\/p>\n<p>La Hand Pipe Bonsai Collection Pot Hand Pipe Borosilicate Glass es compacta y m\u00f3vil, lo que la convierte en una elecci\u00f3n pr\u00e1ctica para las sesiones sobre la marcha. Su dise\u00f1o ergon\u00f3mico ofrece un agarre c\u00f3modo, mientras que la base en forma de maceta garantiza la seguridad. La secci\u00f3n frontal detallada a\u00f1ade estilo visual, convirtiendo la pipa de mano en algo m\u00e1s que un accesorio pr\u00e1ctico: tambi\u00e9n es un art\u00edculo atractivo que se puede presentar con orgullo.<\/p>\n<p>Estas tuber\u00edas de mano vienen en una variedad de colores vivos, que consiste en ecol\u00f3gico, rosa, naranja, y mucho m\u00e1s, lo que le permite elegir un dise\u00f1o que se adapte a su estilo individual. El motivo de bonsai incluye una capa simb\u00f3lica de la creatividad y el desarrollo, por lo que es no s\u00f3lo un dispositivo de fumar cigarrillos sin embargo, tambi\u00e9n una novedad.<\/p>\n<p>Para los entusiastas que aprecian tanto la funcionalidad como el estilo, la Hand Pipe Bonsai Series Pot Hand Pipe Borosilicate Glass es una magn\u00edfica elecci\u00f3n. Combina el arte con la utilidad, proporcionando una eficacia suave, durabilidad y una est\u00e9tica en\u00e9rgica. Tanto si se utiliza a diario como si se colecciona como componente de una serie de vasos art\u00edsticos, esta pipa de mano proporciona una experiencia \u00fanica y placentera.<\/p>","protected":false},"excerpt":{"rendered":"<p>Hand Pipe Bonsai Series Pot Hand Pipe Borosilicate Glass blends creative bonsai-inspired design with durable glass. Compact, portable, and heat resistant, it offers smooth draws and easy cleaning. Available in vibrant colors, this hand pipe is both a functional tool and a decorative collectible.<\/p>","protected":false},"featured_media":2739,"comment_status":"open","ping_status":"closed","template":"","meta":[],"product_brand":[],"product_cat":[43],"product_tag":[151,139,138],"class_list":{"0":"post-2734","1":"product","2":"type-product","3":"status-publish","4":"has-post-thumbnail","6":"product_cat-hand-pipe","7":"product_tag-bonsai-hand-pipe","8":"product_tag-borosilicate-pipe","9":"product_tag-glass-hand-pipe","11":"first","12":"instock","13":"shipping-taxable","14":"purchasable","15":"product-type-variable"},"_links":{"self":[{"href":"https:\/\/buyegglass.com\/es\/wp-json\/wp\/v2\/product\/2734","targetHints":{"allow":["GET"]}}],"collection":[{"href":"https:\/\/buyegglass.com\/es\/wp-json\/wp\/v2\/product"}],"about":[{"href":"https:\/\/buyegglass.com\/es\/wp-json\/wp\/v2\/types\/product"}],"replies":[{"embeddable":true,"href":"https:\/\/buyegglass.com\/es\/wp-json\/wp\/v2\/comments?post=2734"}],"wp:featuredmedia":[{"embeddable":true,"href":"https:\/\/buyegglass.com\/es\/wp-json\/wp\/v2\/media\/2739"}],"wp:attachment":[{"href":"https:\/\/buyegglass.com\/es\/wp-json\/wp\/v2\/media?parent=2734"}],"wp:term":[{"taxonomy":"product_brand","embeddable":true,"href":"https:\/\/buyegglass.com\/es\/wp-json\/wp\/v2\/product_brand?post=2734"},{"taxonomy":"product_cat","embeddable":true,"href":"https:\/\/buyegglass.com\/es\/wp-json\/wp\/v2\/product_cat?post=2734"},{"taxonomy":"product_tag","embeddable":true,"href":"https:\/\/buyegglass.com\/es\/wp-json\/wp\/v2\/product_tag?post=2734"}],"curies":[{"name":"wp","href":"https:\/\/api.w.org\/{rel}","templated":true}]}}