{"id":2721,"date":"2025-09-25T07:15:54","date_gmt":"2025-09-25T07:15:54","guid":{"rendered":"https:\/\/buyegglass.com\/?post_type=product&#038;p=2721"},"modified":"2025-10-10T09:26:22","modified_gmt":"2025-10-10T09:26:22","slug":"bong-bowls-slides-pure-mushroom-handle-glass-borosilicate","status":"publish","type":"product","link":"https:\/\/buyegglass.com\/es\/product\/bong-bowls-slides-pure-mushroom-handle-glass-borosilicate\/","title":{"rendered":"Bong Bowls &amp; Slides Vidrio Borosilicato Puro con Mango de Seta"},"content":{"rendered":"<h2>Bong Bowls &amp; Slides Vidrio Borosilicato Puro con Mango de Seta<\/h2>\n<p>Bong Bowls &amp; Slides Pure Mushroom Mango de vidrio borosilicato son una adici\u00f3n creativa y de moda a cualquier tipo de colecci\u00f3n de vidrio. Estos cuencos est\u00e1n hechos con cuidado alargado inspirado en setas enfatizado con atractivas burbujas de vidrio, d\u00e1ndoles un aspecto distinto e imaginativo. F\u00e1cilmente disponibles en una selecci\u00f3n de tonos llamativos como el rojo, p\u00farpura, azul, amarillo y respetuoso del medio ambiente, a\u00f1aden un toque animado a la configuraci\u00f3n de su cachimba, mientras que la preservaci\u00f3n de la practicidad.<\/p>\n<p>Fabricados con vidrio de borosilicato, estos cuencos y portavasos est\u00e1n hechos para durar. El vidrio de borosilicato es conocido por su robustez y resistencia al calor, por lo que estos accesorios dignos de confianza para el uso diario. El acabado liso y la construcci\u00f3n robusta garantizan un rendimiento constante, mientras que el dise\u00f1o de seta proporciona tanto dise\u00f1o como rendimiento.<\/p>\n<p>El mango prolongado no s\u00f3lo incluye una apariencia creativa caprichosa, sino que tambi\u00e9n facilita el manejo, protegiendo los dedos del calor durante el uso. Los detalles decorativos de la burbuja a lo largo del trato con mejorar la sujeci\u00f3n y desarrollar una textura \u00fanica en su tipo, por lo que cada elemento visualmente atractivo y sensible al mismo tiempo.<\/p>\n<p>Estas cazoletas y correderas de bong est\u00e1n dise\u00f1adas para una carga muy f\u00e1cil y un movimiento suave del aire. El tama\u00f1o de la cazoleta proporciona una capacidad ben\u00e9fica, mientras que la junta pulida garantiza un ajuste seguro con tu bong. Sus dise\u00f1os creativos hacen que sean una novedad excepcional, destacando como algo m\u00e1s que dispositivos \u00fatiles - tambi\u00e9n son mejoras art\u00edsticas para su colecci\u00f3n.<\/p>\n<p>La limpieza y el mantenimiento son sencillos gracias a la superficie lisa de borosilicato, lo que garantiza un rendimiento duradero. Tanto si eres una persona ocasional como un coleccionista de vasos distintos, los Bong Bowls &amp; Slides Pure Mushroom Take Care Of Glass Borosilicate son una excelente elecci\u00f3n. Incorporan resistencia, capacidad y estilo creativo en un dispositivo solitario que potencia tanto el dise\u00f1o como la experiencia de fumar cigarrillos.<\/p>","protected":false},"excerpt":{"rendered":"<p>Bong Bowls &amp; Slides Pure Mushroom Handle Glass Borosilicate feature vibrant colors and unique bubble-decorated handles. Durable, heat resistant, and easy to use, these artistic bowls combine function with creative design, offering smooth airflow and a stylish upgrade to any bong setup.<\/p>","protected":false},"featured_media":2723,"comment_status":"open","ping_status":"closed","template":"","meta":[],"product_brand":[],"product_cat":[45],"product_tag":[132,133,148],"class_list":{"0":"post-2721","1":"product","2":"type-product","3":"status-publish","4":"has-post-thumbnail","6":"product_cat-bong-bowls-slides","7":"product_tag-bong-bowl","8":"product_tag-glass-slide","9":"product_tag-mushroom-handle","11":"first","12":"instock","13":"shipping-taxable","14":"purchasable","15":"product-type-variable"},"_links":{"self":[{"href":"https:\/\/buyegglass.com\/es\/wp-json\/wp\/v2\/product\/2721","targetHints":{"allow":["GET"]}}],"collection":[{"href":"https:\/\/buyegglass.com\/es\/wp-json\/wp\/v2\/product"}],"about":[{"href":"https:\/\/buyegglass.com\/es\/wp-json\/wp\/v2\/types\/product"}],"replies":[{"embeddable":true,"href":"https:\/\/buyegglass.com\/es\/wp-json\/wp\/v2\/comments?post=2721"}],"wp:featuredmedia":[{"embeddable":true,"href":"https:\/\/buyegglass.com\/es\/wp-json\/wp\/v2\/media\/2723"}],"wp:attachment":[{"href":"https:\/\/buyegglass.com\/es\/wp-json\/wp\/v2\/media?parent=2721"}],"wp:term":[{"taxonomy":"product_brand","embeddable":true,"href":"https:\/\/buyegglass.com\/es\/wp-json\/wp\/v2\/product_brand?post=2721"},{"taxonomy":"product_cat","embeddable":true,"href":"https:\/\/buyegglass.com\/es\/wp-json\/wp\/v2\/product_cat?post=2721"},{"taxonomy":"product_tag","embeddable":true,"href":"https:\/\/buyegglass.com\/es\/wp-json\/wp\/v2\/product_tag?post=2721"}],"curies":[{"name":"wp","href":"https:\/\/api.w.org\/{rel}","templated":true}]}}