{"id":2706,"date":"2025-09-25T07:10:21","date_gmt":"2025-09-25T07:10:21","guid":{"rendered":"https:\/\/buyegglass.com\/?post_type=product&#038;p=2706"},"modified":"2025-10-10T09:35:04","modified_gmt":"2025-10-10T09:35:04","slug":"es2229-7-inch-height-tiny-gorgeous-water-pipe-free-shipping","status":"publish","type":"product","link":"https:\/\/buyegglass.com\/es\/product\/es2229-7-inch-height-tiny-gorgeous-water-pipe-free-shipping\/","title":{"rendered":"ES2229 7 pulgadas de altura peque\u00f1a pipa de agua preciosa env\u00edo gratis"},"content":{"rendered":"<h2>ES2229 Tiny Gorgeous Pipes de 7 pulgadas de altura Env\u00edo gratuito<\/h2>\n<p>El ES2229 7 pulgadas de altura poco hermosas tuber\u00edas es un elemento elegante, peque\u00f1o y pr\u00e1ctico que combina la comodidad con virtuosismo vibrante. Dise\u00f1ado con llamativos patrones de zigzag y remolino en tonos vibrantes como el medio ambiente, naranja, negro y rojo, esta tuber\u00eda hace una declaraci\u00f3n audaz al tiempo que proporciona un excelente rendimiento.<\/p>\n<p>Con s\u00f3lo 7 pulgadas de alto, este peque\u00f1o y encantador tubo es perfecto para aquellos que quieren una opci\u00f3n port\u00e1til pero eficiente. El peque\u00f1o tama\u00f1o hace que sea f\u00e1cil de transportar, almacenar o mostrar sin ocupar mucho espacio. A pesar de su menor altura, el tubo se hace a mano para proporcionar golpes suaves, con su base robusta haciendo cierta seguridad durante todo el uso.<\/p>\n<p>Fabricada con vidrio de borosilicato de primera calidad, la pipa de agua ES2229 proporciona resistencia al calor y longevidad. Su boquilla inclinada ergon\u00f3mica se ha creado para mayor comodidad, mientras que la gran c\u00e1mara ofrece un flujo de aire constante para atraer m\u00e1s suavidad. El plato de vidrio transparente junto con el cuerpo art\u00edstico destaca tanto la caracter\u00edstica como el dise\u00f1o, lo que la convierte en un art\u00edculo ideal para el uso diario o como componente de una colecci\u00f3n.<\/p>\n<p>El ES2229 7 pulgadas de altura peque\u00f1os tubos encantadora es, adem\u00e1s, f\u00e1cil de limpiar y mantener, muchos gracias a su edificio de vidrio y la construcci\u00f3n y las piezas desmontables. Si usted es un principiante o un usuario experto, su configuraci\u00f3n simple y dise\u00f1o \u00fatil hacen una opci\u00f3n confiable.<\/p>\n<p>La entrega gratuita hace que este producto llame a\u00fan m\u00e1s la atenci\u00f3n, ya que ofrece alta calidad y valor sin costes sorpresa. Su estilo \u00fanico, colores vivos y tama\u00f1o port\u00e1til garantizan que atraiga la atenci\u00f3n como un dispositivo \u00fatil y un art\u00edculo ornamental de arte en vidrio.<\/p>\n<p>Elija el ES2229 7 pulgadas de altura peque\u00f1a pipa de agua preciosa si usted est\u00e1 tratando de encontrar un port\u00e1til, creativo, y de buena reputaci\u00f3n cigarrillos dispositivo que integra la dureza, la sencillez de uso, y el dise\u00f1o.<\/p>","protected":false},"excerpt":{"rendered":"<p>ES2229 7 inch height tiny gorgeous water pipe free shipping features bold swirl patterns with green accents. Made from durable borosilicate glass, it offers smooth hits, portability, and easy cleaning. Compact yet stylish, this water pipe blends performance with artistic design for everyday use.<\/p>","protected":false},"featured_media":2716,"comment_status":"open","ping_status":"closed","template":"","meta":[],"product_brand":[],"product_cat":[15],"product_tag":[119,147,110],"class_list":{"0":"post-2706","1":"product","2":"type-product","3":"status-publish","4":"has-post-thumbnail","6":"product_cat-uncategorized","7":"product_tag-glass-bong","8":"product_tag-mini-pipe","9":"product_tag-water-pipe","11":"first","12":"instock","13":"shipping-taxable","14":"purchasable","15":"product-type-variable"},"_links":{"self":[{"href":"https:\/\/buyegglass.com\/es\/wp-json\/wp\/v2\/product\/2706","targetHints":{"allow":["GET"]}}],"collection":[{"href":"https:\/\/buyegglass.com\/es\/wp-json\/wp\/v2\/product"}],"about":[{"href":"https:\/\/buyegglass.com\/es\/wp-json\/wp\/v2\/types\/product"}],"replies":[{"embeddable":true,"href":"https:\/\/buyegglass.com\/es\/wp-json\/wp\/v2\/comments?post=2706"}],"wp:featuredmedia":[{"embeddable":true,"href":"https:\/\/buyegglass.com\/es\/wp-json\/wp\/v2\/media\/2716"}],"wp:attachment":[{"href":"https:\/\/buyegglass.com\/es\/wp-json\/wp\/v2\/media?parent=2706"}],"wp:term":[{"taxonomy":"product_brand","embeddable":true,"href":"https:\/\/buyegglass.com\/es\/wp-json\/wp\/v2\/product_brand?post=2706"},{"taxonomy":"product_cat","embeddable":true,"href":"https:\/\/buyegglass.com\/es\/wp-json\/wp\/v2\/product_cat?post=2706"},{"taxonomy":"product_tag","embeddable":true,"href":"https:\/\/buyegglass.com\/es\/wp-json\/wp\/v2\/product_tag?post=2706"}],"curies":[{"name":"wp","href":"https:\/\/api.w.org\/{rel}","templated":true}]}}