{"id":2679,"date":"2025-09-25T06:25:46","date_gmt":"2025-09-25T06:25:46","guid":{"rendered":"https:\/\/buyegglass.com\/?post_type=product&#038;p=2679"},"modified":"2025-10-10T09:36:53","modified_gmt":"2025-10-10T09:36:53","slug":"hand-pipe-solid-mushroom-hand-pipe-borosilicate-glass-bsh03","status":"publish","type":"product","link":"https:\/\/buyegglass.com\/es\/product\/hand-pipe-solid-mushroom-hand-pipe-borosilicate-glass-bsh03\/","title":{"rendered":"Pipa de Mano S\u00f3lida Champi\u00f1\u00f3n Pipa de Mano de Vidrio de Borosilicato BSH03"},"content":{"rendered":"<h2>Tuber\u00eda de mano seta fuerte Tuber\u00eda de mano vidrio borosilicato BSH03<\/h2>\n<p>La tuber\u00eda de mano de vidrio de borosilicato BSH03 aporta un toque divertido e imaginativo a su colecci\u00f3n de cigarrillos. Dise\u00f1adas para parecerse a setas vivas, estas pipas de mano integran una est\u00e9tica en\u00e9rgica con la longevidad del vidrio borosilicato. Cada art\u00edculo incluye motivos \u00fanicos, como atrevidos lunares y rayas rojas verticales, que se ofrecen en llamativas combinaciones de colores como el ecol\u00f3gico, el azul, el negro y el blanco.<\/p>\n<p>Fabricada con vidrio de borosilicato de alta calidad, esta tuber\u00eda de mano garantiza tanto la resistencia al calor como un uso duradero. Su robusta construcci\u00f3n la hace apta para sesiones rutinarias, mientras que sus reducidas dimensiones proporcionan portabilidad y comodidad. Su forma, inspirada en una seta, no s\u00f3lo es bella, sino que adem\u00e1s ofrece un agarre ergon\u00f3mico, lo que hace que sea c\u00f3modo de sostener durante su uso.<\/p>\n<p>La Hand Pipeline Solid Mushroom Hand Pipe Borosilicate Glass BSH03 est\u00e1 hecha para funcionar sin problemas. La cazoleta bien elaborada permite una carga uniforme, mientras que el sistema de flujo de aire garantiza una atracci\u00f3n constante y una experiencia de fumada satisfactoria. Con su estructura f\u00e1cil de limpiar, el mantenimiento de esta pipa de mano es sencillo, asegurando sesiones frescas cada vez.<\/p>\n<p>Esta gafa es m\u00e1s que un simple dispositivo; tambi\u00e9n es un dispositivo atractivo. Su vibrante dise\u00f1o lo convierte en un art\u00edculo destacado en cualquier colecci\u00f3n de gafas, atrayendo tanto a personas informales como a entusiastas. Tanto si se presenta en un estante como si se utiliza de forma habitual, aporta personalidad e imaginaci\u00f3n a su r\u00e9gimen de fumar cigarrillos.<\/p>\n<p>La pipa de vidrio de borosilicato BSH03 de Hand Pipeline Strong Mushroom es perfecta para los que aprecian los dise\u00f1os especiales sin renunciar a la calidad. Compacta, duradera y elegante, es una selecci\u00f3n fant\u00e1stica para usar en casa o de viaje. Combinando arte y utilidad, esta pipa con forma de seta es una excelente adici\u00f3n a la colecci\u00f3n de cualquier tipo de fumador.<\/p>","protected":false},"excerpt":{"rendered":"<p>Hand Pipe Solid Mushroom Hand Pipe Borosilicate Glass BSH03 combines playful mushroom-inspired design with durable borosilicate glass. Compact, portable, and heat resistant, it offers smooth draws, easy cleaning, and a stylish look with fun color options, making it both functional and collectible.<\/p>","protected":false},"featured_media":2682,"comment_status":"open","ping_status":"closed","template":"","meta":[],"product_brand":[],"product_cat":[43],"product_tag":[139,138,137],"class_list":{"0":"post-2679","1":"product","2":"type-product","3":"status-publish","4":"has-post-thumbnail","6":"product_cat-hand-pipe","7":"product_tag-borosilicate-pipe","8":"product_tag-glass-hand-pipe","9":"product_tag-mushroom-hand-pipe","11":"first","12":"instock","13":"shipping-taxable","14":"purchasable","15":"product-type-variable"},"_links":{"self":[{"href":"https:\/\/buyegglass.com\/es\/wp-json\/wp\/v2\/product\/2679","targetHints":{"allow":["GET"]}}],"collection":[{"href":"https:\/\/buyegglass.com\/es\/wp-json\/wp\/v2\/product"}],"about":[{"href":"https:\/\/buyegglass.com\/es\/wp-json\/wp\/v2\/types\/product"}],"replies":[{"embeddable":true,"href":"https:\/\/buyegglass.com\/es\/wp-json\/wp\/v2\/comments?post=2679"}],"wp:featuredmedia":[{"embeddable":true,"href":"https:\/\/buyegglass.com\/es\/wp-json\/wp\/v2\/media\/2682"}],"wp:attachment":[{"href":"https:\/\/buyegglass.com\/es\/wp-json\/wp\/v2\/media?parent=2679"}],"wp:term":[{"taxonomy":"product_brand","embeddable":true,"href":"https:\/\/buyegglass.com\/es\/wp-json\/wp\/v2\/product_brand?post=2679"},{"taxonomy":"product_cat","embeddable":true,"href":"https:\/\/buyegglass.com\/es\/wp-json\/wp\/v2\/product_cat?post=2679"},{"taxonomy":"product_tag","embeddable":true,"href":"https:\/\/buyegglass.com\/es\/wp-json\/wp\/v2\/product_tag?post=2679"}],"curies":[{"name":"wp","href":"https:\/\/api.w.org\/{rel}","templated":true}]}}