{"id":2663,"date":"2025-09-25T06:11:07","date_gmt":"2025-09-25T06:11:07","guid":{"rendered":"https:\/\/buyegglass.com\/?post_type=product&#038;p=2663"},"modified":"2025-10-10T09:35:37","modified_gmt":"2025-10-10T09:35:37","slug":"dab-oil-rigs-glass-es2228-6inch-transparent-mind-blowing-rig","status":"publish","type":"product","link":"https:\/\/buyegglass.com\/es\/product\/dab-oil-rigs-glass-es2228-6inch-transparent-mind-blowing-rig\/","title":{"rendered":"Dab Oil Rigs Vidrio ES2228 6Inch Transparente Mind-Blowing Rig"},"content":{"rendered":"<h2>Dab Oil Rigs Vidrio ES2228 6Inch Transparente Terrific Rig<\/h2>\n<p>Dab Oil Rigs Glass ES2228 6Inch Transparent Wonderful Gear es un art\u00edculo creativo y \u00fatil hecho para elevar cada sesi\u00f3n. Fabricado a partir de vidrio de borosilicato de alta calidad, este rig incorpora resistencia con un dise\u00f1o din\u00e1mico y fascinante. El cuerpo incluye fuertes patrones de remolino en tonos llamativos como el p\u00farpura y el amarillo, desarrollando una experiencia visual a la altura del rendimiento que proporciona.<\/p>\n<p>Con una altura de 15 cm, este aparejo es port\u00e1til pero eficaz. Su boquilla ergon\u00f3mica en \u00e1ngulo hace que sea muy f\u00e1cil de manejar, mientras que la amplia base garantiza el equilibrio y la estabilidad. La disposici\u00f3n de cristal transparente permite a los clientes ver la actividad del vapor en su interior, a\u00f1adiendo emoci\u00f3n total al uso. Con Bit Oil Rigs, se obtiene una excelente mezcla de dise\u00f1o, transportabilidad y funcionalidad.<\/p>\n<p>El Dab Oil Rigs Glass ES2228 6Inch Transparent Terrific Rig est\u00e1 creado para proporcionar caladas suaves y sabrosas en cualquier momento. Su gruesa construcci\u00f3n de vidrio de borosilicato asegura la resistencia al calor y la longevidad, por lo que es de confianza para un uso duradero. La gran c\u00e1mara proporciona movimiento de aire excepcional, mejorando tanto el sabor y la producci\u00f3n de vapor.<\/p>\n<p>Tanto si es un principiante como un experto, este equipo proporciona una experiencia agradable con un mantenimiento sencillo. Sus componentes desmontables permiten una f\u00e1cil limpieza, manteniendo sus sesiones frescas y agradables. Los imaginativos detalles en espiral lo convierten no s\u00f3lo en un equipo, sino tambi\u00e9n en un elemento destacado en cualquier tipo de colecci\u00f3n.<\/p>\n<p>Perfecto para viajar o para uso dom\u00e9stico, el Dab Oil Rigs Glass ES2228 6Inch Transparent Fantastic Gear equilibra la transportabilidad con el rendimiento. Econ\u00f3mico, elegante y eficaz, es imprescindible para cualquiera que desee actualizar su configuraci\u00f3n con una pieza peque\u00f1a pero cautivadora.<\/p>","protected":false},"excerpt":{"rendered":"<p>Dab Oil Rigs Glass ES2228 6Inch Transparent Mind-Blowing Rig features bold swirl designs, durable borosilicate glass, and compact size for smooth, flavorful hits. Perfect for travel, stylish and easy to use, this rig balances performance and portability for both beginners and experienced users.<\/p>","protected":false},"featured_media":2665,"comment_status":"open","ping_status":"closed","template":"","meta":[],"product_brand":[],"product_cat":[41],"product_tag":[130,128,129],"class_list":{"0":"post-2663","1":"product","2":"type-product","3":"status-publish","4":"has-post-thumbnail","6":"product_cat-dab-oil-rigs","7":"product_tag-6-inch-rig","8":"product_tag-dab-oil-rig","9":"product_tag-glass-rig","11":"first","12":"instock","13":"shipping-taxable","14":"purchasable","15":"product-type-variable"},"_links":{"self":[{"href":"https:\/\/buyegglass.com\/es\/wp-json\/wp\/v2\/product\/2663","targetHints":{"allow":["GET"]}}],"collection":[{"href":"https:\/\/buyegglass.com\/es\/wp-json\/wp\/v2\/product"}],"about":[{"href":"https:\/\/buyegglass.com\/es\/wp-json\/wp\/v2\/types\/product"}],"replies":[{"embeddable":true,"href":"https:\/\/buyegglass.com\/es\/wp-json\/wp\/v2\/comments?post=2663"}],"wp:featuredmedia":[{"embeddable":true,"href":"https:\/\/buyegglass.com\/es\/wp-json\/wp\/v2\/media\/2665"}],"wp:attachment":[{"href":"https:\/\/buyegglass.com\/es\/wp-json\/wp\/v2\/media?parent=2663"}],"wp:term":[{"taxonomy":"product_brand","embeddable":true,"href":"https:\/\/buyegglass.com\/es\/wp-json\/wp\/v2\/product_brand?post=2663"},{"taxonomy":"product_cat","embeddable":true,"href":"https:\/\/buyegglass.com\/es\/wp-json\/wp\/v2\/product_cat?post=2663"},{"taxonomy":"product_tag","embeddable":true,"href":"https:\/\/buyegglass.com\/es\/wp-json\/wp\/v2\/product_tag?post=2663"}],"curies":[{"name":"wp","href":"https:\/\/api.w.org\/{rel}","templated":true}]}}