{"id":2604,"date":"2025-09-25T03:11:00","date_gmt":"2025-09-25T03:11:00","guid":{"rendered":"https:\/\/buyegglass.com\/?post_type=product&#038;p=2604"},"modified":"2025-10-10T09:25:39","modified_gmt":"2025-10-10T09:25:39","slug":"bong-bowls-slides-paul-frank-bowl-borosilicate-glass-buy","status":"publish","type":"product","link":"https:\/\/buyegglass.com\/es\/product\/bong-bowls-slides-paul-frank-bowl-borosilicate-glass-buy\/","title":{"rendered":"Bong Bowls &amp; Slides Paul Frank Bowl Borosilicate Glass Comprar"},"content":{"rendered":"<h2 data-start=\"233\" data-end=\"290\">Bong Bowls &amp; Slides Paul Frank Bowl Vidrio borosilicato<\/h2>\n<p data-start=\"292\" data-end=\"585\">En <strong data-start=\"296\" data-end=\"315\">Taz\u00f3n Paul Frank<\/strong> es un accesorio divertido y elegante fabricado en vidrio borosilicato de primera calidad, dise\u00f1ado para aportar personalidad a su instalaci\u00f3n. Con sus atrevidos colores, su expresivo dise\u00f1o facial y su detallado trabajo en vidrio, esta pieza destaca tanto como herramienta funcional como pieza de arte coleccionable.<\/p>\n<p data-start=\"587\" data-end=\"963\">Fabricada con vidrio de borosilicato resistente al calor, ofrece durabilidad y consistencia para el uso diario. La fuerte estructura de vidrio garantiza que pueda soportar el calentamiento y enfriamiento regulares sin agrietarse, mientras que el interior liso promueve una quemadura uniforme. El colorido dise\u00f1o de la cara esculpida a\u00f1ade un car\u00e1cter \u00fanico, haciendo de este cuenco algo m\u00e1s que un simple accesorio, es una pieza \u00fanica.<\/p>\n<p data-start=\"965\" data-end=\"1325\">En el marco de la <strong data-start=\"980\" data-end=\"1003\">bong bowls &amp; slides<\/strong> se adapta perfectamente a las pipas de agua y a los rigs est\u00e1ndar, ofreciendo a los usuarios la flexibilidad de cambiar de cazoleta manteniendo la compatibilidad. La conexi\u00f3n ce\u00f1ida garantiza un ajuste seguro, evitando fugas de flujo de aire y favoreciendo una calada suave. La cazoleta es f\u00e1cil de manejar y de limpiar, y est\u00e1 dise\u00f1ada para un uso repetido.<\/p>\n<p data-start=\"1327\" data-end=\"1649\">Este cuenco de Paul Frank est\u00e1 disponible en una gran variedad de divertidos colores, para que los usuarios puedan combinarlos con su personalidad o su colecci\u00f3n. Cada pieza est\u00e1 acabada a mano, lo que garantiza que no haya dos cuencos exactamente iguales. Tanto los coleccionistas como los usuarios ocasionales apreciar\u00e1n los detalles creativos y el rendimiento fiable que ofrece el vidrio de borosilicato.<\/p>\n<p data-start=\"1651\" data-end=\"2005\">Tanto si desea actualizar su instalaci\u00f3n, sustituir un cuenco antiguo o ampliar su colecci\u00f3n, este producto ofrece una combinaci\u00f3n perfecta de durabilidad y arte. <strong data-start=\"1813\" data-end=\"1836\">Cazoletas y deslizadores<\/strong> como \u00e9ste son ideales para quienes desean una funci\u00f3n fiable con un dise\u00f1o distintivo. El bol Paul Frank ofrece ambas cosas en un dise\u00f1o compacto, colorido y duradero.<\/p>","protected":false},"excerpt":{"rendered":"<p>The Paul Frank Bowl made from borosilicate glass is a fun and durable addition to bong bowls &amp; slides. With bold colors and sculpted details, it offers a secure fit, smooth use, and artistic style, making it a standout accessory for everyday sessions or collection displays.<\/p>","protected":false},"featured_media":2607,"comment_status":"open","ping_status":"closed","template":"","meta":[],"product_brand":[],"product_cat":[45],"product_tag":[159,176,160],"class_list":{"0":"post-2604","1":"product","2":"type-product","3":"status-publish","4":"has-post-thumbnail","6":"product_cat-bong-bowls-slides","7":"product_tag-bong-bowls","8":"product_tag-borosilicate-bowl","9":"product_tag-glass-slides","11":"first","12":"instock","13":"shipping-taxable","14":"purchasable","15":"product-type-variable"},"_links":{"self":[{"href":"https:\/\/buyegglass.com\/es\/wp-json\/wp\/v2\/product\/2604","targetHints":{"allow":["GET"]}}],"collection":[{"href":"https:\/\/buyegglass.com\/es\/wp-json\/wp\/v2\/product"}],"about":[{"href":"https:\/\/buyegglass.com\/es\/wp-json\/wp\/v2\/types\/product"}],"replies":[{"embeddable":true,"href":"https:\/\/buyegglass.com\/es\/wp-json\/wp\/v2\/comments?post=2604"}],"wp:featuredmedia":[{"embeddable":true,"href":"https:\/\/buyegglass.com\/es\/wp-json\/wp\/v2\/media\/2607"}],"wp:attachment":[{"href":"https:\/\/buyegglass.com\/es\/wp-json\/wp\/v2\/media?parent=2604"}],"wp:term":[{"taxonomy":"product_brand","embeddable":true,"href":"https:\/\/buyegglass.com\/es\/wp-json\/wp\/v2\/product_brand?post=2604"},{"taxonomy":"product_cat","embeddable":true,"href":"https:\/\/buyegglass.com\/es\/wp-json\/wp\/v2\/product_cat?post=2604"},{"taxonomy":"product_tag","embeddable":true,"href":"https:\/\/buyegglass.com\/es\/wp-json\/wp\/v2\/product_tag?post=2604"}],"curies":[{"name":"wp","href":"https:\/\/api.w.org\/{rel}","templated":true}]}}