{"id":2565,"date":"2025-09-25T02:54:28","date_gmt":"2025-09-25T02:54:28","guid":{"rendered":"https:\/\/buyegglass.com\/?post_type=product&#038;p=2565"},"modified":"2025-10-10T09:34:32","modified_gmt":"2025-10-10T09:34:32","slug":"es2227-colorful-wig-wag-patterns-water-pipe-is-6-inch-height","status":"publish","type":"product","link":"https:\/\/buyegglass.com\/es\/product\/es2227-colorful-wig-wag-patterns-water-pipe-is-6-inch-height\/","title":{"rendered":"ES2227 peluca de colores wag patrones de tuber\u00eda de agua es de 6 pulgadas de altura"},"content":{"rendered":"<h2 data-start=\"219\" data-end=\"274\">ES2227 Tubo de Agua con Patrones de Pelucas de Colores - 6 Pulgadas<\/h2>\n<p data-start=\"276\" data-end=\"605\">La pipa de agua ES2227 con motivos de pelucas de colores es una pieza compacta pero llamativa dise\u00f1ada para aquellos que aprecian tanto el estilo como la funcionalidad. Con una altura de 15 cm, esta pipa de agua de cristal combina vibrantes remolinos de color con una silueta suave, lo que la convierte en un accesorio destacado para colecciones personales o estanter\u00edas de tiendas.<\/p>\n<p data-start=\"607\" data-end=\"1093\">Fabricada en vidrio resistente, la pipa presenta intrincados patrones de meneo que captan la luz y resaltan sus detalles art\u00edsticos. Cada secci\u00f3n del dise\u00f1o se sopla con cuidado, lo que garantiza que no haya dos piezas id\u00e9nticas. A pesar de su tama\u00f1o compacto, esta pipa de agua ofrece una filtraci\u00f3n eficiente, permitiendo a los usuarios disfrutar de una experiencia suave sin sacrificar la portabilidad. Su base estable y su c\u00f3moda boquilla facilitan su manejo, mientras que la cazoleta mediana es ideal para sesiones regulares.<\/p>\n<p data-start=\"1095\" data-end=\"1464\">La pipa de agua ES2227 es perfecta para principiantes que desean un tama\u00f1o asequible y para usuarios experimentados que valoran el trabajo en vidrio \u00fanico. Su altura de 15 cm logra el equilibrio perfecto entre ser lo bastante discreta para viajar y lo bastante funcional para el uso diario. La limpieza es sencilla, gracias a su estructura directa, lo que la convierte en una opci\u00f3n pr\u00e1ctica junto con su atractivo art\u00edstico.<\/p>\n<p data-start=\"1466\" data-end=\"1863\">Tanto si se exhibe como parte de una colorida colecci\u00f3n como si se utiliza a diario, esta pipa de agua ofrece una mezcla de rendimiento y dise\u00f1o. Los minoristas pueden contar con su atractivo visual para atraer la atenci\u00f3n, mientras que los usuarios finales apreciar\u00e1n el tiro suave y durabilidad. Si busca una pieza de vidrio compacta que sirva tambi\u00e9n como arte funcional, la pipa de agua ES2227 con motivos de pelucas de colores es una opci\u00f3n perfecta.<\/p>","protected":false},"excerpt":{"rendered":"<article class=\"text-token-text-primary w-full focus:outline-none scroll-mt-[calc(var(--header-height)+min(200px,max(70px,20svh)))]\" dir=\"auto\" tabindex=\"-1\" data-turn-id=\"request-WEB:7bb4b1bc-ed07-470d-829f-61362b1c5ffc-1\" data-testid=\"conversation-turn-4\" data-scroll-anchor=\"true\" data-turn=\"assistant\">\n<div class=\"text-base my-auto mx-auto pb-10 [--thread-content-margin:--spacing(4)] thread-sm:[--thread-content-margin:--spacing(6)] thread-lg:[--thread-content-margin:--spacing(16)] px-(--thread-content-margin)\">\n<div class=\"[--thread-content-max-width:40rem] thread-lg:[--thread-content-max-width:48rem] mx-auto max-w-(--thread-content-max-width) flex-1 group\/turn-messages focus-visible:outline-hidden relative flex w-full min-w-0 flex-col agent-turn\" tabindex=\"-1\">\n<div class=\"flex max-w-full flex-col grow\">\n<div class=\"min-h-8 text-message relative flex w-full flex-col items-end gap-2 text-start break-words whitespace-normal [.text-message+&amp;]:mt-5\" dir=\"auto\" data-message-author-role=\"assistant\" data-message-id=\"562b6566-93ab-4e92-80f5-6a3fa5bf4ed3\" data-message-model-slug=\"gpt-5-instant\">\n<div class=\"flex w-full flex-col gap-1 empty:hidden first:pt-[3px]\">\n<div class=\"markdown prose dark:prose-invert w-full break-words light markdown-new-styling\">\n<p data-start=\"0\" data-end=\"252\" data-is-last-node=\"\" data-is-only-node=\"\">The ES2227 colorful wig wag patterns water pipe stands 6 inches tall, crafted from durable glass with vibrant swirls. Compact, portable, and smooth to use, this water pipe offers reliable performance and artistic style for everyday sessions or display.<\/p>\n<\/div>\n<\/div>\n<\/div>\n<\/div>\n<div class=\"z-0 flex min-h-[46px] justify-start\"><\/div>\n<div class=\"mt-3 w-full empty:hidden\">\n<div class=\"text-center\"><\/div>\n<\/div>\n<\/div>\n<\/div>\n<\/article>\n<div class=\"pointer-events-none h-px w-px\" aria-hidden=\"true\" data-edge=\"true\"><\/div>\n","protected":false},"featured_media":2600,"comment_status":"open","ping_status":"closed","template":"","meta":[],"product_brand":[],"product_cat":[45],"product_tag":[111,112,110],"class_list":{"0":"post-2565","1":"product","2":"type-product","3":"status-publish","4":"has-post-thumbnail","6":"product_cat-bong-bowls-slides","7":"product_tag-glass-pipe","8":"product_tag-smoking-accessory","9":"product_tag-water-pipe","11":"first","12":"instock","13":"shipping-taxable","14":"purchasable","15":"product-type-variable"},"_links":{"self":[{"href":"https:\/\/buyegglass.com\/es\/wp-json\/wp\/v2\/product\/2565","targetHints":{"allow":["GET"]}}],"collection":[{"href":"https:\/\/buyegglass.com\/es\/wp-json\/wp\/v2\/product"}],"about":[{"href":"https:\/\/buyegglass.com\/es\/wp-json\/wp\/v2\/types\/product"}],"replies":[{"embeddable":true,"href":"https:\/\/buyegglass.com\/es\/wp-json\/wp\/v2\/comments?post=2565"}],"wp:featuredmedia":[{"embeddable":true,"href":"https:\/\/buyegglass.com\/es\/wp-json\/wp\/v2\/media\/2600"}],"wp:attachment":[{"href":"https:\/\/buyegglass.com\/es\/wp-json\/wp\/v2\/media?parent=2565"}],"wp:term":[{"taxonomy":"product_brand","embeddable":true,"href":"https:\/\/buyegglass.com\/es\/wp-json\/wp\/v2\/product_brand?post=2565"},{"taxonomy":"product_cat","embeddable":true,"href":"https:\/\/buyegglass.com\/es\/wp-json\/wp\/v2\/product_cat?post=2565"},{"taxonomy":"product_tag","embeddable":true,"href":"https:\/\/buyegglass.com\/es\/wp-json\/wp\/v2\/product_tag?post=2565"}],"curies":[{"name":"wp","href":"https:\/\/api.w.org\/{rel}","templated":true}]}}