{"id":1773,"date":"2025-09-16T08:55:18","date_gmt":"2025-09-16T08:55:18","guid":{"rendered":"https:\/\/buyegglass.com\/?post_type=product&#038;p=1773"},"modified":"2025-10-08T13:26:02","modified_gmt":"2025-10-08T13:26:02","slug":"bong-bowls-slides-borosilicate-egb46-surfing-handle-glass","status":"publish","type":"product","link":"https:\/\/buyegglass.com\/es\/product\/bong-bowls-slides-borosilicate-egb46-surfing-handle-glass\/","title":{"rendered":"Bong Bowls &amp; Slides Borosilicato EGB46 Surfing Handle Glass"},"content":{"rendered":"<h2>Bong Bowls &amp; Slides Borosilicato EGB46 Surfing Handle Glass<\/h2>\n<p>Avent\u00farese en la ola de las sesiones de fumar cigarrillos notables con el EGB46 surf tratar con cuencos de vidrio bong &amp; diapositivas. Diligentemente elaborado a partir de vidrio de borosilicato de primera calidad, estos cuencos se desarrollan para la robustez y resistencia al calor, asegurando una adici\u00f3n resistente y superior a su colecci\u00f3n. Cada art\u00edculo es una obra maestra especial, que transforma un dispositivo pr\u00e1ctico en una declaraci\u00f3n personal que refleja su estilo individual.<\/p>\n<p>La funci\u00f3n m\u00e1s destacada de estos cuencos es el asa de surf de delicada forma. Este dise\u00f1o creativo y caprichoso no s\u00f3lo es est\u00e9ticamente excitante, sino tambi\u00e9n muy \u00fatil, ya que ofrece un agarre c\u00f3modo y protegido para facilitar la eliminaci\u00f3n. Disponibles en una amplia gama de colores y dise\u00f1os, desde remolinos planetarios hasta vibrantes colores s\u00f3lidos, cada cuenco cuenta su propia historia. La artesan\u00eda art\u00edstica aparece en cada informaci\u00f3n, desde las l\u00edneas l\u00edquidas de la ola rompiendo hasta el cautivador n\u00famero de navegaci\u00f3n que embellece cada pieza.<\/p>\n<p>Dise\u00f1ados para ofrecer tanto un encanto est\u00e9tico como un rendimiento \u00f3ptimo, los cuencos EGB46 garantizan una experiencia suave y deliciosa. La forma del plato atentamente desarrollado permite una fusi\u00f3n tambi\u00e9n y el flujo de aire constante, mejorando el sabor de sus hierbas recogidas. Adecuado con una variedad de bongs cuencos y diapositivas, estas diapositivas son una actualizaci\u00f3n vers\u00e1til que trae tanto la personalidad y la caracter\u00edstica superior a su configuraci\u00f3n. Si usted est\u00e1 buscando para reemplazar un taz\u00f3n com\u00fan o aumentar su colecci\u00f3n con un elemento de arte de vidrio \u00fatil, el Browsing Take Care Of Glass Dish es la mejor selecci\u00f3n para los fumadores de cigarrillos exigentes que valoran el pensamiento creativo y de alta calidad.<\/p>","protected":false},"excerpt":{"rendered":"<p>Catch a wave with this borosilicate glass bong bowls &amp; slides . Featuring a creative surfing handle, this slide is both functional and a work of art. The colorful details and sturdy construction make it a standout accessory for any water pipe.<\/p>","protected":false},"featured_media":1776,"comment_status":"open","ping_status":"closed","template":"","meta":[],"product_brand":[],"product_cat":[45],"product_tag":[159,375,376],"class_list":{"0":"post-1773","1":"product","2":"type-product","3":"status-publish","4":"has-post-thumbnail","6":"product_cat-bong-bowls-slides","7":"product_tag-bong-bowls","8":"product_tag-bong-bowls-slides","9":"product_tag-glass-bong-bowls","11":"first","12":"instock","13":"shipping-taxable","14":"purchasable","15":"product-type-variable"},"_links":{"self":[{"href":"https:\/\/buyegglass.com\/es\/wp-json\/wp\/v2\/product\/1773","targetHints":{"allow":["GET"]}}],"collection":[{"href":"https:\/\/buyegglass.com\/es\/wp-json\/wp\/v2\/product"}],"about":[{"href":"https:\/\/buyegglass.com\/es\/wp-json\/wp\/v2\/types\/product"}],"replies":[{"embeddable":true,"href":"https:\/\/buyegglass.com\/es\/wp-json\/wp\/v2\/comments?post=1773"}],"wp:featuredmedia":[{"embeddable":true,"href":"https:\/\/buyegglass.com\/es\/wp-json\/wp\/v2\/media\/1776"}],"wp:attachment":[{"href":"https:\/\/buyegglass.com\/es\/wp-json\/wp\/v2\/media?parent=1773"}],"wp:term":[{"taxonomy":"product_brand","embeddable":true,"href":"https:\/\/buyegglass.com\/es\/wp-json\/wp\/v2\/product_brand?post=1773"},{"taxonomy":"product_cat","embeddable":true,"href":"https:\/\/buyegglass.com\/es\/wp-json\/wp\/v2\/product_cat?post=1773"},{"taxonomy":"product_tag","embeddable":true,"href":"https:\/\/buyegglass.com\/es\/wp-json\/wp\/v2\/product_tag?post=1773"}],"curies":[{"name":"wp","href":"https:\/\/api.w.org\/{rel}","templated":true}]}}