{"id":1761,"date":"2025-09-16T08:41:48","date_gmt":"2025-09-16T08:41:48","guid":{"rendered":"https:\/\/buyegglass.com\/?post_type=product&#038;p=1761"},"modified":"2025-10-10T09:49:16","modified_gmt":"2025-10-10T09:49:16","slug":"ash-catcher-bongs-ega10-bright-horn-borosilicate-glass","status":"publish","type":"product","link":"https:\/\/buyegglass.com\/es\/product\/ash-catcher-bongs-ega10-bright-horn-borosilicate-glass\/","title":{"rendered":"Bongs Recoge Cenizas EGA10 Bright Horn Borosilicate Glass"},"content":{"rendered":"<h2 id=\"elevate-your-smoking-experience-with-the-ega10-bright-horn-ash-catcher-by-eg-glass\">Bongs Recoge Cenizas EGA10 Bright Horn Borosilicate Glass<\/h2>\n<p>Presentamos el recogedor de cenizas EGA10 Bright Horn, un accesorio v\u00edvido y esencial hecho para reinventar sus sesiones de fumar cigarrillos. Este atractivo art\u00edculo de EG Glass integra atractivos est\u00e9ticos vivos con un rendimiento de alto rendimiento, garantizando su cachimba se mantiene m\u00e1s limpio al tiempo que ofrece golpes muy suaves. Es la actualizaci\u00f3n perfecta para cualquier tipo de amante que busca a\u00f1adir un toque de color y una capa adicional de filtrado a sus pipas preferidas.<\/p>\n<p>Fabricado con vidrio de borosilicato de primera calidad resistente al calor, el EGA10 se ha desarrollado para ofrecer resistencia y eficacia. Este producto de costes es conocido por su capacidad para soportar el estr\u00e9s t\u00e9rmico y la ansiedad, asegur\u00e1ndose de que el colector de cenizas puede soportar el uso diario, manteniendo el sabor puro de sus materiales. Su construcci\u00f3n s\u00f3lida es evidente al instante, sin embargo, se mantiene impresionantemente ligero con s\u00f3lo 93 gramos, evitando cualquier tensi\u00f3n excesiva en la articulaci\u00f3n de su bong.<\/p>\n<p>El atributo m\u00e1s destacado de la EGA10 es su dise\u00f1o \u00fanico, definido por unos cuernos vivos y vibrantes que se mueven con elegancia desde el lateral. Disponible en una gran variedad de combinaciones de tonos brillantes, este colector de cenizas es una pieza \u00fanica que permite la expresi\u00f3n individual. Adem\u00e1s de su aspecto llamativo, el EGA10 est\u00e1 dise\u00f1ado para funcionar de forma \u00f3ptima. Incluye una junta de 90 grados, por lo que es compatible con una amplia gama de bongs que tienen un tallo vertical.<\/p>\n<p>En su n\u00facleo, un colector de cenizas sirve para atrapar la ceniza y los residuos antes de que puedan entrar en la c\u00e1mara principal de su bong, reduciendo dr\u00e1sticamente la demanda de limpieza regular y tedioso. El EGA10 destaca en esta caracter\u00edstica principal, pero tambi\u00e9n mejora la calidad de cada inhalaci\u00f3n. Al a\u00f1adir una c\u00e1mara de agua adicional, proporciona una etapa adicional de percolaci\u00f3n, que enfr\u00eda y filtra el humo para una experiencia m\u00e1s suave y menos \u00e1spera. Esto se traduce en golpes m\u00e1s limpios que son m\u00e1s suaves en la garganta y los pulmones. De pie en un compacto 4,33 pulgadas, que incluye la filtraci\u00f3n de gran alcance sin incluir la masa desagradable a su configuraci\u00f3n.<\/p>","protected":false},"excerpt":{"rendered":"<p>Elevate your bong with the EGA10 Bright Horn Ash Catcher by EG Glass. Made from durable borosilicate glass, this vibrant accessory features a unique double-horn handle design. It effectively traps ash and debris, ensuring cleaner, smoother hits while adding a splash of color to your setup.<\/p>","protected":false},"featured_media":1767,"comment_status":"open","ping_status":"closed","template":"","meta":[],"product_brand":[],"product_cat":[44],"product_tag":[103,373,374],"class_list":{"0":"post-1761","1":"product","2":"type-product","3":"status-publish","4":"has-post-thumbnail","6":"product_cat-ash-catcher","7":"product_tag-ash-catcher","8":"product_tag-ash-catcher-bongs","9":"product_tag-glass-ash-catcher","11":"first","12":"instock","13":"shipping-taxable","14":"purchasable","15":"product-type-variable"},"_links":{"self":[{"href":"https:\/\/buyegglass.com\/es\/wp-json\/wp\/v2\/product\/1761","targetHints":{"allow":["GET"]}}],"collection":[{"href":"https:\/\/buyegglass.com\/es\/wp-json\/wp\/v2\/product"}],"about":[{"href":"https:\/\/buyegglass.com\/es\/wp-json\/wp\/v2\/types\/product"}],"replies":[{"embeddable":true,"href":"https:\/\/buyegglass.com\/es\/wp-json\/wp\/v2\/comments?post=1761"}],"wp:featuredmedia":[{"embeddable":true,"href":"https:\/\/buyegglass.com\/es\/wp-json\/wp\/v2\/media\/1767"}],"wp:attachment":[{"href":"https:\/\/buyegglass.com\/es\/wp-json\/wp\/v2\/media?parent=1761"}],"wp:term":[{"taxonomy":"product_brand","embeddable":true,"href":"https:\/\/buyegglass.com\/es\/wp-json\/wp\/v2\/product_brand?post=1761"},{"taxonomy":"product_cat","embeddable":true,"href":"https:\/\/buyegglass.com\/es\/wp-json\/wp\/v2\/product_cat?post=1761"},{"taxonomy":"product_tag","embeddable":true,"href":"https:\/\/buyegglass.com\/es\/wp-json\/wp\/v2\/product_tag?post=1761"}],"curies":[{"name":"wp","href":"https:\/\/api.w.org\/{rel}","templated":true}]}}