{"id":1746,"date":"2025-09-16T08:28:48","date_gmt":"2025-09-16T08:28:48","guid":{"rendered":"https:\/\/buyegglass.com\/?post_type=product&#038;p=1746"},"modified":"2025-10-10T08:30:49","modified_gmt":"2025-10-10T08:30:49","slug":"straight-tube-bongs-borosilicate-glass-18-in-inline-perc","status":"publish","type":"product","link":"https:\/\/buyegglass.com\/es\/product\/straight-tube-bongs-borosilicate-glass-18-in-inline-perc\/","title":{"rendered":"Bongs Tubo Recto Vidrio Borosilicato 18 Inline Perc"},"content":{"rendered":"<h2>Bongs Tubo Recto Vidrio Borosilicato 18 Inline Perc<\/h2>\n<p>Aumenta tus sesiones de fumada con los Bongs de Tubo Recto de Vidrio de Borosilicato, con unas excelentes 18 pulgadas. Este art\u00edculo est\u00e1 cuidadosamente dise\u00f1ado para proporcionar una experiencia sin igual, la incorporaci\u00f3n de estilo tradicional con la innovaci\u00f3n moderna sistema de filtrado. Su poderosa altura no s\u00f3lo hace una declaraci\u00f3n est\u00e9tica sin embargo tambi\u00e9n permite un volumen filantr\u00f3pico de humo, motivando golpes potentes y gratificantes.<\/p>\n<p>Robustez Superior y Pura Preferencia: Desarrollado a partir de vidrio de borosilicato de alta calidad, este bongs de tubo recto est\u00e1 desarrollado para la dureza. Vidrio de borosilicato es conocido por su fuerza sensacional y resistencia al choque t\u00e9rmico, lo que demuestra que puede tomar en calores sin fracturar o arruinar. Este material de costes tambi\u00e9n asegura un sabor puro y sin manchas de sus hierbas naturales totalmente secas, ya que no es poroso y evita la absorci\u00f3n de olores y dep\u00f3sitos.<\/p>\n<p>Filtrado avanzado para un vapeo m\u00e1s f\u00e1cil: En el coraz\u00f3n de este tubo recto bongs es su percolador en l\u00ednea. Este tubo recto con ranuras cortadas con precisi\u00f3n difunde el humo a trav\u00e9s del agua, simplificando la derecha en burbujas de menor tama\u00f1o. Este procedimiento aumenta significativamente la superficie del humo que entra en contacto con el agua, causando un notable acondicionamiento y purificaci\u00f3n del aire. El resultado es una inhalaci\u00f3n excepcionalmente suave y ordenada, desprovista de crueldad y toxinas.<\/p>\n<p>Un dise\u00f1o atemporal para un rendimiento moderno: El dise\u00f1o de tubo recto es un est\u00e1ndar atemporal, preferido por su entrega de humo directa y r\u00e1pida. Esta forma estructurada hace que los bongs de tubo recto sean f\u00e1ciles de usar y limpiar, mientras que la estatura de 18 pulgadas da suficiente espacio para que el humo se enfr\u00ede antes de llegar a ti. La cosa se proporciona en una serie de acentos de color vibrante en la base, boquilla, y percolador, que consiste en un toque de dise\u00f1o individual a su visual cl\u00ednica. Si usted es un amante experimentado o nuevo en el mundo de los bongs de tubo recto, este percolador en l\u00ednea de 18 pulgadas bongs de tubo recto utiliza una combinaci\u00f3n ideal de tipo, funci\u00f3n y larga vida.<\/p>","protected":false},"excerpt":{"rendered":"<p>Experience smooth, filtered hits with our 18&#8243; Straight Tube Bongs. Crafted from durable borosilicate glass, it features an inline perc for exceptional diffusion and a stable base. Available in various colors to match your style. Enjoy a cleaner, cooler smoke every time.<\/p>","protected":false},"featured_media":3869,"comment_status":"open","ping_status":"closed","template":"","meta":[],"product_brand":[],"product_cat":[40],"product_tag":[372,371,370],"class_list":{"0":"post-1746","1":"product","2":"type-product","3":"status-publish","4":"has-post-thumbnail","6":"product_cat-straight-tube-bongs","7":"product_tag-18-in-straight-tube-bongs","8":"product_tag-glass-straight-tube-bongs","9":"product_tag-straight-tube-bongs","11":"first","12":"instock","13":"shipping-taxable","14":"purchasable","15":"product-type-variable"},"_links":{"self":[{"href":"https:\/\/buyegglass.com\/es\/wp-json\/wp\/v2\/product\/1746","targetHints":{"allow":["GET"]}}],"collection":[{"href":"https:\/\/buyegglass.com\/es\/wp-json\/wp\/v2\/product"}],"about":[{"href":"https:\/\/buyegglass.com\/es\/wp-json\/wp\/v2\/types\/product"}],"replies":[{"embeddable":true,"href":"https:\/\/buyegglass.com\/es\/wp-json\/wp\/v2\/comments?post=1746"}],"wp:featuredmedia":[{"embeddable":true,"href":"https:\/\/buyegglass.com\/es\/wp-json\/wp\/v2\/media\/3869"}],"wp:attachment":[{"href":"https:\/\/buyegglass.com\/es\/wp-json\/wp\/v2\/media?parent=1746"}],"wp:term":[{"taxonomy":"product_brand","embeddable":true,"href":"https:\/\/buyegglass.com\/es\/wp-json\/wp\/v2\/product_brand?post=1746"},{"taxonomy":"product_cat","embeddable":true,"href":"https:\/\/buyegglass.com\/es\/wp-json\/wp\/v2\/product_cat?post=1746"},{"taxonomy":"product_tag","embeddable":true,"href":"https:\/\/buyegglass.com\/es\/wp-json\/wp\/v2\/product_tag?post=1746"}],"curies":[{"name":"wp","href":"https:\/\/api.w.org\/{rel}","templated":true}]}}