{"id":1680,"date":"2025-09-15T08:39:52","date_gmt":"2025-09-15T08:39:52","guid":{"rendered":"https:\/\/buyegglass.com\/?post_type=product&#038;p=1680"},"modified":"2025-10-10T08:07:38","modified_gmt":"2025-10-10T08:07:38","slug":"beaker-bongs-borosilicate-glass-eg-01-14-inch-clock-online","status":"publish","type":"product","link":"https:\/\/buyegglass.com\/es\/product\/beaker-bongs-borosilicate-glass-eg-01-14-inch-clock-online\/","title":{"rendered":"Beaker Bongs Vidrio Borosilicato EG-01 Reloj 14 Pulgadas Online"},"content":{"rendered":"<h2>Beaker Bongs Vidrio Borosilicato EG-01 Reloj 14 Pulgadas Online<\/h2>\n<p>Descubre una experiencia atemporal de fumar cigarrillos con el EG-01 \"Clock\" Beaker Bongs, una obra maestra donde el dise\u00f1o innovador satisface la capacidad impecable. De pie alto en un excelente 14 pulgadas, esta pieza se hace a mano para ser el punto focal impresionante de cualquier colecci\u00f3n, mientras que el suministro del sistema de filtrado de alto rendimiento que los aficionados necesitan. El EG-01 no es simplemente una herramienta, sino una obra de arte creada para aquellos que valoran tanto la est\u00e9tica como la excelencia en su rutina diaria.<\/p>\n<p>La base de esta pieza excepcional es su cl\u00e1sica base de vaso, famosa por su estabilidad sin desviaciones y su gran capacidad de agua. Este estilo no es s\u00f3lo para las apariencias; la mayor cantidad de agua proporciona percolaci\u00f3n totalmente natural, enfriando y filtrando cada calada para un golpe excepcionalmente suave y de sabor limpio. Puedes decir adi\u00f3s a la crueldad y hola al sabor puro y sin manchas. La base tambi\u00e9n presenta un grabado pulido y elegante que a\u00f1ade un toque de clase al cristal.<\/p>\n<p>Lo que realmente distingue al EG-01 es su llamativo m\u00e1stil, fabricado a partir de un grueso cristal de borosilicato tintado. El m\u00e1stil tiene un patr\u00f3n de \"Reloj\" profundamente impreso, un intrincado dise\u00f1o de engranaje que es a la vez visualmente notable y extremadamente sensible. Esta sujeci\u00f3n \u00fanica no s\u00f3lo ofrece un tacto excepcional en la mano, sino que adem\u00e1s aporta una sensaci\u00f3n de seguridad y certeza en cada sesi\u00f3n. Se suministra en una colecci\u00f3n de tonos vibrantes - que consiste en profundas medio ambiente-amigos, azules fuertes, negro est\u00e1ndar, y rosa vivo - se puede elegir el dise\u00f1o que coincide completamente con su personalidad.<\/p>\n<p>Fabricado con vidrio de borosilicato de calidad cient\u00edfica, todo el bong ha sido creado para ser resistente y duradero. Este producto de primera clase es conocida por su resistencia al choque t\u00e9rmico, asegurando su inversi\u00f3n econ\u00f3mica puede soportar frente a un uso normal y la limpieza sin poner en peligro su sinceridad estructural. Cada EG-01 se suministra con un bajante y una cazoleta de cristal a juego, lo que garantiza que dispondr\u00e1 de todo lo necesario para valorar una sesi\u00f3n adecuada desde el primer momento. Aumentar su experiencia y hacer una declaraci\u00f3n con el EG-01 Reloj Beaker Bongs- donde cada minuto es intemporal.<\/p>","protected":false},"excerpt":{"rendered":"<article class=\"text-token-text-primary w-full focus:outline-none scroll-mt-[calc(var(--header-height)+min(200px,max(70px,20svh)))]\" dir=\"auto\" tabindex=\"-1\" data-turn-id=\"request-WEB:01db6bd7-af95-48f2-b660-596cc9523e41-0\" data-testid=\"conversation-turn-2\" data-scroll-anchor=\"true\" data-turn=\"assistant\">\n<div class=\"text-base my-auto mx-auto pb-10 [--thread-content-margin:--spacing(4)] thread-sm:[--thread-content-margin:--spacing(6)] thread-lg:[--thread-content-margin:--spacing(16)] px-(--thread-content-margin)\">\n<div class=\"[--thread-content-max-width:40rem] thread-lg:[--thread-content-max-width:48rem] mx-auto max-w-(--thread-content-max-width) flex-1 group\/turn-messages focus-visible:outline-hidden relative flex w-full min-w-0 flex-col agent-turn\" tabindex=\"-1\">\n<div class=\"flex max-w-full flex-col grow\">\n<div class=\"min-h-8 text-message relative flex w-full flex-col items-end gap-2 text-start break-words whitespace-normal [.text-message+&amp;]:mt-5\" dir=\"auto\" data-message-author-role=\"assistant\" data-message-id=\"971358dd-c0da-4dce-9a46-ac3b00707a82\" data-message-model-slug=\"gpt-5\">\n<div class=\"flex w-full flex-col gap-1 empty:hidden first:pt-[1px]\">\n<div class=\"markdown prose dark:prose-invert w-full break-words light markdown-new-styling\">\n<p data-start=\"0\" data-end=\"293\" data-is-last-node=\"\" data-is-only-node=\"\">Beaker Bongs Borosilicate Glass EG-01 14 Inch \u2014 crafted from durable, heat-resistant borosilicate glass with a classic beaker base for smooth filtration. Features vibrant frosted neck designs in multiple colors for a stylish and sturdy smoking experience. Perfect balance of form and function.<\/p>\n<\/div>\n<\/div>\n<\/div>\n<\/div>\n<div class=\"z-0 flex min-h-[46px] justify-start\"><\/div>\n<div class=\"mt-3 w-full empty:hidden\">\n<div class=\"text-center\"><\/div>\n<\/div>\n<\/div>\n<\/div>\n<\/article>\n<div class=\"pointer-events-none h-px w-px\" aria-hidden=\"true\" data-edge=\"true\"><\/div>\n","protected":false},"featured_media":3865,"comment_status":"open","ping_status":"closed","template":"","meta":[],"product_brand":[],"product_cat":[39],"product_tag":[221,369,368],"class_list":{"0":"post-1680","1":"product","2":"type-product","3":"status-publish","4":"has-post-thumbnail","6":"product_cat-beaker-bongs","7":"product_tag-beaker-bongs","8":"product_tag-beaker-bongs-online","9":"product_tag-glass-bongs","11":"first","12":"instock","13":"shipping-taxable","14":"purchasable","15":"product-type-variable"},"_links":{"self":[{"href":"https:\/\/buyegglass.com\/es\/wp-json\/wp\/v2\/product\/1680","targetHints":{"allow":["GET"]}}],"collection":[{"href":"https:\/\/buyegglass.com\/es\/wp-json\/wp\/v2\/product"}],"about":[{"href":"https:\/\/buyegglass.com\/es\/wp-json\/wp\/v2\/types\/product"}],"replies":[{"embeddable":true,"href":"https:\/\/buyegglass.com\/es\/wp-json\/wp\/v2\/comments?post=1680"}],"wp:featuredmedia":[{"embeddable":true,"href":"https:\/\/buyegglass.com\/es\/wp-json\/wp\/v2\/media\/3865"}],"wp:attachment":[{"href":"https:\/\/buyegglass.com\/es\/wp-json\/wp\/v2\/media?parent=1680"}],"wp:term":[{"taxonomy":"product_brand","embeddable":true,"href":"https:\/\/buyegglass.com\/es\/wp-json\/wp\/v2\/product_brand?post=1680"},{"taxonomy":"product_cat","embeddable":true,"href":"https:\/\/buyegglass.com\/es\/wp-json\/wp\/v2\/product_cat?post=1680"},{"taxonomy":"product_tag","embeddable":true,"href":"https:\/\/buyegglass.com\/es\/wp-json\/wp\/v2\/product_tag?post=1680"}],"curies":[{"name":"wp","href":"https:\/\/api.w.org\/{rel}","templated":true}]}}