{"id":3,"date":"2025-05-28T11:35:58","date_gmt":"2025-05-28T11:35:58","guid":{"rendered":"https:\/\/buyegglass.com\/?page_id=3"},"modified":"2025-10-09T08:24:28","modified_gmt":"2025-10-09T08:24:28","slug":"privacy-policy","status":"publish","type":"page","link":"https:\/\/buyegglass.com\/es\/privacy-policy\/","title":{"rendered":"Pol\u00edtica de privacidad"},"content":{"rendered":"<p>El equipo de Buyegglass se compromete a respetar su privacidad y la seguridad de su informaci\u00f3n personal. Como empresa en l\u00ednea, nos esforzamos por hacer que su experiencia de compra en l\u00ednea sea segura y agradable.  Cuando visite <a href=\"https:\/\/buyegglass.com\/es\/\">buyegglass.com<\/a> recopilamos autom\u00e1ticamente informaci\u00f3n para uso exclusivo del sitio web mientras navega por nuestro cat\u00e1logo. Esta informaci\u00f3n se utiliza para supervisar nuestro sitio web con el fin de mejorar continuamente nuestra tienda en l\u00ednea y ofrecerle una experiencia de compra m\u00e1s r\u00e1pida y fluida.  Debido a que recopilamos cierta informaci\u00f3n, creemos que es necesario compartir y explicarle lo que se recopila y c\u00f3mo se utiliza.<\/p>\n\n\n\n<h4 class=\"wp-block-heading\"><strong><strong>Informaci\u00f3n recopilada para compras en l\u00ednea<\/strong><\/strong><\/h4>\n\n\n\n<ul class=\"wp-block-list\">\n<li>Nombre\/Apellido<\/li>\n\n\n\n<li>Direcci\u00f3n de facturaci\u00f3n\/env\u00edo<\/li>\n\n\n\n<li>Direcci\u00f3n de correo electr\u00f3nico<\/li>\n\n\n\n<li>N\u00famero de tarjeta de cr\u00e9dito (s\u00f3lo vemos los 4 \u00faltimos d\u00edgitos)<\/li>\n<\/ul>\n\n\n\n<p>Toda su informaci\u00f3n personal est\u00e1 protegida por configuraciones de seguridad de alta calidad que incluyen la informaci\u00f3n de la cesta de la compra y cualquier informaci\u00f3n de tarjeta de cr\u00e9dito o direcci\u00f3n. Esta informaci\u00f3n se transmite mediante configuraciones de seguridad de alta calidad que incluyen una conexi\u00f3n de socket seguro (SSL) para un proceso de pago seguro.<\/p>\n\n\n\n<p class=\"has-palette-color-3-color has-text-color has-link-color wp-elements-feaef86bf0831ca7accbc0e298cd9d73\"><strong>Esta informaci\u00f3n s\u00f3lo se utiliza para tramitar su pedido, procesar su pago, gestionar los env\u00edos y otras actividades relacionadas con el cumplimiento de su transacci\u00f3n.<\/strong><\/p>\n\n\n\n<h4 class=\"wp-block-heading\"><strong><strong>Informaci\u00f3n por correo electr\u00f3nico<\/strong><\/strong><\/h4>\n\n\n\n<p>La direcci\u00f3n de correo electr\u00f3nico que nos facilite para suscribirse a nuestro bolet\u00edn el\u00e9ctrico gratuito o a trav\u00e9s de las compras podr\u00e1 utilizarse para enviarle informaci\u00f3n y actualizaciones relativas a su pedido o solicitud, adem\u00e1s de para recibir ocasionalmente noticias de la empresa, actualizaciones, promociones, informaci\u00f3n relacionada con productos o servicios, etc.<\/p>\n\n\n\n<p><strong>NUNCA venderemos o intercambiaremos NINGUNA informaci\u00f3n (correo electr\u00f3nico, personal, CC, etc.) sobre un usuario individual a terceros.  Su privacidad es su derecho inherente y nosotros lo respetamos.<\/strong><\/p>\n\n\n\n<h4 class=\"wp-block-heading\"><strong>Su direcci\u00f3n IP y las cookies<\/strong><\/h4>\n\n\n\n<p>Las direcciones IP son utilizadas por su ordenador cada vez que se conecta a Internet. Su direcci\u00f3n IP es un n\u00famero que utilizan los ordenadores de la red para identificar su ordenador. Las direcciones IP son recogidas autom\u00e1ticamente por nuestros servidores web para evitar actividades y transacciones fraudulentas y proteger as\u00ed su privacidad.<br>Para mejorar su experiencia con nuestro sitio web, muchas de nuestras p\u00e1ginas utilizan \"cookies\" propias y de terceros. Las cookies son archivos de texto que colocamos en el navegador de su ordenador para almacenar sus preferencias y facilitar determinadas funciones de nuestro sitio web. Por ejemplo, para comprar un producto en nuestro sitio web, usted a\u00f1ade art\u00edculos a su cesta de la compra y luego pasa por caja. Utilizamos cookies para que nuestro sitio web le reconozca y realice un seguimiento del estado de su pedido mientras navega por el proceso de pago, y para mantener el contenido de su cesta de la compra disponible en caso de que vuelva a comprar despu\u00e9s de abandonar la sesi\u00f3n. Tambi\u00e9n utilizamos cookies para comprender el uso del sitio y mejorar el contenido y las ofertas en <a href=\"https:\/\/buyegglass.com\/es\/\">Buyegglass.com<\/a>. Cuando los visitantes acuden a <a href=\"https:\/\/buyegglass.com\/es\/\">Buyegglass.com<\/a>, terceros (como AdRoll) pueden colocar cookies en sus navegadores con fines de publicidad dirigida.<\/p>\n\n\n\n<h4 class=\"wp-block-heading\"><strong>\u00bfC\u00f3mo le protegemos a usted y a su informaci\u00f3n?<\/strong><\/h4>\n\n\n\n<p>La informaci\u00f3n de la cesta de la compra, incluida cualquier informaci\u00f3n sobre la tarjeta de cr\u00e9dito o la direcci\u00f3n, se transmite de forma segura a trav\u00e9s de un medio conocido como Secure Sockets Layer, o SSL. Esta capa segura proporciona hasta 256 bits de encriptaci\u00f3n para la forma m\u00e1s segura de transmitir informaci\u00f3n en Internet. No transmitimos informaci\u00f3n financiera por correo electr\u00f3nico. Si utiliza nuestro formulario web, su informaci\u00f3n financiera se encripta para que ni siquiera los empleados tengan acceso a su n\u00famero de cuenta de cr\u00e9dito \/ d\u00e9bito \/ cargo \/ cheque electr\u00f3nico. La informaci\u00f3n de los pedidos se almacena en un \u00e1rea protegida por contrase\u00f1a, a la que s\u00f3lo puede acceder personal autorizado. Por favor<a href=\"https:\/\/buyegglass.com\/es\/contact\/\" data-type=\"page\" data-id=\"547\">&nbsp;Contacto<\/a>&nbsp;si tiene alguna pregunta o duda.<\/p>","protected":false},"excerpt":{"rendered":"<p>The team at Buyegglass is&nbsp;committed to respecting your privacy and the security of your personal information. As an online business, we strive to make your online shopping experience both safe and enjoyable.&nbsp;&nbsp;When you visit buyegglass.com we automatically collect information for website use only as you browse through our catalog. This information is used to monitor [&hellip;]<\/p>\n","protected":false},"author":1,"featured_media":0,"parent":0,"menu_order":0,"comment_status":"closed","ping_status":"open","template":"","meta":{"footnotes":""},"class_list":["post-3","page","type-page","status-publish","hentry"],"blocksy_meta":[],"_links":{"self":[{"href":"https:\/\/buyegglass.com\/es\/wp-json\/wp\/v2\/pages\/3","targetHints":{"allow":["GET"]}}],"collection":[{"href":"https:\/\/buyegglass.com\/es\/wp-json\/wp\/v2\/pages"}],"about":[{"href":"https:\/\/buyegglass.com\/es\/wp-json\/wp\/v2\/types\/page"}],"author":[{"embeddable":true,"href":"https:\/\/buyegglass.com\/es\/wp-json\/wp\/v2\/users\/1"}],"replies":[{"embeddable":true,"href":"https:\/\/buyegglass.com\/es\/wp-json\/wp\/v2\/comments?post=3"}],"version-history":[{"count":0,"href":"https:\/\/buyegglass.com\/es\/wp-json\/wp\/v2\/pages\/3\/revisions"}],"wp:attachment":[{"href":"https:\/\/buyegglass.com\/es\/wp-json\/wp\/v2\/media?parent=3"}],"curies":[{"name":"wp","href":"https:\/\/api.w.org\/{rel}","templated":true}]}}