{"id":2206,"date":"2025-09-19T01:31:22","date_gmt":"2025-09-19T01:31:22","guid":{"rendered":"https:\/\/buyegglass.com\/?page_id=2206"},"modified":"2025-10-09T08:34:02","modified_gmt":"2025-10-09T08:34:02","slug":"shipping-protection","status":"publish","type":"page","link":"https:\/\/buyegglass.com\/es\/shipping-protection\/","title":{"rendered":"Protecci\u00f3n de env\u00edos"},"content":{"rendered":"<p><strong>Protecci\u00f3n h\u00fameda<\/strong>\u00a0le da tranquilidad a la vez que le ahorra tiempo y dinero.<\/p>\n\n\n\n<h4 class=\"wp-block-heading\">Protecci\u00f3n de env\u00edos<\/h4>\n\n\n\n<p>Cobertura en caso de que su paquete sufra da\u00f1os durante el transporte, sea robado o no llegue.<\/p>\n\n\n\n<h4 class=\"wp-block-heading\">Resoluci\u00f3n instant\u00e1nea de problemas<\/h4>\n\n\n\n<p>Obtenga un reembolso o una sustituci\u00f3n tras la confirmaci\u00f3n de la incidencia por parte de nuestro equipo de atenci\u00f3n al cliente.<\/p>\n\n\n\n<h4 class=\"wp-block-heading\">Asistencia 24 horas al d\u00eda, 7 d\u00edas a la semana<\/h4>\n\n\n\n<p>Dank Protection est\u00e1 a su disposici\u00f3n siempre que surja un problema, con un tiempo medio de respuesta inferior a 24 horas (fines de semana excluidos).<\/p>\n\n\n\n<h4 class=\"wp-block-heading\">Sin terceros<\/h4>\n\n\n\n<p>Nuestro seguro se ofrece internamente. Sin terceros ni entregas a dedo. P\u00f3ngase en contacto con nuestro servicio de atenci\u00f3n al cliente para obtener una cobertura r\u00e1pida y sencilla.<\/p>\n\n\n\n<h4 class=\"wp-block-heading\">Detalles<\/h4>\n\n\n\n<p>La protecci\u00f3n de env\u00edos de Dank Protection ampl\u00eda la cobertura de las compras en l\u00ednea que se pierdan o sufran da\u00f1os durante el transporte, o que sean robadas inmediatamente despu\u00e9s de que el transportista acredite la entrega.<\/p>\n\n\n\n<ul class=\"wp-block-list\">\n<li>Si su pedido se retrasa m\u00e1s de 10 d\u00edas, le enviaremos uno de sustituci\u00f3n, le devolveremos el dinero o le daremos cr\u00e9dito en la tienda (una de las opciones anteriores).<\/li>\n\n\n\n<li>Si pierde su pedido, se lo roban o llega da\u00f1ado, le enviaremos uno de sustituci\u00f3n, le devolveremos el dinero o le daremos cr\u00e9dito en la tienda.<\/li>\n\n\n\n<li>Resoluci\u00f3n en menos de 24 horas en la mayor\u00eda de los casos, excluidos los fines de semana.<\/li>\n\n\n\n<li>Si su pedido se retrasa, espere diez d\u00edas antes de presentar una reclamaci\u00f3n. Los env\u00edos de USPS suelen sufrir retrasos. Gracias, Gobierno Federal \ud83d\ude15<\/li>\n\n\n\n<li>Si su pedido llega da\u00f1ado, haga fotos del paquete y de los art\u00edculos da\u00f1ados y p\u00f3ngase en contacto con nuestro servicio de atenci\u00f3n al cliente.\u00a0<\/li>\n\n\n\n<li>Para presentar una reclamaci\u00f3n, env\u00edenos un correo electr\u00f3nico a\u00a0<strong><a href=\"https:\/\/buyegglass.com\/es\/contact\/\" data-type=\"page\" data-id=\"547\">Contacto<\/a><\/strong>\u00a0o utilice nuestra funci\u00f3n de chat.<\/li>\n<\/ul>","protected":false},"excerpt":{"rendered":"<p>Dank Protection\u00a0gives you peace of mind while saving you time and money. Shipping Protection Coverage in case your package is damaged in transit, stolen, or doesn&#8217;t arrive. Instant Issue Resolution Get a refund or replacement after issue confirmation by our customer service team. 24\/7 Claim Support Dank Protection is here for you whenever an issue [&hellip;]<\/p>\n","protected":false},"author":1,"featured_media":0,"parent":0,"menu_order":0,"comment_status":"closed","ping_status":"closed","template":"","meta":{"footnotes":""},"class_list":["post-2206","page","type-page","status-publish","hentry"],"blocksy_meta":{"has_hero_section":"default","vertical_spacing_source":"custom","content_area_spacing":"both","styles_descriptor":{"styles":{"desktop":"","tablet":"","mobile":""},"google_fonts":[],"version":6}},"_links":{"self":[{"href":"https:\/\/buyegglass.com\/es\/wp-json\/wp\/v2\/pages\/2206","targetHints":{"allow":["GET"]}}],"collection":[{"href":"https:\/\/buyegglass.com\/es\/wp-json\/wp\/v2\/pages"}],"about":[{"href":"https:\/\/buyegglass.com\/es\/wp-json\/wp\/v2\/types\/page"}],"author":[{"embeddable":true,"href":"https:\/\/buyegglass.com\/es\/wp-json\/wp\/v2\/users\/1"}],"replies":[{"embeddable":true,"href":"https:\/\/buyegglass.com\/es\/wp-json\/wp\/v2\/comments?post=2206"}],"version-history":[{"count":0,"href":"https:\/\/buyegglass.com\/es\/wp-json\/wp\/v2\/pages\/2206\/revisions"}],"wp:attachment":[{"href":"https:\/\/buyegglass.com\/es\/wp-json\/wp\/v2\/media?parent=2206"}],"curies":[{"name":"wp","href":"https:\/\/api.w.org\/{rel}","templated":true}]}}