{"id":2202,"date":"2025-09-19T01:30:32","date_gmt":"2025-09-19T01:30:32","guid":{"rendered":"https:\/\/buyegglass.com\/?page_id=2202"},"modified":"2025-10-09T08:30:48","modified_gmt":"2025-10-09T08:30:48","slug":"shipping-policy","status":"publish","type":"page","link":"https:\/\/buyegglass.com\/es\/shipping-policy\/","title":{"rendered":"Pol\u00edtica de env\u00edos"},"content":{"rendered":"<h4 class=\"wp-block-heading\">Ventana de env\u00edo y tramitaci\u00f3n<\/h4>\n\n\n\n<ul class=\"wp-block-list\">\n<li>Todos los pedidos se entregan normalmente entre 3 y 5 d\u00edas laborables despu\u00e9s de que el pedido haya sido\u00a0<em>procesado<\/em>\u00a0y\u00a0<em>enviado<\/em>.<\/li>\n\n\n\n<li>La tramitaci\u00f3n suele tardar entre 1 y 3 d\u00edas laborables, dependiendo del producto solicitado.<\/li>\n\n\n\n<li>Recibir\u00e1 su pedido normalmente entre 5 y 10 d\u00edas despu\u00e9s de realizarlo.\u00a0<\/li>\n\n\n\n<li>Si su pedido ha tardado m\u00e1s de lo previsto, p\u00f3ngase en contacto con nuestro servicio de atenci\u00f3n al cliente<\/li>\n\n\n\n<li><em>Estaremos encantados de arreglar las cosas reembols\u00e1ndole los gastos de env\u00edo, cancelando su pedido o ofreci\u00e9ndole un descuento en un pedido futuro por las molestias ocasionadas.<\/em><\/li>\n<\/ul>\n\n\n\n<p>Una vez embalado el pedido e impresa la etiqueta de env\u00edo, recibir\u00e1 un correo electr\u00f3nico con el n\u00famero de seguimiento. Tenga en cuenta que el n\u00famero de seguimiento puede tardar hasta 24 horas en activarse.<\/p>\n\n\n\n<h4 class=\"wp-block-heading\">Embalaje discreto<\/h4>\n\n\n\n<p>Todos los pedidos se embalan y env\u00edan en discretas cajas sencillas. No hay marcas\/logos\/palabras perceptibles para identificar el contenido de su paquete.<\/p>\n\n\n\n<h4 class=\"wp-block-heading\">Art\u00edculo(s) da\u00f1ado(s):<\/h4>\n\n\n\n<p>Buyegglass embala meticulosamente cada paquete con gran cuidado para garantizar que sus productos de vidrio lleguen tal y como salieron de nuestras instalaciones: \u00a1intactos! Dicho esto, a veces los accidentes son inevitables. En el caso muy improbable de que su(s) art\u00edculo(s) llegue(n) da\u00f1ado(s), por favor tome varias fotos del art\u00edculo da\u00f1ado, la caja y los materiales de embalaje, y env\u00edelas a <a href=\"https:\/\/buyegglass.com\/es\/contact\/\" data-type=\"page\" data-id=\"547\">Contacto<\/a>. Nuestro equipo de atenci\u00f3n al cliente le atender\u00e1 muy bien.<\/p>","protected":false},"excerpt":{"rendered":"<p>Shipping and Processing Window Once your order has been packed and the shipping label printed, you will receive an email from us with your tracking number. Please note that it can take up to 24 hours for the tracking number to activate. Discreet Packaging All orders are packed and shipped in discreet plain boxes. There [&hellip;]<\/p>\n","protected":false},"author":1,"featured_media":0,"parent":0,"menu_order":0,"comment_status":"closed","ping_status":"closed","template":"","meta":{"footnotes":""},"class_list":["post-2202","page","type-page","status-publish","hentry"],"blocksy_meta":{"has_hero_section":"default","styles_descriptor":{"styles":{"desktop":"","tablet":"","mobile":""},"google_fonts":[],"version":6},"vertical_spacing_source":"inherit","content_area_spacing":"both"},"_links":{"self":[{"href":"https:\/\/buyegglass.com\/es\/wp-json\/wp\/v2\/pages\/2202","targetHints":{"allow":["GET"]}}],"collection":[{"href":"https:\/\/buyegglass.com\/es\/wp-json\/wp\/v2\/pages"}],"about":[{"href":"https:\/\/buyegglass.com\/es\/wp-json\/wp\/v2\/types\/page"}],"author":[{"embeddable":true,"href":"https:\/\/buyegglass.com\/es\/wp-json\/wp\/v2\/users\/1"}],"replies":[{"embeddable":true,"href":"https:\/\/buyegglass.com\/es\/wp-json\/wp\/v2\/comments?post=2202"}],"version-history":[{"count":0,"href":"https:\/\/buyegglass.com\/es\/wp-json\/wp\/v2\/pages\/2202\/revisions"}],"wp:attachment":[{"href":"https:\/\/buyegglass.com\/es\/wp-json\/wp\/v2\/media?parent=2202"}],"curies":[{"name":"wp","href":"https:\/\/api.w.org\/{rel}","templated":true}]}}