{"id":19,"date":"2025-09-11T03:34:48","date_gmt":"2025-09-11T03:34:48","guid":{"rendered":"https:\/\/buyegglass.com\/?page_id=19"},"modified":"2025-10-09T08:27:55","modified_gmt":"2025-10-09T08:27:55","slug":"refund_returns","status":"publish","type":"page","link":"https:\/\/buyegglass.com\/es\/refund_returns\/","title":{"rendered":"Pol\u00edtica de devoluciones y reembolsos"},"content":{"rendered":"<p><b><strong>No aceptamos devoluciones de art\u00edculos usados.\u00a0<\/strong>Debido a la naturaleza de los productos que vendemos, no podemos aceptar devoluciones de art\u00edculos usados o consumibles.<\/b><\/p>\n\n\n\n<p><strong>PERO, haremos todo lo posible para que su pedido sea correcto y usted quede satisfecho.<\/strong><\/p>\n\n\n\n<p>Si un producto llega da\u00f1ado o se detecta un defecto de fabricaci\u00f3n, env\u00ede un correo electr\u00f3nico a <a href=\"https:\/\/buyegglass.com\/es\/contact\/\" data-type=\"page\" data-id=\"547\">Contacto<\/a> en las 48 horas siguientes a la recepci\u00f3n de su pedido. Nuestro equipo podr\u00e1 proporcionarle un reemplazo o ayudarle a canjear una garant\u00eda de fabricaci\u00f3n en el caso de productos electr\u00f3nicos defectuosos. Es posible que se requieran pruebas fotogr\u00e1ficas o en v\u00eddeo de la rotura o el defecto.\u00a0\u00a0<\/p>\n\n\n\n<p><strong><strong>Al utilizar nuestro sitio, reconoce que comprende y acepta nuestra pol\u00edtica y condiciones de devoluci\u00f3n.<\/strong><\/strong><\/p>","protected":false},"excerpt":{"rendered":"<p>We do not accept returns of used items.\u00a0Due to the nature of the products we sell, we are unable to accept returns of used or consumable items. BUT, we will do everything else to make your order right and make you happy. If a product arrives damaged or a manufacturing defect is identified, please send [&hellip;]<\/p>\n","protected":false},"author":1,"featured_media":0,"parent":0,"menu_order":0,"comment_status":"closed","ping_status":"closed","template":"","meta":{"footnotes":""},"class_list":["post-19","page","type-page","status-publish","hentry"],"blocksy_meta":[],"_links":{"self":[{"href":"https:\/\/buyegglass.com\/es\/wp-json\/wp\/v2\/pages\/19","targetHints":{"allow":["GET"]}}],"collection":[{"href":"https:\/\/buyegglass.com\/es\/wp-json\/wp\/v2\/pages"}],"about":[{"href":"https:\/\/buyegglass.com\/es\/wp-json\/wp\/v2\/types\/page"}],"author":[{"embeddable":true,"href":"https:\/\/buyegglass.com\/es\/wp-json\/wp\/v2\/users\/1"}],"replies":[{"embeddable":true,"href":"https:\/\/buyegglass.com\/es\/wp-json\/wp\/v2\/comments?post=19"}],"version-history":[{"count":0,"href":"https:\/\/buyegglass.com\/es\/wp-json\/wp\/v2\/pages\/19\/revisions"}],"wp:attachment":[{"href":"https:\/\/buyegglass.com\/es\/wp-json\/wp\/v2\/media?parent=19"}],"curies":[{"name":"wp","href":"https:\/\/api.w.org\/{rel}","templated":true}]}}