{"id":4927,"date":"2026-05-09T06:50:44","date_gmt":"2026-05-09T06:50:44","guid":{"rendered":"https:\/\/buyegglass.com\/?post_type=product&#038;p=4927"},"modified":"2026-05-14T06:23:48","modified_gmt":"2026-05-14T06:23:48","slug":"colorful-glass-bong-water-pipe-for-smoking-hookah-gift-kit","status":"publish","type":"product","link":"https:\/\/buyegglass.com\/de\/product\/colorful-glass-bong-water-pipe-for-smoking-hookah-gift-kit\/","title":{"rendered":"Bunte Glas Bong Wasserpfeife f\u00fcr Rauchen Wasserpfeife Geschenk Kit"},"content":{"rendered":"<p>Diese farbenfrohe Glasbong-Wasserpfeife wurde f\u00fcr H\u00e4ndler von Raucherzubeh\u00f6r f\u00fcr Erwachsene entwickelt, die auf der Suche nach hellen, regalfertigen Modellen sind. Das St\u00fcck verf\u00fcgt \u00fcber einen klaren, becherartigen Sockel, einen abgewinkelten Hals, einen abnehmbaren Kopf und passende farbige Akzente f\u00fcr einen koordinierten Look. Dank seiner kompakten, aber nicht winzigen Form l\u00e4sst er sich leicht ausstellen, verpacken und handhaben und bietet dennoch eine starke visuelle Pr\u00e4senz. Erh\u00e4ltlich in den Farben Blau, Gr\u00fcn, Rosa und Violett, eignet es sich f\u00fcr Geschenkk\u00e4ufer, Sammler und allt\u00e4gliche Nutzer. EG Glass kann Gro\u00dfhandelsanpassungen, eine kontinuierliche Produktion und h\u00e4ufige neue Designs unterst\u00fctzen, um den Gesch\u00e4ften bei der Auffrischung ihrer Bong- und Wasserpfeifenauswahl zu helfen, und zwar mit einer zuverl\u00e4ssigen, weltweiten Direktbelieferung.<\/p>","protected":false},"excerpt":{"rendered":"<p>Full-size colorful glass bong water pipe with a clear beaker-style base, angled neck, removable bowl, and matching blue, green, pink, or purple accents. A bright smoking accessory for retail shelves, gift buyers, and everyday collections.<\/p>","protected":false},"featured_media":4931,"comment_status":"open","ping_status":"closed","template":"","meta":[],"product_brand":[],"product_cat":[840],"product_tag":[119,913,110],"class_list":{"0":"post-4927","1":"product","2":"type-product","3":"status-publish","4":"has-post-thumbnail","6":"product_cat-water-pipe","7":"product_tag-glass-bong","8":"product_tag-smoking-accessories","9":"product_tag-water-pipe","11":"first","12":"instock","13":"shipping-taxable","14":"purchasable","15":"product-type-variable"},"_links":{"self":[{"href":"https:\/\/buyegglass.com\/de\/wp-json\/wp\/v2\/product\/4927","targetHints":{"allow":["GET"]}}],"collection":[{"href":"https:\/\/buyegglass.com\/de\/wp-json\/wp\/v2\/product"}],"about":[{"href":"https:\/\/buyegglass.com\/de\/wp-json\/wp\/v2\/types\/product"}],"replies":[{"embeddable":true,"href":"https:\/\/buyegglass.com\/de\/wp-json\/wp\/v2\/comments?post=4927"}],"wp:featuredmedia":[{"embeddable":true,"href":"https:\/\/buyegglass.com\/de\/wp-json\/wp\/v2\/media\/4931"}],"wp:attachment":[{"href":"https:\/\/buyegglass.com\/de\/wp-json\/wp\/v2\/media?parent=4927"}],"wp:term":[{"taxonomy":"product_brand","embeddable":true,"href":"https:\/\/buyegglass.com\/de\/wp-json\/wp\/v2\/product_brand?post=4927"},{"taxonomy":"product_cat","embeddable":true,"href":"https:\/\/buyegglass.com\/de\/wp-json\/wp\/v2\/product_cat?post=4927"},{"taxonomy":"product_tag","embeddable":true,"href":"https:\/\/buyegglass.com\/de\/wp-json\/wp\/v2\/product_tag?post=4927"}],"curies":[{"name":"wp","href":"https:\/\/api.w.org\/{rel}","templated":true}]}}