{"id":3951,"date":"2025-10-15T11:12:13","date_gmt":"2025-10-15T11:12:13","guid":{"rendered":"https:\/\/buyegglass.com\/?post_type=product&#038;p=3951"},"modified":"2025-10-15T11:12:13","modified_gmt":"2025-10-15T11:12:13","slug":"bonsai-series-cherry-tree-pot-hand-pipe-limited-time-offer","status":"publish","type":"product","link":"https:\/\/buyegglass.com\/de\/product\/bonsai-series-cherry-tree-pot-hand-pipe-limited-time-offer\/","title":{"rendered":"Bonsai Series-Cherry Tree Pot Hand Pipe Zeitlich begrenztes Angebot"},"content":{"rendered":"<h2 id=\"bonsai-series-cherry-tree-pot-hand-pipeline\">Bonsai Serie - Kirschbaum Topf Hand Pipeline<\/h2>\n<p>Akzeptieren Sie organischen Stil mit der Bonsai Collection Cherry Tree Pot Handpipe. Diese sch\u00f6ne Sammlung bietet eine eindeutige Zigarette Raucherlebnis, Mischen Virtuosit\u00e4t mit Funktionalit\u00e4t. Jede Handpfeife ist sorgf\u00e4ltig gearbeitet, um wie ein kleiner Kirschbaum aussehen, komplett mit komplizierten unverwechselbaren \"Laub\" in reichlich Farben wie tief weinrot, erdig braun, reichlich gr\u00fcn und dunkelblau, die alle mit zarten roten \"Kirschen\" geschm\u00fcckt. Der Baumstamm geht in einen glatten, lebendigen Topf-f\u00f6rmigen Basis leicht auf der anderen Seite T\u00f6ne von hellen umweltfreundlichen, himmelblau, knackig wei\u00df und klassisch schwarz zur Verf\u00fcgung. Diese aus hochwertigem Glas hergestellten Pfeifen sind nicht einfach nur Zigarettenzubeh\u00f6r, sondern echte Sammlerst\u00fccke, am besten f\u00fcr diejenigen, die ein ausgepr\u00e4gtes Layout und eine verbesserte Verarbeitung sch\u00e4tzen. Eine atemberaubende Bereicherung f\u00fcr jede Art von Sammlung oder ein durchdachtes Geschenk f\u00fcr Liebhaber.<\/p>","protected":false},"excerpt":{"rendered":"<p>Discover the Bonsai Series Cherry Tree Pot Hand Pipe. This limited edition glass pipe features a detailed cherry tree design with a dark red canopy and a white pot base. A unique and artistic smoking accessory for collectors.<\/p>","protected":false},"featured_media":3952,"comment_status":"open","ping_status":"closed","template":"","meta":[],"product_brand":[],"product_cat":[43],"product_tag":[397,398,138],"class_list":{"0":"post-3951","1":"product","2":"type-product","3":"status-publish","4":"has-post-thumbnail","6":"product_cat-hand-pipe","7":"product_tag-bonsai-pipe","8":"product_tag-cherry-tree-pipe","9":"product_tag-glass-hand-pipe","11":"first","12":"instock","13":"shipping-taxable","14":"purchasable","15":"product-type-variable"},"_links":{"self":[{"href":"https:\/\/buyegglass.com\/de\/wp-json\/wp\/v2\/product\/3951","targetHints":{"allow":["GET"]}}],"collection":[{"href":"https:\/\/buyegglass.com\/de\/wp-json\/wp\/v2\/product"}],"about":[{"href":"https:\/\/buyegglass.com\/de\/wp-json\/wp\/v2\/types\/product"}],"replies":[{"embeddable":true,"href":"https:\/\/buyegglass.com\/de\/wp-json\/wp\/v2\/comments?post=3951"}],"wp:featuredmedia":[{"embeddable":true,"href":"https:\/\/buyegglass.com\/de\/wp-json\/wp\/v2\/media\/3952"}],"wp:attachment":[{"href":"https:\/\/buyegglass.com\/de\/wp-json\/wp\/v2\/media?parent=3951"}],"wp:term":[{"taxonomy":"product_brand","embeddable":true,"href":"https:\/\/buyegglass.com\/de\/wp-json\/wp\/v2\/product_brand?post=3951"},{"taxonomy":"product_cat","embeddable":true,"href":"https:\/\/buyegglass.com\/de\/wp-json\/wp\/v2\/product_cat?post=3951"},{"taxonomy":"product_tag","embeddable":true,"href":"https:\/\/buyegglass.com\/de\/wp-json\/wp\/v2\/product_tag?post=3951"}],"curies":[{"name":"wp","href":"https:\/\/api.w.org\/{rel}","templated":true}]}}