{"id":3920,"date":"2025-10-13T12:53:53","date_gmt":"2025-10-13T12:53:53","guid":{"rendered":"https:\/\/buyegglass.com\/?post_type=product&#038;p=3920"},"modified":"2025-10-15T12:13:52","modified_gmt":"2025-10-15T12:13:52","slug":"customizable-wig-wag-mushroom-hand-pipe-same-day-delivery","status":"publish","type":"product","link":"https:\/\/buyegglass.com\/de\/product\/customizable-wig-wag-mushroom-hand-pipe-same-day-delivery\/","title":{"rendered":"Anpassbare Per\u00fccke Wag Pilz Handpfeife Same-Day-Lieferung"},"content":{"rendered":"<h2 id=\"customizable-wig-wag-mushroom-hand-pipe\">Anpassbare Wig Wag Pilz Handpfeife<\/h2>\n<p>Erleben Sie die einzigartige Kunstfertigkeit der Adjustable Wig Wag Mushroom Hand Pipeline, ein lebendiges und kleines Rauchger\u00e4t. Diese Handpfeife mit dem attraktiven Wig-Wag-Stil auf der Pilzkappe ist sowohl \u00e4sthetisch ansprechend als auch tragbar. Ihre ergonomische Form sorgt f\u00fcr einen bequemen Halt, w\u00e4hrend das widerstandsf\u00e4hige Material eine lange Lebensdauer garantiert. Sie ist perfekt f\u00fcr den Genuss unterwegs und wird noch am selben Tag ausgeliefert. Erg\u00e4nzen Sie Ihre Sammlung mit diesem einzigartigen und anpassungsf\u00e4higen Artikel.<\/p>","protected":false},"excerpt":{"rendered":"<p>This unique mushroom hand pipe boasts a vibrant wig wag design and a comfortable grip. Durable and portable, it&#8217;s perfect for on-the-go. Enjoy same-day delivery!<\/p>","protected":false},"featured_media":4039,"comment_status":"open","ping_status":"closed","template":"","meta":[],"product_brand":[],"product_cat":[43],"product_tag":[114,392,391],"class_list":{"0":"post-3920","1":"product","2":"type-product","3":"status-publish","4":"has-post-thumbnail","6":"product_cat-hand-pipe","7":"product_tag-hand-pipe","8":"product_tag-mushroom-pipe","9":"product_tag-wig-wag","11":"first","12":"instock","13":"shipping-taxable","14":"purchasable","15":"product-type-variable"},"_links":{"self":[{"href":"https:\/\/buyegglass.com\/de\/wp-json\/wp\/v2\/product\/3920","targetHints":{"allow":["GET"]}}],"collection":[{"href":"https:\/\/buyegglass.com\/de\/wp-json\/wp\/v2\/product"}],"about":[{"href":"https:\/\/buyegglass.com\/de\/wp-json\/wp\/v2\/types\/product"}],"replies":[{"embeddable":true,"href":"https:\/\/buyegglass.com\/de\/wp-json\/wp\/v2\/comments?post=3920"}],"wp:featuredmedia":[{"embeddable":true,"href":"https:\/\/buyegglass.com\/de\/wp-json\/wp\/v2\/media\/4039"}],"wp:attachment":[{"href":"https:\/\/buyegglass.com\/de\/wp-json\/wp\/v2\/media?parent=3920"}],"wp:term":[{"taxonomy":"product_brand","embeddable":true,"href":"https:\/\/buyegglass.com\/de\/wp-json\/wp\/v2\/product_brand?post=3920"},{"taxonomy":"product_cat","embeddable":true,"href":"https:\/\/buyegglass.com\/de\/wp-json\/wp\/v2\/product_cat?post=3920"},{"taxonomy":"product_tag","embeddable":true,"href":"https:\/\/buyegglass.com\/de\/wp-json\/wp\/v2\/product_tag?post=3920"}],"curies":[{"name":"wp","href":"https:\/\/api.w.org\/{rel}","templated":true}]}}