{"id":3821,"date":"2025-09-26T10:03:53","date_gmt":"2025-09-26T10:03:53","guid":{"rendered":"https:\/\/buyegglass.com\/?post_type=product&#038;p=3821"},"modified":"2025-10-20T07:47:51","modified_gmt":"2025-10-20T07:47:51","slug":"beaker-bongs-es24869-8-inch-clear-unbreakable-beaker-buy","status":"publish","type":"product","link":"https:\/\/buyegglass.com\/de\/product\/beaker-bongs-es24869-8-inch-clear-unbreakable-beaker-buy\/","title":{"rendered":"Becher Bongs ES24869 8 Zoll klar unzerbrechlich Becher kaufen"},"content":{"rendered":"<h2>Becher Bongs ES24869 8 Zoll klar unzerbrechlich Becher<\/h2>\n<p>Die Beaker Bongs ES24869 ist f\u00fcr Langlebigkeit und t\u00e4glichen Nutzen gemacht. Mit einer H\u00f6he von 8 Zoll bietet dieser Artikel einen einfachen, aber zuverl\u00e4ssigen Stil, der aus dickem Borosilikatglas hergestellt wird und somit stabil genug ist, um wiederholten Gebrauch ohne Kompromisse zu \u00fcberstehen. Die klare Oberfl\u00e4che unterstreicht die klaren Linien und den zeitlosen Look und bietet sowohl Leistung als auch visuellen Reiz.<\/p>\n<p>Der gro\u00dfe Becherboden sorgt f\u00fcr zus\u00e4tzliche Stabilit\u00e4t w\u00e4hrend der Sitzungen und verringert die Gefahr des Umkippens. Es kommt mit einem abnehmbaren Downstem und passenden Glasschale, mit glatten Luftstrom und einfache Reinigung. Das abgewinkelte Gelenk erzeugt einen bequemen Griff, w\u00e4hrend das ausgestellte Mundst\u00fcck eine sichere und komfortable Abdichtung f\u00fcr jeden Zug bietet.<\/p>\n<p>Trick-Funktionen<\/p>\n<p>8 Zoll kompakte Abmessungen, perfekt f\u00fcr den t\u00e4glichen Gebrauch<\/p>\n<p>Hochwertige Borosilikatglas-Konstruktion f\u00fcr maximale Robustheit<\/p>\n<p>Klares Glasdesign f\u00fcr eine traditionelle, minimalistische \u00c4sthetik<\/p>\n<p>Breiter Becherboden f\u00fcr mehr Sicherheit<\/p>\n<p>Abnehmbarer Stiel und Glasschale f\u00fcr einfache Reinigung und Komfort<\/p>\n<p>Aufgeweitetes Mundst\u00fcck f\u00fcr sanfte, bequeme Z\u00fcge<\/p>\n<p>Ob Sie nun ein mobiles Ger\u00e4t f\u00fcr zu Hause oder eine starke Alternative f\u00fcr unterwegs suchen, die ES24869 bietet beides. Dank ihres kleinen Layouts ist sie einfach zu verstauen und zu transportieren, bietet aber dennoch die Effizienz gr\u00f6\u00dferer Bongs.<\/p>\n<p>Diese Beaker Bongs Bong ist am besten f\u00fcr Raucher geeignet, die ein unkompliziertes und widerstandsf\u00e4higes St\u00fcck ohne unn\u00f6tigen Schnickschnack w\u00fcnschen. Die solide Konstruktion hohe Qualit\u00e4t sorgt daf\u00fcr, dass es dauert, w\u00e4hrend die klare Borosilikatglas h\u00e4lt es festinating und schlank.<\/p>\n<p>Aktualisieren Sie Ihre Sammlung mit dieser bew\u00e4hrten Becherbong und genie\u00dfen Sie jedes Mal unbeschwerte Sessions.<\/p>","protected":false},"excerpt":{"rendered":"<p>Beaker Bongs ES24869 8 Inch Clear Unbreakable Beaker combines a simple, sturdy design with high-quality borosilicate glass. Its compact size makes it portable and easy to handle, while the wide base ensures stability during use. Perfect for daily sessions with smooth, reliable performance.<\/p>","protected":false},"featured_media":3823,"comment_status":"open","ping_status":"closed","template":"","meta":[],"product_brand":[],"product_cat":[39],"product_tag":[367,226,366],"class_list":{"0":"post-3821","1":"product","2":"type-product","3":"status-publish","4":"has-post-thumbnail","6":"product_cat-beaker-bongs","7":"product_tag-8-inch-bong","8":"product_tag-beaker-bong","9":"product_tag-clear-glass-bong","11":"first","12":"instock","13":"shipping-taxable","14":"purchasable","15":"product-type-variable"},"_links":{"self":[{"href":"https:\/\/buyegglass.com\/de\/wp-json\/wp\/v2\/product\/3821","targetHints":{"allow":["GET"]}}],"collection":[{"href":"https:\/\/buyegglass.com\/de\/wp-json\/wp\/v2\/product"}],"about":[{"href":"https:\/\/buyegglass.com\/de\/wp-json\/wp\/v2\/types\/product"}],"replies":[{"embeddable":true,"href":"https:\/\/buyegglass.com\/de\/wp-json\/wp\/v2\/comments?post=3821"}],"wp:featuredmedia":[{"embeddable":true,"href":"https:\/\/buyegglass.com\/de\/wp-json\/wp\/v2\/media\/3823"}],"wp:attachment":[{"href":"https:\/\/buyegglass.com\/de\/wp-json\/wp\/v2\/media?parent=3821"}],"wp:term":[{"taxonomy":"product_brand","embeddable":true,"href":"https:\/\/buyegglass.com\/de\/wp-json\/wp\/v2\/product_brand?post=3821"},{"taxonomy":"product_cat","embeddable":true,"href":"https:\/\/buyegglass.com\/de\/wp-json\/wp\/v2\/product_cat?post=3821"},{"taxonomy":"product_tag","embeddable":true,"href":"https:\/\/buyegglass.com\/de\/wp-json\/wp\/v2\/product_tag?post=3821"}],"curies":[{"name":"wp","href":"https:\/\/api.w.org\/{rel}","templated":true}]}}