{"id":3801,"date":"2025-09-26T09:59:49","date_gmt":"2025-09-26T09:59:49","guid":{"rendered":"https:\/\/buyegglass.com\/?post_type=product&#038;p=3801"},"modified":"2025-10-10T09:52:03","modified_gmt":"2025-10-10T09:52:03","slug":"dab-oil-rigs-es24834-borosilicate-glass-buy-now-concentrate","status":"publish","type":"product","link":"https:\/\/buyegglass.com\/de\/product\/dab-oil-rigs-es24834-borosilicate-glass-buy-now-concentrate\/","title":{"rendered":"Dab Oil Rigs ES24834 Borosilikatglas Jetzt kaufen Konzentrat"},"content":{"rendered":"<h2>Dab \u00d6l Rigs ES24834- K\u00fcnstlerische Borosilikatglas 9,5 Zoll<\/h2>\n<p>Das Dab Oil Rigs ES24834 ist ein optisch auff\u00e4lliges Glasger\u00e4t f\u00fcr Konzentratliebhaber, die sowohl Design als auch Effizienz sch\u00e4tzen. Hergestellt aus Kosten Borosilikatglas, bietet dieses 9,5-Zoll-St\u00fcck Widerstandsf\u00e4higkeit, W\u00e4rmebest\u00e4ndigkeit und glatte F\u00e4higkeit, garantiert jede Sitzung f\u00fchlt sich fein abgestimmt und befriedigend.<\/p>\n<p>Das herausragende Merkmal dieses Ger\u00e4ts ist sein detailliertes k\u00fcnstlerisches Mittelst\u00fcck mit starken und lebendigen Zeichen, die in kristallklarem Glas eingeschlossen sind. Die lebendigen Akzente auf dem Mundst\u00fcck, der Basis und dem Gelenk sorgen f\u00fcr ein auff\u00e4lliges Layout, das auf dem Bildschirm genauso gut aussieht, wie es sich im Gebrauch anf\u00fchlt. Jedes St\u00fcck ist handgefertigt, was ihm eine besondere Sch\u00f6nheit und einen besonderen Sammlercharme verleiht.<\/p>\n<p>Entwickelt f\u00fcr Funktion und Stil<\/p>\n<p>Ausgestattet mit einem stabilen Sockel und einem geneigten Gelenk, bietet der ES24834 Sicherheit und Komfort w\u00e4hrend des Betriebs. Der gebogene Hals hilft, Spritzwasser zu reduzieren und sorgt so f\u00fcr eine glatte, saubere Anziehungskraft. Die inneren Glasakzente sind nicht nur dekorativ - sie helfen, die Luftbewegung zu lenken und sorgen so f\u00fcr einen k\u00fchleren und viel befriedigenderen Treffer.<\/p>\n<p>Diese Anlage besteht ebenfalls aus einer Standard-Glasschale, so dass sie direkt nach dem Auspacken f\u00fcr die Fokussierung bereit ist. Seine kleine 9,5-Zoll-Abmessung macht es funktional: am besten f\u00fcr zu Hause Sitzungen noch klein genug, um f\u00fcr Reisen oder soziale Nutzung zu bringen.<\/p>\n<p>Warum sollten Sie sich f\u00fcr das ES24834 entscheiden?<\/p>\n<p>Handgefertigtes Borosilikatglas f\u00fcr St\u00e4rke und W\u00e4rmebest\u00e4ndigkeit<\/p>\n<p>Ausgepr\u00e4gte phantasievolle Pers\u00f6nlichkeitsstile innerhalb der Kammer<\/p>\n<p>9,5-Zoll-Abmessungen f\u00fcr ein ausgewogenes Verh\u00e4ltnis zwischen Transportf\u00e4higkeit und Leistung<\/p>\n<p>Stabiler breiter Sockel und gebogener Hals f\u00fcr einfache Handhabung<\/p>\n<p>Perfektes Geschenk oder Sammlerst\u00fcck f\u00fcr Glasliebhaber<\/p>\n<p>Das Dab Oil Rigs ES24834 vereint Handwerkskunst, kreatives Denken und funktionelles Design. Egal, ob Du ein informeller Nutzer oder ein engagierter Sammler bist, dieser Artikel bringt Stil und Leistung in jede Konzentrat-Session.<\/p>","protected":false},"excerpt":{"rendered":"<p>Crafted from durable borosilicate glass, the ES24834 dab oil rig stands 9 inches tall and features bold character accents with detailed percolation for smooth concentrate sessions. Its vibrant base colors and creative design make it a standout piece for collectors and daily users.<\/p>","protected":false},"featured_media":3809,"comment_status":"open","ping_status":"closed","template":"","meta":[],"product_brand":[],"product_cat":[41],"product_tag":[280,365,128],"class_list":{"0":"post-3801","1":"product","2":"type-product","3":"status-publish","4":"has-post-thumbnail","6":"product_cat-dab-oil-rigs","7":"product_tag-borosilicate-glass-rig","8":"product_tag-concentrate-pipe","9":"product_tag-dab-oil-rig","11":"first","12":"instock","13":"shipping-taxable","14":"purchasable","15":"product-type-variable"},"_links":{"self":[{"href":"https:\/\/buyegglass.com\/de\/wp-json\/wp\/v2\/product\/3801","targetHints":{"allow":["GET"]}}],"collection":[{"href":"https:\/\/buyegglass.com\/de\/wp-json\/wp\/v2\/product"}],"about":[{"href":"https:\/\/buyegglass.com\/de\/wp-json\/wp\/v2\/types\/product"}],"replies":[{"embeddable":true,"href":"https:\/\/buyegglass.com\/de\/wp-json\/wp\/v2\/comments?post=3801"}],"wp:featuredmedia":[{"embeddable":true,"href":"https:\/\/buyegglass.com\/de\/wp-json\/wp\/v2\/media\/3809"}],"wp:attachment":[{"href":"https:\/\/buyegglass.com\/de\/wp-json\/wp\/v2\/media?parent=3801"}],"wp:term":[{"taxonomy":"product_brand","embeddable":true,"href":"https:\/\/buyegglass.com\/de\/wp-json\/wp\/v2\/product_brand?post=3801"},{"taxonomy":"product_cat","embeddable":true,"href":"https:\/\/buyegglass.com\/de\/wp-json\/wp\/v2\/product_cat?post=3801"},{"taxonomy":"product_tag","embeddable":true,"href":"https:\/\/buyegglass.com\/de\/wp-json\/wp\/v2\/product_tag?post=3801"}],"curies":[{"name":"wp","href":"https:\/\/api.w.org\/{rel}","templated":true}]}}