{"id":3750,"date":"2025-09-26T09:44:38","date_gmt":"2025-09-26T09:44:38","guid":{"rendered":"https:\/\/buyegglass.com\/?post_type=product&#038;p=3750"},"modified":"2025-10-10T08:24:56","modified_gmt":"2025-10-10T08:24:56","slug":"dab-oil-rigs-borosilicate-glass-es24828-8-5inch-shop-online","status":"publish","type":"product","link":"https:\/\/buyegglass.com\/de\/product\/dab-oil-rigs-borosilicate-glass-es24828-8-5inch-shop-online\/","title":{"rendered":"Dab \u00d6l Rigs Borosilikatglas ES24828 8.5Zoll Shop Online"},"content":{"rendered":"<h2>Dab \u00d6l Rigs Borosilikatglas ES24828 8,5 Zoll Shop Online<\/h2>\n<p>Das Bit Oil Rig ES24828 ist ein 8,5-Zoll-Kunstwerk aus kostbarem Borosilikatglas, hergestellt f\u00fcr konzentrierte Nutzer, die Langlebigkeit, Funktion und Stil w\u00fcnschen. Dieses St\u00fcck zeigt eine besondere Innenfigur Attribut in starken Schattierungen, so dass es nicht einfach ein Getriebe noch ein Standout Kunstobjekt f\u00fcr Ihre Sammlung.<\/p>\n<p>Kosten Borosilikatbau<\/p>\n<p>Die aus modernstem Borosilikatglas gefertigten Ger\u00e4te garantieren eine hohe Ausdauer und Hitzebest\u00e4ndigkeit. Es wurde entwickelt, um hohen Temperaturen standzuhalten und dabei Klarheit und Leistung zu bewahren.<\/p>\n<p>Praktischer Stil<\/p>\n<p>Mit einer H\u00f6he von 8,5 Zoll bietet diese Ausr\u00fcstung die ideale Balance zwischen Mobilit\u00e4t und Funktionalit\u00e4t. Die breite Basis sorgt f\u00fcr Stabilit\u00e4t und sch\u00fctzt vor unbeabsichtigtem Umkippen w\u00e4hrend der Sitzungen, w\u00e4hrend der gebogene Hals f\u00fcr Bequemlichkeit und Streusicherheit sorgt.<\/p>\n<p>Einzigartige visuelle Reize<\/p>\n<p>Was die Dab Oil Rigs ES24828 auszeichnet, ist ihr lebendiges Innenleben, das von der Glaskammer eingerahmt wird. Jedes St\u00fcck hat einen lebendigen und starken Stil, der es visuell interessant macht. Ob auf dem Bildschirm oder im Gebrauch, dieses Rig zieht die Aufmerksamkeit von normalen Glaswaren an.<\/p>\n<p>Eigenschaften<\/p>\n<p>H\u00f6he: 8,5 Zoll<\/p>\n<p>Hergestellt aus Borosilikatglas<\/p>\n<p>Breite Basis f\u00fcr mehr Sicherheit<\/p>\n<p>Gebogener Hals f\u00fcr Spritzschutzsicherheit<\/p>\n<p>Einzigartiger Indoor-Figurenstil<\/p>\n<p>Geeignet f\u00fcr Konzentrate und sanfte Dabbing-Sessions<\/p>\n<p>Der Dab Oil Rigs ES24828 verbindet kunstvolle Kreativit\u00e4t mit zuverl\u00e4ssiger Effizienz. Seine kompakte Gr\u00f6\u00dfe macht es praktisch f\u00fcr den t\u00e4glichen Gebrauch, w\u00e4hrend es dennoch weiche, schmackhafte Hits liefert. Perfekt f\u00fcr Sammelstellen und Konzentrat-Fanatiker gleicherma\u00dfen, mischt diese Ausr\u00fcstung Haltbarkeit, Komfort und starke \u00c4sthetik in einem Paket.<\/p>\n<p>Bringen Sie kreatives Denken und Funktion mit diesem Dab Oil Rig zusammen - ein wichtiges Element f\u00fcr den Zeitplan eines jeden bedeutenden Rauchers.<\/p>","protected":false},"excerpt":{"rendered":"<p>The Dab Oil Rigs Borosilicate Glass ES24828 8.5-inch piece blends durability with playful artistry. Featuring a unique internal character design, bold colored bases, and precision glasswork, it ensures smooth concentrate sessions. Its compact size makes it portable while delivering impressive performance.<\/p>","protected":false},"featured_media":3761,"comment_status":"open","ping_status":"closed","template":"","meta":[],"product_brand":[],"product_cat":[41],"product_tag":[356,280,155],"class_list":{"0":"post-3750","1":"product","2":"type-product","3":"status-publish","4":"has-post-thumbnail","6":"product_cat-dab-oil-rigs","7":"product_tag-8-5-inch-dab-rig","8":"product_tag-borosilicate-glass-rig","9":"product_tag-dab-oil-rigs","11":"first","12":"instock","13":"shipping-taxable","14":"purchasable","15":"product-type-variable"},"_links":{"self":[{"href":"https:\/\/buyegglass.com\/de\/wp-json\/wp\/v2\/product\/3750","targetHints":{"allow":["GET"]}}],"collection":[{"href":"https:\/\/buyegglass.com\/de\/wp-json\/wp\/v2\/product"}],"about":[{"href":"https:\/\/buyegglass.com\/de\/wp-json\/wp\/v2\/types\/product"}],"replies":[{"embeddable":true,"href":"https:\/\/buyegglass.com\/de\/wp-json\/wp\/v2\/comments?post=3750"}],"wp:featuredmedia":[{"embeddable":true,"href":"https:\/\/buyegglass.com\/de\/wp-json\/wp\/v2\/media\/3761"}],"wp:attachment":[{"href":"https:\/\/buyegglass.com\/de\/wp-json\/wp\/v2\/media?parent=3750"}],"wp:term":[{"taxonomy":"product_brand","embeddable":true,"href":"https:\/\/buyegglass.com\/de\/wp-json\/wp\/v2\/product_brand?post=3750"},{"taxonomy":"product_cat","embeddable":true,"href":"https:\/\/buyegglass.com\/de\/wp-json\/wp\/v2\/product_cat?post=3750"},{"taxonomy":"product_tag","embeddable":true,"href":"https:\/\/buyegglass.com\/de\/wp-json\/wp\/v2\/product_tag?post=3750"}],"curies":[{"name":"wp","href":"https:\/\/api.w.org\/{rel}","templated":true}]}}