{"id":3731,"date":"2025-09-26T09:38:14","date_gmt":"2025-09-26T09:38:14","guid":{"rendered":"https:\/\/buyegglass.com\/?post_type=product&#038;p=3731"},"modified":"2025-10-10T09:11:51","modified_gmt":"2025-10-10T09:11:51","slug":"dab-oil-rigs-10inch-borosilicate-glass-buy-now-concentrate","status":"publish","type":"product","link":"https:\/\/buyegglass.com\/de\/product\/dab-oil-rigs-10inch-borosilicate-glass-buy-now-concentrate\/","title":{"rendered":"Dab Oil Rigs 10inch Borosilikatglas Jetzt kaufen Konzentrat"},"content":{"rendered":"<h2>Dab Oil Rigs 10inch Borosilikatglas Kauf derzeit Konzentrat<\/h2>\n<p>Diese 10-Zoll-Dab-Rigs bieten ein verspieltes und dennoch praktisches Design, das aus widerstandsf\u00e4higem Borosilikatglas gefertigt ist. Der runde K\u00f6rper garantiert Stabilit\u00e4t und einen gleichm\u00e4\u00dfigen Luftstrom, w\u00e4hrend die bunten, flachen Akzente im Inneren der Kammer einen fantasievollen Touch haben, der sie von herk\u00f6mmlichen Rigs abhebt.<\/p>\n<p>Das Rig ist f\u00fcr Konzentrat-Liebhaber konstruiert, die sowohl auf Design als auch auf Leistung Wert legen. Seine breite Basis sorgt f\u00fcr Gleichgewicht bei der Verwendung, und das gebogene Mundst\u00fcck sorgt f\u00fcr komfortable Sessions. Die Kosten Borosilikatglas Konstruktion garantiert W\u00e4rmebest\u00e4ndigkeit, so dass es perfekt f\u00fcr den t\u00e4glichen Gebrauch ohne Gef\u00e4hrdung der Robustheit.<\/p>\n<p>Attribute<\/p>\n<p>10-Zoll-H\u00f6he f\u00fcr kompakte und dennoch effektive Treffer<\/p>\n<p>Hergestellt aus hochwertigem Borosilikatglas<\/p>\n<p>Spezielles Flugzeuginnenraum-Layout f\u00fcr herausragende \u00c4sthetik<\/p>\n<p>Breiter runder Sockel f\u00fcr zus\u00e4tzliche Stabilit\u00e4t<\/p>\n<p>Gebogener Hals zum Schutz des Armaturenbretts und f\u00fcr bequemen Gebrauch<\/p>\n<p>Perfekt f\u00fcr konzentriertes und gleichm\u00e4\u00dfiges Betupfen<\/p>\n<p>Dieser Artikel funktioniert nicht nur als effektives Dab-Ger\u00e4t, sondern auch als ein ausstellungsw\u00fcrdiges Kunstwerk. Jedes Ger\u00e4t kommt mit lebhaften farbigen Akzenten und bietet eine Auswahl, die zu Deinem individuellen Stil passt. Egal, ob Du ein erfahrener Raucher oder ein Neuling bist, diese Ausr\u00fcstung liefert ordentliche, schmackhafte Hits und macht jede Session viel angenehmer.<\/p>\n<p>Bringen Sie Phantasie und reibungslose Leistung in Ihre Sammlung mit diesem 10-Zoll-Borosilikatglas Dab Oil Rigs - wo Haltbarkeit erf\u00fcllt kreative Design.<\/p>","protected":false},"excerpt":{"rendered":"<p>This 10-inch dab oil rig is made from premium borosilicate glass with a unique spherical chamber design. Featuring playful airplane accents, a bent neck for comfort, and a sturdy wide base, it delivers smooth, flavorful concentrate hits while adding a creative, artistic touch to any collection.<\/p>","protected":false},"featured_media":3738,"comment_status":"open","ping_status":"closed","template":"","meta":[],"product_brand":[],"product_cat":[41],"product_tag":[353,128,352],"class_list":{"0":"post-3731","1":"product","2":"type-product","3":"status-publish","4":"has-post-thumbnail","6":"product_cat-dab-oil-rigs","7":"product_tag-10-inch-dab-rig","8":"product_tag-dab-oil-rig","9":"product_tag-glass-concentrate-rig","11":"first","12":"instock","13":"shipping-taxable","14":"purchasable","15":"product-type-variable"},"_links":{"self":[{"href":"https:\/\/buyegglass.com\/de\/wp-json\/wp\/v2\/product\/3731","targetHints":{"allow":["GET"]}}],"collection":[{"href":"https:\/\/buyegglass.com\/de\/wp-json\/wp\/v2\/product"}],"about":[{"href":"https:\/\/buyegglass.com\/de\/wp-json\/wp\/v2\/types\/product"}],"replies":[{"embeddable":true,"href":"https:\/\/buyegglass.com\/de\/wp-json\/wp\/v2\/comments?post=3731"}],"wp:featuredmedia":[{"embeddable":true,"href":"https:\/\/buyegglass.com\/de\/wp-json\/wp\/v2\/media\/3738"}],"wp:attachment":[{"href":"https:\/\/buyegglass.com\/de\/wp-json\/wp\/v2\/media?parent=3731"}],"wp:term":[{"taxonomy":"product_brand","embeddable":true,"href":"https:\/\/buyegglass.com\/de\/wp-json\/wp\/v2\/product_brand?post=3731"},{"taxonomy":"product_cat","embeddable":true,"href":"https:\/\/buyegglass.com\/de\/wp-json\/wp\/v2\/product_cat?post=3731"},{"taxonomy":"product_tag","embeddable":true,"href":"https:\/\/buyegglass.com\/de\/wp-json\/wp\/v2\/product_tag?post=3731"}],"curies":[{"name":"wp","href":"https:\/\/api.w.org\/{rel}","templated":true}]}}