{"id":3727,"date":"2025-09-26T09:30:19","date_gmt":"2025-09-26T09:30:19","guid":{"rendered":"https:\/\/buyegglass.com\/?post_type=product&#038;p=3727"},"modified":"2025-10-10T08:29:20","modified_gmt":"2025-10-10T08:29:20","slug":"es23358a-beaker-bongs-glass-12-inch-clear-unbreakable-beaker","status":"publish","type":"product","link":"https:\/\/buyegglass.com\/de\/product\/es23358a-beaker-bongs-glass-12-inch-clear-unbreakable-beaker\/","title":{"rendered":"ES23358A Becher Bongs Glas 12 Zoll klar unzerbrechlich Becher"},"content":{"rendered":"<h2>Becher Bongs ES23358A 12 Zoll Klarglas<\/h2>\n<p>Die Beaker Bongs ES23358A ist eine traditionelle 12-Zoll-Bong, die f\u00fcr Widerstandsf\u00e4higkeit, Design und reibungslose Leistung gemacht ist. Hergestellt aus hochwertigem Borosilikatglas, bietet diese Beaker Bong eine au\u00dfergew\u00f6hnliche Best\u00e4ndigkeit gegen W\u00e4rme und St\u00f6\u00dfe, was sie zu einer zuverl\u00e4ssigen Option sowohl f\u00fcr den t\u00e4glichen Gebrauch als auch f\u00fcr eine dauerhafte Sammlung macht.<\/p>\n<p>Das becherartige Layout verbessert die Stabilit\u00e4t, vor allem dank der gro\u00dfen Basis, die vor dem Umkippen sch\u00fctzt und gleichzeitig eine gr\u00f6\u00dfere Wassermenge erm\u00f6glicht. Diese zus\u00e4tzliche Wassermenge sorgt f\u00fcr eine bessere Filterung, k\u00fchlt den Rauch erfolgreich und liefert glattere, sauberere Hits jedes Mal.<\/p>\n<p>Der gerade Hals und das breitrandige Mundst\u00fcck der ES23358A sorgen f\u00fcr Bequemlichkeit beim Einatmen, w\u00e4hrend ihr durchsichtiger K\u00f6rper es Ihnen erm\u00f6glicht, sich an der \u00e4sthetischen Zirkulation von Rauch und Blasen w\u00e4hrend jeder Session zu erfreuen. Sein minimalistischer, klarer Look unterstreicht die Handwerkskunst und verleiht ihm ein glattes, professionelles Aussehen, das sicherlich nie aus der Mode kommen wird.<\/p>\n<p>Attribute<\/p>\n<p>H\u00f6he: 12 Zoll<\/p>\n<p>Bau und Konstruktion aus hochwertigem Borosilikatglas<\/p>\n<p>Becherboden f\u00fcr Stabilit\u00e4t und gr\u00f6\u00dfere Wassermenge<\/p>\n<p>Gerader Hals mit breitem Mundst\u00fcck f\u00fcr mehr Komfort<\/p>\n<p>Downstem f\u00fcr reibungslose Diffusion<\/p>\n<p>Leicht zu reinigen und zu pflegen<\/p>\n<p>Kristallklares Geh\u00e4use f\u00fcr einen modernen, minimalistischen Look<\/p>\n<p>Der abnehmbare Downstem erleichtert die Reinigung und verbessert die Rauchdiffusion. In Verbindung mit dem robusten Design der Bong macht diese Eigenschaft die ES23358A zu einer au\u00dfergew\u00f6hnlichen Wahl f\u00fcr Anf\u00e4nger und erfahrene Raucher gleicherma\u00dfen. Die Gr\u00f6\u00dfe der Bong stellt das perfekte Gleichgewicht zwischen Transportf\u00e4higkeit und Leistung dar und bietet Erfolg, ohne l\u00e4stig zu sein.<\/p>\n<p>F\u00fcr jeden, der ein langlebiges, unkompliziertes Produkt sucht, bietet die Beaker Bongs ES23358A Zuverl\u00e4ssigkeit, Z\u00e4higkeit und reibungslose Effizienz. Egal, ob Sie zu Ihrer Sammlung beitragen oder auf der Suche nach einer allt\u00e4glichen Bong sind, dieser klare 12-Zoll-Becher hebt sich als solide Wahl ab.<\/p>","protected":false},"excerpt":{"rendered":"<p>The ES23358A Beaker Bong stands 12 inches tall, crafted from clear borosilicate glass for durability. Its classic beaker shape ensures stability, while the simple, unbreakable design delivers smooth, powerful hits. Perfect for everyday use, combining function, strength, and timeless glassware appeal.<\/p>","protected":false},"featured_media":3728,"comment_status":"open","ping_status":"closed","template":"","meta":[],"product_brand":[],"product_cat":[39],"product_tag":[341,226,366],"class_list":{"0":"post-3727","1":"product","2":"type-product","3":"status-publish","4":"has-post-thumbnail","6":"product_cat-beaker-bongs","7":"product_tag-12-inch-bong","8":"product_tag-beaker-bong","9":"product_tag-clear-glass-bong","11":"first","12":"instock","13":"shipping-taxable","14":"purchasable","15":"product-type-variable"},"_links":{"self":[{"href":"https:\/\/buyegglass.com\/de\/wp-json\/wp\/v2\/product\/3727","targetHints":{"allow":["GET"]}}],"collection":[{"href":"https:\/\/buyegglass.com\/de\/wp-json\/wp\/v2\/product"}],"about":[{"href":"https:\/\/buyegglass.com\/de\/wp-json\/wp\/v2\/types\/product"}],"replies":[{"embeddable":true,"href":"https:\/\/buyegglass.com\/de\/wp-json\/wp\/v2\/comments?post=3727"}],"wp:featuredmedia":[{"embeddable":true,"href":"https:\/\/buyegglass.com\/de\/wp-json\/wp\/v2\/media\/3728"}],"wp:attachment":[{"href":"https:\/\/buyegglass.com\/de\/wp-json\/wp\/v2\/media?parent=3727"}],"wp:term":[{"taxonomy":"product_brand","embeddable":true,"href":"https:\/\/buyegglass.com\/de\/wp-json\/wp\/v2\/product_brand?post=3727"},{"taxonomy":"product_cat","embeddable":true,"href":"https:\/\/buyegglass.com\/de\/wp-json\/wp\/v2\/product_cat?post=3727"},{"taxonomy":"product_tag","embeddable":true,"href":"https:\/\/buyegglass.com\/de\/wp-json\/wp\/v2\/product_tag?post=3727"}],"curies":[{"name":"wp","href":"https:\/\/api.w.org\/{rel}","templated":true}]}}