{"id":3721,"date":"2025-09-26T09:25:00","date_gmt":"2025-09-26T09:25:00","guid":{"rendered":"https:\/\/buyegglass.com\/?post_type=product&#038;p=3721"},"modified":"2025-10-20T07:44:48","modified_gmt":"2025-10-20T07:44:48","slug":"straight-tube-es2510-borosilicate-glass-buy-now-10-5in","status":"publish","type":"product","link":"https:\/\/buyegglass.com\/de\/product\/straight-tube-es2510-borosilicate-glass-buy-now-10-5in\/","title":{"rendered":"Gerade R\u00f6hre ES2510 Borosilikatglas Jetzt kaufen 10.5in"},"content":{"rendered":"<h2>Gerades Rohr ES2510 10,5 Zoll<\/h2>\n<p>Die Straight Tube ES2510 ist ein zeitloser Artikel, der Einfachheit, Ausdauer und Design zu einem vertrauensw\u00fcrdigen Zigarettenrauchger\u00e4t vereint. Stehend bei 10,5 Zoll, verwendet es die beste Balance zwischen Portabilit\u00e4t und Effizienz, so dass es sowohl f\u00fcr Anf\u00e4nger und erfahrene Zigarettenraucher geeignet.<\/p>\n<p>Der ES2510 ist aus kostbarem Borosilikatglas gefertigt und h\u00e4lt W\u00e4rme und t\u00e4glichem Gebrauch stand, ohne sein elegantes Design zu beeintr\u00e4chtigen. Seine gerade R\u00f6hrenstruktur sorgt f\u00fcr direkte, effektive Schl\u00e4ge und gew\u00e4hrleistet gleichzeitig eine gleichm\u00e4\u00dfige Luftbewegung. Der gro\u00dfe, runde Sockel bietet hervorragende Sicherheit und verringert die Gefahr des Umkippens w\u00e4hrend des Gebrauchs.<\/p>\n<p>Das herausragende Merkmal dieser Bong sind die bernsteinfarbenen Akzente an der Basis und am Mundst\u00fcck. Diese warmen T\u00f6ne verleihen der Bong ein einzigartiges Aussehen und bewahren gleichzeitig eine minimale \u00c4sthetik. Ihr schlankes Profil und die klaren Linien unterstreichen die Qualit\u00e4t des Glases und lassen Handwerkskunst und Robustheit unversehrt zur Geltung kommen.<\/p>\n<p>Merkmale.<\/p>\n<p>Hergestellt aus hochwertigem Borosilikatglas.<\/p>\n<p>10,5-Zoll-H\u00f6he f\u00fcr hervorragende Gr\u00f6\u00dfe und Funktionalit\u00e4t.<\/p>\n<p>Gerades Rohrdesign f\u00fcr direkte, kraftvolle Schl\u00e4ge.<\/p>\n<p>Breite Basis f\u00fcr verbesserte Stabilit\u00e4t.<\/p>\n<p>Bernstein-goldene Akzente auf Mundst\u00fcck und Sockel.<\/p>\n<p>Unkomplizierter, leicht zu reinigender Rahmen.<\/p>\n<p>Geeignet f\u00fcr Einsteiger und erfahrene Personen.<\/p>\n<p>Der ES2510 wurde entwickelt, um regelm\u00e4\u00dfig sanfte Sessions zu liefern. Sein widerstandsf\u00e4higer Glask\u00f6rper erm\u00f6glicht einen dauerhaften Gebrauch, w\u00e4hrend seine gerade R\u00f6hrenkonstruktion f\u00fcr ordentliche, solide Z\u00fcge sorgt, die den Geschmack und die hohe Qualit\u00e4t Deiner nat\u00fcrlichen Kr\u00e4uter hervorheben. Einfach zu pflegen und zu halten, ist dieser Artikel perfekt f\u00fcr den t\u00e4glichen Gebrauch.<\/p>\n<p>Ganz gleich, ob Sie Ihre Glassammlung erweitern oder Ihre allererste Bong kaufen m\u00f6chten, die Straight Tube ES2510 ist eine seri\u00f6se und stilvolle Wahl. Ihre Gr\u00f6\u00dfe, Langlebigkeit und ihr klassisches Design machen sie zu einem Muss f\u00fcr jeden, der eine unkomplizierte und dennoch leistungsstarke Glasbong sucht.<\/p>","protected":false},"excerpt":{"rendered":"<div class=\"text-base my-auto mx-auto pb-10 [--thread-content-margin:--spacing(4)] thread-sm:[--thread-content-margin:--spacing(6)] thread-lg:[--thread-content-margin:--spacing(16)] px-(--thread-content-margin)\">\n<div class=\"[--thread-content-max-width:40rem] thread-lg:[--thread-content-max-width:48rem] mx-auto max-w-(--thread-content-max-width) flex-1 group\/turn-messages focus-visible:outline-hidden relative flex w-full min-w-0 flex-col agent-turn\" tabindex=\"-1\">\n<div class=\"flex max-w-full flex-col grow\">\n<div class=\"min-h-8 text-message relative flex w-full flex-col items-end gap-2 text-start break-words whitespace-normal [.text-message+&amp;]:mt-5\" dir=\"auto\" data-message-author-role=\"assistant\" data-message-id=\"0d6db3c6-d018-4f2d-9941-dca41e00d799\" data-message-model-slug=\"gpt-5-instant\">\n<div class=\"flex w-full flex-col gap-1 empty:hidden first:pt-[3px]\">\n<div class=\"markdown prose dark:prose-invert w-full break-words light markdown-new-styling\">\n<p data-start=\"0\" data-end=\"288\" data-is-last-node=\"\" data-is-only-node=\"\">Straight Tube ES2510 stands 10.5 inches tall, made from durable borosilicate glass. Its sleek straight tube design with amber-gold accents delivers smooth, powerful hits while the wide base ensures stability. Perfect for daily sessions, offering both style and reliable performance.<\/p>\n<\/div>\n<\/div>\n<\/div>\n<\/div>\n<\/div>\n<\/div>\n","protected":false},"featured_media":3725,"comment_status":"open","ping_status":"closed","template":"","meta":[],"product_brand":[],"product_cat":[46],"product_tag":[141,119,383],"class_list":{"0":"post-3721","1":"product","2":"type-product","3":"status-publish","4":"has-post-thumbnail","6":"product_cat-straight-tube","7":"product_tag-borosilicate-bong","8":"product_tag-glass-bong","9":"product_tag-straight-tube","10":"product_shipping_class-a","12":"first","13":"instock","14":"shipping-taxable","15":"purchasable","16":"product-type-variable"},"_links":{"self":[{"href":"https:\/\/buyegglass.com\/de\/wp-json\/wp\/v2\/product\/3721","targetHints":{"allow":["GET"]}}],"collection":[{"href":"https:\/\/buyegglass.com\/de\/wp-json\/wp\/v2\/product"}],"about":[{"href":"https:\/\/buyegglass.com\/de\/wp-json\/wp\/v2\/types\/product"}],"replies":[{"embeddable":true,"href":"https:\/\/buyegglass.com\/de\/wp-json\/wp\/v2\/comments?post=3721"}],"wp:featuredmedia":[{"embeddable":true,"href":"https:\/\/buyegglass.com\/de\/wp-json\/wp\/v2\/media\/3725"}],"wp:attachment":[{"href":"https:\/\/buyegglass.com\/de\/wp-json\/wp\/v2\/media?parent=3721"}],"wp:term":[{"taxonomy":"product_brand","embeddable":true,"href":"https:\/\/buyegglass.com\/de\/wp-json\/wp\/v2\/product_brand?post=3721"},{"taxonomy":"product_cat","embeddable":true,"href":"https:\/\/buyegglass.com\/de\/wp-json\/wp\/v2\/product_cat?post=3721"},{"taxonomy":"product_tag","embeddable":true,"href":"https:\/\/buyegglass.com\/de\/wp-json\/wp\/v2\/product_tag?post=3721"}],"curies":[{"name":"wp","href":"https:\/\/api.w.org\/{rel}","templated":true}]}}