{"id":3689,"date":"2025-09-26T09:12:40","date_gmt":"2025-09-26T09:12:40","guid":{"rendered":"https:\/\/buyegglass.com\/?post_type=product&#038;p=3689"},"modified":"2025-10-10T09:23:01","modified_gmt":"2025-10-10T09:23:01","slug":"beaker-bongs-evil-skull-eyes-beaker-pipe-11in-glass-order","status":"publish","type":"product","link":"https:\/\/buyegglass.com\/de\/product\/beaker-bongs-evil-skull-eyes-beaker-pipe-11in-glass-order\/","title":{"rendered":"Beaker Bongs Evil Skull Eyes Beaker Pipe 11in Glas bestellen"},"content":{"rendered":"<h2>Beaker Bongs Evil Skull Eyes 11in<\/h2>\n<p>Die Beaker Bongs Wickedness Head Eyes Beaker Pipeline ist ein auff\u00e4lliger 11-Zoll-Glasartikel, der fantasievolle Informationen mit reibungsloser Effizienz mischt. Hergestellt aus langlebigem Borosilikatglas, liefert diese Bong sowohl Ausdauer und Stil, so dass es ein wesentlicher f\u00fcr Liebhaber, die einzigartige Designs und vertrauensw\u00fcrdige Funktion sch\u00e4tzen.<\/p>\n<p>Die herausragende Funktion dieses Beaker Bongs ist seine enorme Sch\u00e4del-Augen Akzente und gewickelt tentakelartigen Griffe, in leuchtenden Farben wie lila, rot und umweltfreundlich zur Verf\u00fcgung. Diese Informationen bringen eine furchterregende und doch fesselnde Stimmung und verwandeln eine gew\u00f6hnliche Beaker Bong in ein Statement-St\u00fcck, das die Aufmerksamkeit auf sich zieht, ob auf dem Bildschirm oder im Betrieb.<\/p>\n<p>Sein breiter Becherboden sorgt f\u00fcr au\u00dfergew\u00f6hnliche Stabilit\u00e4t und erm\u00f6glicht gleichzeitig eine gr\u00f6\u00dfere Wasserkapazit\u00e4t f\u00fcr eine verbesserte Filtration. Im Inneren k\u00fchlt und verteilt das Perkolationssystem den Rauch effizient und sorgt so f\u00fcr saubere, sanftere Z\u00fcge. Das gebogene Glas sorgt nicht nur f\u00fcr ein phantasievolles Flair, sondern auch f\u00fcr bequeme Griffpunkte, wodurch das Ger\u00e4t w\u00e4hrend der Sessions sehr einfach zu handhaben ist.<\/p>\n<p>Attribute<\/p>\n<p>Kosten Borosilikatglas-Konstruktion<\/p>\n<p>11-Zoll-H\u00f6he f\u00fcr kraftvolle und reibungslose Leistung<\/p>\n<p>Details eines b\u00f6sen Kopfes mit bunten Akzenten im Tentakel-Stil<\/p>\n<p>Breiter Becherboden f\u00fcr maximale Sicherheit und Wasserkapazit\u00e4t<\/p>\n<p>Perkolationssystem f\u00fcr gek\u00fchlte, gefilterte Treffer<\/p>\n<p>Erh\u00e4ltlich in verschiedenen leuchtenden Farben: lila, rot, gr\u00fcn<\/p>\n<p>Ergonomisches Layout mit komfortablen Haltefunktionen<\/p>\n<p>Die Evil Skull Eyes Beaker Bongs ist mehr als nur ein Rauchger\u00e4t - sie ist ein Brennpunkt kreativen Denkens und handwerklichen K\u00f6nnens. Seine Kombination aus hochfunktionalem Design und ausgefallener Optik macht es zu einem idealen Ger\u00e4t f\u00fcr alle, die sich abheben wollen. Die robuste Bauweise sorgt f\u00fcr Langlebigkeit, w\u00e4hrend die fortschrittliche Filtration jeden Zug sanft und genussvoll macht.<\/p>\n<p>Wenn Sie nach einem St\u00fcck suchen, das Leistung mit einer lebendigen k\u00fcnstlerischen Kante mischt, liefert die 11-Zoll-Evil Head Eyes Beaker Pipe ein schaurig-sch\u00f6nes Raucherlebnis.<\/p>","protected":false},"excerpt":{"rendered":"<p>Beaker Bongs Evil Skull Eyes 11in Pipe is made from durable borosilicate glass with bold skull eye details and tentacle accents. Featuring a wide base, smooth percolation, and striking colors, it delivers stable performance and powerful hits while doubling as an artistic centerpiece.<\/p>","protected":false},"featured_media":3690,"comment_status":"open","ping_status":"closed","template":"","meta":[],"product_brand":[],"product_cat":[39],"product_tag":[226,168,334],"class_list":{"0":"post-3689","1":"product","2":"type-product","3":"status-publish","4":"has-post-thumbnail","6":"product_cat-beaker-bongs","7":"product_tag-beaker-bong","8":"product_tag-glass-water-pipe","9":"product_tag-skull-design-bong","11":"first","12":"instock","13":"shipping-taxable","14":"purchasable","15":"product-type-variable"},"_links":{"self":[{"href":"https:\/\/buyegglass.com\/de\/wp-json\/wp\/v2\/product\/3689","targetHints":{"allow":["GET"]}}],"collection":[{"href":"https:\/\/buyegglass.com\/de\/wp-json\/wp\/v2\/product"}],"about":[{"href":"https:\/\/buyegglass.com\/de\/wp-json\/wp\/v2\/types\/product"}],"replies":[{"embeddable":true,"href":"https:\/\/buyegglass.com\/de\/wp-json\/wp\/v2\/comments?post=3689"}],"wp:featuredmedia":[{"embeddable":true,"href":"https:\/\/buyegglass.com\/de\/wp-json\/wp\/v2\/media\/3690"}],"wp:attachment":[{"href":"https:\/\/buyegglass.com\/de\/wp-json\/wp\/v2\/media?parent=3689"}],"wp:term":[{"taxonomy":"product_brand","embeddable":true,"href":"https:\/\/buyegglass.com\/de\/wp-json\/wp\/v2\/product_brand?post=3689"},{"taxonomy":"product_cat","embeddable":true,"href":"https:\/\/buyegglass.com\/de\/wp-json\/wp\/v2\/product_cat?post=3689"},{"taxonomy":"product_tag","embeddable":true,"href":"https:\/\/buyegglass.com\/de\/wp-json\/wp\/v2\/product_tag?post=3689"}],"curies":[{"name":"wp","href":"https:\/\/api.w.org\/{rel}","templated":true}]}}