{"id":3665,"date":"2025-09-26T09:06:19","date_gmt":"2025-09-26T09:06:19","guid":{"rendered":"https:\/\/buyegglass.com\/?post_type=product&#038;p=3665"},"modified":"2025-10-10T09:18:55","modified_gmt":"2025-10-10T09:18:55","slug":"dab-oil-rigs-glass-eg-99-10inch-classic-swiss-perc-purchase","status":"publish","type":"product","link":"https:\/\/buyegglass.com\/de\/product\/dab-oil-rigs-glass-eg-99-10inch-classic-swiss-perc-purchase\/","title":{"rendered":"Dab Oil Rigs Glas EG-99 10Zoll Classic Schweizer Perc Kauf"},"content":{"rendered":"<h2>Dab Oil Rigs EG-99 10Zoll Classic Schweizer Perc<\/h2>\n<p>Das Dab Oil Rigs EG-99 Standard Swiss Perc bietet eine erstklassige Balance aus Leistungsf\u00e4higkeit und Virtuosit\u00e4t in einem 10-Zoll-Design. Gefertigt aus dickem, widerstandsf\u00e4higem Borosilikatglas, wurde dieses Rig entwickelt, um lange zu halten, w\u00e4hrend es konstant glatte Hits liefert. Seine hohe und stabile Konstruktion macht es zu einer zuverl\u00e4ssigen Option sowohl f\u00fcr Anf\u00e4nger als auch f\u00fcr erfahrene Kunden.<\/p>\n<p>Der Clou dieses Rigs ist seine pr\u00e4zisionsgefertigte Schweizer Perc-Kammer. Mit mehreren kreisf\u00f6rmigen Zwischenst\u00fccken macht das Schweizer Perc-Layout das Beste aus der Diffusion, indem es den Dampf direkt in kleinere Blasen zerlegt. Dieser Prozess k\u00fchlt und filtert den Dampf und sorgt so jedes Mal f\u00fcr glattere, sauberere und schmackhaftere Z\u00fcge.<\/p>\n<p>Mit einer H\u00f6he von 10 Zoll bietet der Dab Oil Rigs EG-99 die passende H\u00f6he f\u00fcr Power und Kontrolle, ohne die Mobilit\u00e4t zu gef\u00e4hrden. Das gebogene Mundst\u00fcck vermeidet Spritzwasser und bietet gleichzeitig Komfort bei der Benutzung. Die breite, verbesserte Basis sorgt f\u00fcr Stabilit\u00e4t und verringert die Gefahr des Umkippens, w\u00e4hrend lebhafte Farbakzente in Alternativen wie umweltfreundlich, blau und orange jedes St\u00fcck einzigartig und optisch ansprechend machen.<\/p>\n<p>Eigenschaften<\/p>\n<p>Konstruktion aus hochwertigem Borosilikatglas<\/p>\n<p>10-Zoll-H\u00f6he f\u00fcr reibungslose Leistung und Kontrolle<\/p>\n<p>Zeitloses Schweizer Perc-Design f\u00fcr maximale Filtration<\/p>\n<p>Mundst\u00fcck mit gebogenem Hals f\u00fcr mehr Komfort und zum Schutz vor Spritzern<\/p>\n<p>Breiter, stabiler Sockel f\u00fcr sicheren Gebrauch<\/p>\n<p>Dynamische Akzentfarben zur Anpassung an den individuellen Stil<\/p>\n<p>Sowohl f\u00fcr den t\u00e4glichen Gebrauch als auch f\u00fcr Enthusiasten geeignet<\/p>\n<p>Ganz gleich, ob Sie auf der Suche nach einer alltagstauglichen Integrit\u00e4t oder einer modischen Erg\u00e4nzung Ihrer Gl\u00e4sersammlung sind, der EG-99 Swiss Perc Bit Gear ist ein absolutes Highlight. Seine Kombination aus effektiver Perkolation, kreativem Layout und robuster Verarbeitung macht ihn zu einem unverzichtbaren Begleiter f\u00fcr alle, die Wert auf Effizienz und Design legen.<\/p>\n<p>Freuen Sie sich auf sanftere Hits, erstklassige Qualit\u00e4t und ein zeitloses Design mit dem Dab Oil Rigs EG-99 Swiss Perc.<\/p>","protected":false},"excerpt":{"rendered":"<p>Dab Oil Rigs EG-99 10Inch Classic Swiss Perc is made from durable borosilicate glass with a precision Swiss perc chamber, bent neck design, and stable base. Offering smooth, clean hits with vibrant color accents, it\u2019s a perfect blend of performance and style for daily use or collectors.<\/p>","protected":false},"featured_media":3673,"comment_status":"open","ping_status":"closed","template":"","meta":[],"product_brand":[],"product_cat":[41],"product_tag":[313,204,331],"class_list":{"0":"post-3665","1":"product","2":"type-product","3":"status-publish","4":"has-post-thumbnail","6":"product_cat-dab-oil-rigs","7":"product_tag-dab-rig","8":"product_tag-glass-oil-rig","9":"product_tag-swiss-perc-rig","11":"first","12":"instock","13":"shipping-taxable","14":"purchasable","15":"product-type-variable"},"_links":{"self":[{"href":"https:\/\/buyegglass.com\/de\/wp-json\/wp\/v2\/product\/3665","targetHints":{"allow":["GET"]}}],"collection":[{"href":"https:\/\/buyegglass.com\/de\/wp-json\/wp\/v2\/product"}],"about":[{"href":"https:\/\/buyegglass.com\/de\/wp-json\/wp\/v2\/types\/product"}],"replies":[{"embeddable":true,"href":"https:\/\/buyegglass.com\/de\/wp-json\/wp\/v2\/comments?post=3665"}],"wp:featuredmedia":[{"embeddable":true,"href":"https:\/\/buyegglass.com\/de\/wp-json\/wp\/v2\/media\/3673"}],"wp:attachment":[{"href":"https:\/\/buyegglass.com\/de\/wp-json\/wp\/v2\/media?parent=3665"}],"wp:term":[{"taxonomy":"product_brand","embeddable":true,"href":"https:\/\/buyegglass.com\/de\/wp-json\/wp\/v2\/product_brand?post=3665"},{"taxonomy":"product_cat","embeddable":true,"href":"https:\/\/buyegglass.com\/de\/wp-json\/wp\/v2\/product_cat?post=3665"},{"taxonomy":"product_tag","embeddable":true,"href":"https:\/\/buyegglass.com\/de\/wp-json\/wp\/v2\/product_tag?post=3665"}],"curies":[{"name":"wp","href":"https:\/\/api.w.org\/{rel}","templated":true}]}}