{"id":3641,"date":"2025-09-26T07:54:52","date_gmt":"2025-09-26T07:54:52","guid":{"rendered":"https:\/\/buyegglass.com\/?post_type=product&#038;p=3641"},"modified":"2025-10-10T09:15:30","modified_gmt":"2025-10-10T09:15:30","slug":"eg-97-swiss-perc-bent-neck-dab-rig-glass-same-day-delivery","status":"publish","type":"product","link":"https:\/\/buyegglass.com\/de\/product\/eg-97-swiss-perc-bent-neck-dab-rig-glass-same-day-delivery\/","title":{"rendered":"EG-97 Schweizer Perc Bent Neck Dab Rig Glas Lieferung am selben Tag"},"content":{"rendered":"<h2>EG-97 Schweizer Perc Bent Neck Dab Rig<\/h2>\n<p>Das EG-97 Swiss Perc Bent Neck Bit Rig kombiniert moderne Leistung mit auff\u00e4lliger Glaskreativit\u00e4t. Hergestellt aus hochwertigem Borosilikatglas, ist dieses St\u00fcck entworfen, um glatte, geschmackvolle Hits zu liefern, w\u00e4hrend es als ein Blickpunkt in jeder Sammlung auff\u00e4llt.<\/p>\n<p>Das Ger\u00e4t verf\u00fcgt \u00fcber eine Schweizer Perc-Kammer mit zahlreichen runden Ausschnitten, die nicht nur das Aussehen, sondern auch den Luftstrom und die Diffusion verbessern. Dieser komplizierte Stil erlaubt es dem Dampf, mit marginalem Widerstand durchzugehen und k\u00fchlt ihn erfolgreich f\u00fcr eine glattere Anziehungskraft. Das gebogene Mundst\u00fcck sorgt f\u00fcr Komfort, verhindert Spritzwasser und schafft einen ergonomischen Winkel, der bei langen Sessions einfach zu nutzen ist.<\/p>\n<p>An der Basis ist das Ger\u00e4t mit lebhaften Akzentfarben wie Rot, Teal, Orange und \u00d6kofarben versehen, die f\u00fcr Sicherheit und Pers\u00f6nlichkeit sorgen. Die passenden Farbakzente setzen sich am Hals und an der Schale fort und sorgen f\u00fcr ein einheitliches Erscheinungsbild, w\u00e4hrend die Benutzer einen Look w\u00e4hlen k\u00f6nnen, der zu ihrem Design passt.<\/p>\n<p>Funktionen<\/p>\n<p>Kosten Borosilikatglas-Konstruktion<\/p>\n<p>Schweizer Perc-Kammer mit pr\u00e4zisionsgeschnittenen \u00d6ffnungen f\u00fcr erweiterte Diffusion<\/p>\n<p>Mundst\u00fcck mit gebogenem Hals f\u00fcr mehr Komfort und zur Vermeidung von Spritzern<\/p>\n<p>Breiter, stabiler Sockel mit leuchtenden Farboptionen<\/p>\n<p>Sanfter Luftstrom f\u00fcr saubere, gro\u00dfartige Treffer<\/p>\n<p>F\u00fcr Transportf\u00e4higkeit und Funktion konzipierte Aufst\u00e4nderung<\/p>\n<p>Verteilung am selben Tag f\u00fcr schnelle Erleichterung m\u00f6glich<\/p>\n<p>Diese Anlage sieht nicht nur gut aus - sie wurde f\u00fcr Effizienz entwickelt. Der Schweizer Perc-Stil sorgt f\u00fcr eine optimale Filterung, w\u00e4hrend die robuste Bauweise es f\u00fcr den t\u00e4glichen Gebrauch tauglich macht. Seine Dimension ist tragbar genug, um m\u00fchelos zu verwalten, aber effektiv genug, um ausgezeichnete Treffer zu liefern.<\/p>\n<p>Egal, ob Du ein erfahrener Dabber oder ein Neuling in Sachen Glas-Rigs bist, das EG-97 Swiss Perc Bent Neck Dab Rig bietet eine Mischung aus Widerstandsf\u00e4higkeit, Kunstfertigkeit und reibungsloser Leistung. Da es noch am selben Tag geliefert wird, k\u00f6nnen Sie seine Vorteile noch heute genie\u00dfen, ohne warten zu m\u00fcssen.<\/p>","protected":false},"excerpt":{"rendered":"<article class=\"text-token-text-primary w-full focus:outline-none scroll-mt-[calc(var(--header-height)+min(200px,max(70px,20svh)))]\" dir=\"auto\" tabindex=\"-1\" data-turn-id=\"request-WEB:c6d24e59-35f7-476c-b82e-cc847a086b54-96\" data-testid=\"conversation-turn-42\" data-scroll-anchor=\"true\" data-turn=\"assistant\">\n<div class=\"text-base my-auto mx-auto pb-10 [--thread-content-margin:--spacing(4)] thread-sm:[--thread-content-margin:--spacing(6)] thread-lg:[--thread-content-margin:--spacing(16)] px-(--thread-content-margin)\">\n<div class=\"[--thread-content-max-width:40rem] thread-lg:[--thread-content-max-width:48rem] mx-auto max-w-(--thread-content-max-width) flex-1 group\/turn-messages focus-visible:outline-hidden relative flex w-full min-w-0 flex-col agent-turn\" tabindex=\"-1\">\n<div class=\"flex max-w-full flex-col grow\">\n<div class=\"min-h-8 text-message relative flex w-full flex-col items-end gap-2 text-start break-words whitespace-normal [.text-message+&amp;]:mt-5\" dir=\"auto\" data-message-author-role=\"assistant\" data-message-id=\"71519595-e008-4592-b3f6-9c6df47996a3\" data-message-model-slug=\"gpt-5-instant\">\n<div class=\"flex w-full flex-col gap-1 empty:hidden first:pt-[3px]\">\n<div class=\"markdown prose dark:prose-invert w-full break-words light markdown-new-styling\">\n<p data-start=\"0\" data-end=\"286\" data-is-last-node=\"\" data-is-only-node=\"\">EG-97 Swiss Perc Bent Neck Dab Rig is crafted from durable borosilicate glass with a unique Swiss perc chamber, bent neck design, and colorful accents. Offering smooth filtration, stability, and style, this 6.7-inch rig is perfect for clean hits and is available with same-day delivery.<\/p>\n<\/div>\n<\/div>\n<\/div>\n<\/div>\n<\/div>\n<\/div>\n<\/article>\n","protected":false},"featured_media":3645,"comment_status":"open","ping_status":"closed","template":"","meta":[],"product_brand":[],"product_cat":[15],"product_tag":[330,313,329],"class_list":{"0":"post-3641","1":"product","2":"type-product","3":"status-publish","4":"has-post-thumbnail","6":"product_cat-uncategorized","7":"product_tag-bent-neck-rig","8":"product_tag-dab-rig","9":"product_tag-glass-dab-rig","11":"first","12":"instock","13":"shipping-taxable","14":"purchasable","15":"product-type-variable"},"_links":{"self":[{"href":"https:\/\/buyegglass.com\/de\/wp-json\/wp\/v2\/product\/3641","targetHints":{"allow":["GET"]}}],"collection":[{"href":"https:\/\/buyegglass.com\/de\/wp-json\/wp\/v2\/product"}],"about":[{"href":"https:\/\/buyegglass.com\/de\/wp-json\/wp\/v2\/types\/product"}],"replies":[{"embeddable":true,"href":"https:\/\/buyegglass.com\/de\/wp-json\/wp\/v2\/comments?post=3641"}],"wp:featuredmedia":[{"embeddable":true,"href":"https:\/\/buyegglass.com\/de\/wp-json\/wp\/v2\/media\/3645"}],"wp:attachment":[{"href":"https:\/\/buyegglass.com\/de\/wp-json\/wp\/v2\/media?parent=3641"}],"wp:term":[{"taxonomy":"product_brand","embeddable":true,"href":"https:\/\/buyegglass.com\/de\/wp-json\/wp\/v2\/product_brand?post=3641"},{"taxonomy":"product_cat","embeddable":true,"href":"https:\/\/buyegglass.com\/de\/wp-json\/wp\/v2\/product_cat?post=3641"},{"taxonomy":"product_tag","embeddable":true,"href":"https:\/\/buyegglass.com\/de\/wp-json\/wp\/v2\/product_tag?post=3641"}],"curies":[{"name":"wp","href":"https:\/\/api.w.org\/{rel}","templated":true}]}}