{"id":3625,"date":"2025-09-26T07:43:40","date_gmt":"2025-09-26T07:43:40","guid":{"rendered":"https:\/\/buyegglass.com\/?post_type=product&#038;p=3625"},"modified":"2025-10-10T08:27:15","modified_gmt":"2025-10-10T08:27:15","slug":"dab-oil-rigs-eg-96-ufo-dab-rig-borosilicate-glass-buy-6-7in","status":"publish","type":"product","link":"https:\/\/buyegglass.com\/de\/product\/dab-oil-rigs-eg-96-ufo-dab-rig-borosilicate-glass-buy-6-7in\/","title":{"rendered":"Dab \u00d6l Rigs EG-96 UFO Dab Rig Borosilikatglas kaufen 6.7in"},"content":{"rendered":"<h2>Dab Oil Rigs EG-96 UFO Dab Gear<\/h2>\n<p>Das Dab Oil Rigs EG-96 UFO Dab Gear liefert perfekte Effizienz gepaart mit einem lebendigen Stil. Mit einer H\u00f6he von 6,7 Zoll ist dieses kleine, aber ansprechende Rig aus hochwertigem Borosilikatglas gefertigt, das sowohl St\u00e4rke als auch Design unversehrt l\u00e4sst.<\/p>\n<p>Der Clou der Dab Oil Rigs EG-96 ist ihre leuchtende UFO-f\u00f6rmige Kammerkappe, die in kr\u00e4ftigen Farben wie Orange, Gr\u00fcn, Gelb und Rot gehalten ist. Verziert mit besetzten Akzenten und ausgestreckten \"Antennen\"-Armen sorgt das UFO-Mittelst\u00fcck f\u00fcr ein eigenwilliges Erscheinungsbild, w\u00e4hrend es gleichzeitig f\u00fcr einen robusten und praktischen Rahmen sorgt. Kombiniert mit einem farblich abgestimmten Stiel und einem breiten Sockel, verbindet dieses Ger\u00e4t kreativen Reiz mit allt\u00e4glicher Funktionalit\u00e4t.<\/p>\n<p>Attribute<\/p>\n<p>Hergestellt aus langlebigem Borosilikatglas<\/p>\n<p>Geringe H\u00f6he von 6,7 Zoll, perfekt f\u00fcr den Transport<\/p>\n<p>Einzigartiges, von UFOs inspiriertes Kammerlayout mit verspielten Details<\/p>\n<p>Lebendige Farboptionen, darunter Orange, Rot, Gr\u00fcn und Gelb<\/p>\n<p>Breite, robuste Basis f\u00fcr Stabilit\u00e4t<\/p>\n<p>Bequemes abgewinkeltes Mundst\u00fcck f\u00fcr sanftes Ziehen<\/p>\n<p>Pr\u00e4zise Perkolation f\u00fcr saubere, gro\u00dfartige Treffer<\/p>\n<p>Mit dem EG-96 wird die Effizienz nie beeintr\u00e4chtigt. Im Inneren, die Pr\u00e4zision Perkolator diffundiert und k\u00fchlt Dampf effizient, liefert kontinuierlich glatt und schmackhaft Hits. Das gekippte Mundst\u00fcck sorgt f\u00fcr Komfort und minimiert R\u00fcckspritzer, und der UFO-Stil verleiht jeder Session einen Hauch von kreativem Denken.<\/p>\n<p>Dieses Rigg ist nicht nur funktional, sondern auch ein Kunstwerk, das in jeder Sammlung die Aufmerksamkeit auf sich zieht. Dank seiner geringen Gr\u00f6\u00dfe eignet es sich hervorragend f\u00fcr den individuellen Gebrauch oder f\u00fcr Reisen, w\u00e4hrend der k\u00fchne Stil daf\u00fcr sorgt, dass es immer ein Gespr\u00e4chsanlass ist.<\/p>\n<p>Egal, ob Sie ein Sammler sind, der besondere Glaskunst zu sch\u00e4tzen wei\u00df, oder ein allt\u00e4glicher Kunde, der ein Ger\u00e4t sucht, das so gut funktioniert, wie es aussieht, das Dab Oil Rigs EG-96 UFO Dab Rig bietet die beste Balance aus hoher Qualit\u00e4t, kreativem Denken und reibungsloser Funktionalit\u00e4t.<\/p>","protected":false},"excerpt":{"rendered":"<p>Dab Oil Rigs EG-96 UFO stands 6.7 inches tall and is crafted from durable borosilicate glass. With a colorful UFO design, sturdy base, and smooth percolation, it delivers clean, cool hits while adding a playful, space-inspired touch to your collection. Perfect for style and performance.<\/p>","protected":false},"featured_media":3632,"comment_status":"open","ping_status":"closed","template":"","meta":[],"product_brand":[],"product_cat":[41],"product_tag":[104,326,327],"class_list":{"0":"post-3625","1":"product","2":"type-product","3":"status-publish","4":"has-post-thumbnail","6":"product_cat-dab-oil-rigs","7":"product_tag-borosilicate-glass","8":"product_tag-dab-oil-rigs-eg-96-ufo","9":"product_tag-ufo-dab-rig","11":"first","12":"instock","13":"shipping-taxable","14":"purchasable","15":"product-type-variable"},"_links":{"self":[{"href":"https:\/\/buyegglass.com\/de\/wp-json\/wp\/v2\/product\/3625","targetHints":{"allow":["GET"]}}],"collection":[{"href":"https:\/\/buyegglass.com\/de\/wp-json\/wp\/v2\/product"}],"about":[{"href":"https:\/\/buyegglass.com\/de\/wp-json\/wp\/v2\/types\/product"}],"replies":[{"embeddable":true,"href":"https:\/\/buyegglass.com\/de\/wp-json\/wp\/v2\/comments?post=3625"}],"wp:featuredmedia":[{"embeddable":true,"href":"https:\/\/buyegglass.com\/de\/wp-json\/wp\/v2\/media\/3632"}],"wp:attachment":[{"href":"https:\/\/buyegglass.com\/de\/wp-json\/wp\/v2\/media?parent=3625"}],"wp:term":[{"taxonomy":"product_brand","embeddable":true,"href":"https:\/\/buyegglass.com\/de\/wp-json\/wp\/v2\/product_brand?post=3625"},{"taxonomy":"product_cat","embeddable":true,"href":"https:\/\/buyegglass.com\/de\/wp-json\/wp\/v2\/product_cat?post=3625"},{"taxonomy":"product_tag","embeddable":true,"href":"https:\/\/buyegglass.com\/de\/wp-json\/wp\/v2\/product_tag?post=3625"}],"curies":[{"name":"wp","href":"https:\/\/api.w.org\/{rel}","templated":true}]}}