{"id":3574,"date":"2025-09-26T07:32:40","date_gmt":"2025-09-26T07:32:40","guid":{"rendered":"https:\/\/buyegglass.com\/?post_type=product&#038;p=3574"},"modified":"2025-10-10T09:17:45","modified_gmt":"2025-10-10T09:17:45","slug":"dab-oil-rigs-eg-92-spicy-chili-borosilicate-glass-buy-deal","status":"publish","type":"product","link":"https:\/\/buyegglass.com\/de\/product\/dab-oil-rigs-eg-92-spicy-chili-borosilicate-glass-buy-deal\/","title":{"rendered":"Dab Oil Rigs EG-92 Spicy Chili Borosilikatglas kaufen Deal"},"content":{"rendered":"<h2>Dab Oil Rigs EG-92 Spicy Chili<\/h2>\n<p>Heizen Sie Ihren Sessions mit dem Bit Oil Rigs EG-92 Spicy Chili ein, einem starken und lebendigen St\u00fcck, das entwickelt wurde, um sowohl Effizienz als auch Individualit\u00e4t zu bieten. Handgefertigt aus haltbarem Borosilikatglas, kombiniert dieses Rig hochwertige Verarbeitung mit einem angenehmen Chili-Thema, das es zu einem sofortigen Hingucker macht.<\/p>\n<p>Das Herzst\u00fcck dieses Zahnrads ist eine gl\u00e4serne Chilischote im Inneren der Kammer, die in leuchtendem Rot, Orange, Gelb und Petrol angeboten wird. Die Au\u00dfenseite jedes Ger\u00e4ts ist ebenfalls mit einem passenden Chili-Akzent versehen, der f\u00fcr zus\u00e4tzliche Details und Stil sorgt. Egal, ob du dich zu intensivem Rot oder k\u00fchlem Teal hingezogen f\u00fchlst, mit den Farbalternativen kannst du dein eigenes Design ausdr\u00fccken und gleichzeitig sanfte, saubere Z\u00fcge genie\u00dfen.<\/p>\n<p>Gebaut f\u00fcr Stabilit\u00e4t, steht das Rig hoch auf einer starken runden Basis mit Farbakzenten arbeiten. Das abgewinkelte Mundst\u00fcck sorgt f\u00fcr Komfort bei der Verwendung, w\u00e4hrend das Borosilikat Geb\u00e4ude und Konstruktion Garantien Elastizit\u00e4t und Widerstand gegen warm. Das interne Design besteht aus einem Pr\u00e4zisions-Perkolator, dass filtert System und k\u00fchlt Dampf, so dass jeder Hit glatt und geschmackvoll.<\/p>\n<p>Funktionen<\/p>\n<p>Konstruktion aus hochwertigem Borosilikatglas<\/p>\n<p>Verspieltes Chilipfeffer-Mittelst\u00fcck mit passenden Akzenten<\/p>\n<p>Erh\u00e4ltlich in verschiedenen Farben: rot, t\u00fcrkis, orange, gelb<\/p>\n<p>Stabiler Sockel f\u00fcr Sicherheit<\/p>\n<p>Abgewinkeltes Mundst\u00fcck f\u00fcr komfortablen Gebrauch<\/p>\n<p>Integriertes Perkolationssystem f\u00fcr sanftere Treffer<\/p>\n<p>Das Dab Oil Rigs EG-92 Spicy Chili ist mehr als nur ein Werkzeug zum Zigarettenrauchen - es ist ein St\u00fcck Unterhaltung. Perfekt f\u00fcr Enthusiasten, die Freude an thematischen Rigs haben, oder f\u00fcr alle, die ihren Sessions eine Prise Spa\u00df hinzuf\u00fcgen wollen, verbindet dieser Artikel Virtuosit\u00e4t mit Leistung. Sein spezielles Layout und seine zuverl\u00e4ssige Leistung machen ihn zu einem Must-Have f\u00fcr alle, die etwas anderes wollen.<\/p>\n<p>Bringen Sie mit dem Dab Oil Rigs EG-92 Spicy Chili Sch\u00e4rfe in Ihre Glassammlung und lassen Sie jede Session mit Geschmack und Stil brutzeln.<\/p>","protected":false},"excerpt":{"rendered":"<p>Dab Oil Rigs EG-92 Spicy Chili is a fun, fiery rig made from durable borosilicate glass. Featuring bold chili pepper designs, sturdy bases, and smooth percolation, it delivers flavorful hits with a playful twist. Perfect for collectors and anyone wanting to spice up their sessions.<\/p>","protected":false},"featured_media":3578,"comment_status":"open","ping_status":"closed","template":"","meta":[],"product_brand":[],"product_cat":[40],"product_tag":[322,313,204],"class_list":{"0":"post-3574","1":"product","2":"type-product","3":"status-publish","4":"has-post-thumbnail","6":"product_cat-straight-tube-bongs","7":"product_tag-chili-pepper-rig","8":"product_tag-dab-rig","9":"product_tag-glass-oil-rig","11":"first","12":"instock","13":"shipping-taxable","14":"purchasable","15":"product-type-variable"},"_links":{"self":[{"href":"https:\/\/buyegglass.com\/de\/wp-json\/wp\/v2\/product\/3574","targetHints":{"allow":["GET"]}}],"collection":[{"href":"https:\/\/buyegglass.com\/de\/wp-json\/wp\/v2\/product"}],"about":[{"href":"https:\/\/buyegglass.com\/de\/wp-json\/wp\/v2\/types\/product"}],"replies":[{"embeddable":true,"href":"https:\/\/buyegglass.com\/de\/wp-json\/wp\/v2\/comments?post=3574"}],"wp:featuredmedia":[{"embeddable":true,"href":"https:\/\/buyegglass.com\/de\/wp-json\/wp\/v2\/media\/3578"}],"wp:attachment":[{"href":"https:\/\/buyegglass.com\/de\/wp-json\/wp\/v2\/media?parent=3574"}],"wp:term":[{"taxonomy":"product_brand","embeddable":true,"href":"https:\/\/buyegglass.com\/de\/wp-json\/wp\/v2\/product_brand?post=3574"},{"taxonomy":"product_cat","embeddable":true,"href":"https:\/\/buyegglass.com\/de\/wp-json\/wp\/v2\/product_cat?post=3574"},{"taxonomy":"product_tag","embeddable":true,"href":"https:\/\/buyegglass.com\/de\/wp-json\/wp\/v2\/product_tag?post=3574"}],"curies":[{"name":"wp","href":"https:\/\/api.w.org\/{rel}","templated":true}]}}