{"id":3551,"date":"2025-09-26T07:28:31","date_gmt":"2025-09-26T07:28:31","guid":{"rendered":"https:\/\/buyegglass.com\/?post_type=product&#038;p=3551"},"modified":"2025-10-10T09:16:56","modified_gmt":"2025-10-10T09:16:56","slug":"dab-oil-rigs-borosilicate-glass-spinning-nba-jersey-discount","status":"publish","type":"product","link":"https:\/\/buyegglass.com\/de\/product\/dab-oil-rigs-borosilicate-glass-spinning-nba-jersey-discount\/","title":{"rendered":"Dab Oil Rigs Borosilikatglas Spinning NBA Jersey Rabatt"},"content":{"rendered":"<h2>Dab Oil Rigs NBA Jersey Version<\/h2>\n<p>Mit dem Dab Oil Rigs Borosilikatglas Spinning NBA Jacket Version kannst du deine Liebe zum Basketball zelebrieren, w\u00e4hrend du dich an sanften Hits erfreust. Dieser einzigartige Artikel ist aus hochwertigem Borosilikatglas gefertigt, das sowohl Robustheit als auch Sauberkeit garantiert. Es wurde f\u00fcr Sportfans und Sammler hergestellt und integriert k\u00fcnstlerische Glasarbeiten mit einem Thema, das direkt mit der NBA-Kultur zu tun hat.<\/p>\n<p>Jedes Kleidungsst\u00fcck zeigt ein auff\u00e4lliges Jackendesign in der Kammer, einschlie\u00dflich bekannter Zahlen, die von ber\u00fchmten Spielern stammen. Ob es 23, 24, 30 oder 34 ist, diese Jacke Akzente sofort abheben, so dass die Getriebe ein Spa\u00df und bedeutungsvolle Artikel f\u00fcr Anh\u00e4nger. An der Basis sorgt ein handgefertigter Glasbasketball f\u00fcr zus\u00e4tzliche Informationen, die das gesamte Sportthema auf lebendige Art und Weise miteinander verbinden.<\/p>\n<p>Die Ausr\u00fcstung steht sicher auf einer get\u00f6nten Basis, mit passenden Akzenten auf dem Mundst\u00fcck und dem Griff. Erh\u00e4ltlich in den Farben Rot, Gelb, T\u00fcrkis und Kastanienbraun, k\u00f6nnen Sie Ihr bevorzugtes Aussehen ausw\u00e4hlen oder alle Farben zusammenstellen. Das gekippte Mundst\u00fcck sorgt f\u00fcr Bequemlichkeit, w\u00e4hrend die seitliche Halterung nicht nur f\u00fcr Flair sorgt, sondern auch die Handhabung w\u00e4hrend der Sessions vereinfacht.<\/p>\n<p>Eigenschaften<\/p>\n<p>Langlebiges Geb\u00e4ude aus Borosilikatglas<\/p>\n<p>NBA-inspirierte Jackenlayouts mit legend\u00e4ren Nummern<\/p>\n<p>Spinning Basketball Glas Detail an der Basis<\/p>\n<p>Sanftes Perkolationssystem f\u00fcr saubere, gro\u00dfartige Treffer<\/p>\n<p>Sichere runde Basis mit kr\u00e4ftigen Akzentfarben<\/p>\n<p>Komfortables abgewinkeltes Mundst\u00fcck mit ergonomischem Griff<\/p>\n<p>Dieser Artikel ist mehr als nur ein Dab-Rig - er ist ein Statement f\u00fcr Stil, Fangemeinde und Kreativit\u00e4t. Der ausgekl\u00fcgelte Perkolator garantiert eine sanfte Reinigung und macht jeden Zug zum Vergn\u00fcgen, w\u00e4hrend das Basketball-Motiv ihn zu einem idealen Ausstellungsst\u00fcck macht. Egal, ob Du ein ernsthafter Enthusiast bist oder einfach nur Deine Liebe zu den Basketballern mit Deinen Sessions verbinden willst, die Dab Oil Rigs Borosilikatglas Spinning NBA Jersey Version ist eine tolle Option.<\/p>","protected":false},"excerpt":{"rendered":"<p>o want performance and creativity in one collectible piece.<\/p>","protected":false},"featured_media":3559,"comment_status":"open","ping_status":"closed","template":"","meta":[],"product_brand":[],"product_cat":[41],"product_tag":[313,204,319],"class_list":{"0":"post-3551","1":"product","2":"type-product","3":"status-publish","4":"has-post-thumbnail","6":"product_cat-dab-oil-rigs","7":"product_tag-dab-rig","8":"product_tag-glass-oil-rig","9":"product_tag-nba-rig","11":"first","12":"instock","13":"shipping-taxable","14":"purchasable","15":"product-type-variable"},"_links":{"self":[{"href":"https:\/\/buyegglass.com\/de\/wp-json\/wp\/v2\/product\/3551","targetHints":{"allow":["GET"]}}],"collection":[{"href":"https:\/\/buyegglass.com\/de\/wp-json\/wp\/v2\/product"}],"about":[{"href":"https:\/\/buyegglass.com\/de\/wp-json\/wp\/v2\/types\/product"}],"replies":[{"embeddable":true,"href":"https:\/\/buyegglass.com\/de\/wp-json\/wp\/v2\/comments?post=3551"}],"wp:featuredmedia":[{"embeddable":true,"href":"https:\/\/buyegglass.com\/de\/wp-json\/wp\/v2\/media\/3559"}],"wp:attachment":[{"href":"https:\/\/buyegglass.com\/de\/wp-json\/wp\/v2\/media?parent=3551"}],"wp:term":[{"taxonomy":"product_brand","embeddable":true,"href":"https:\/\/buyegglass.com\/de\/wp-json\/wp\/v2\/product_brand?post=3551"},{"taxonomy":"product_cat","embeddable":true,"href":"https:\/\/buyegglass.com\/de\/wp-json\/wp\/v2\/product_cat?post=3551"},{"taxonomy":"product_tag","embeddable":true,"href":"https:\/\/buyegglass.com\/de\/wp-json\/wp\/v2\/product_tag?post=3551"}],"curies":[{"name":"wp","href":"https:\/\/api.w.org\/{rel}","templated":true}]}}