{"id":3475,"date":"2025-09-26T07:14:02","date_gmt":"2025-09-26T07:14:02","guid":{"rendered":"https:\/\/buyegglass.com\/?post_type=product&#038;p=3475"},"modified":"2025-10-10T08:22:53","modified_gmt":"2025-10-10T08:22:53","slug":"dab-oil-rigs-colorful-winged-one-piece-borosilicate-glass","status":"publish","type":"product","link":"https:\/\/buyegglass.com\/de\/product\/dab-oil-rigs-colorful-winged-one-piece-borosilicate-glass\/","title":{"rendered":"Dab Oil Rigs Bunte gefl\u00fcgelte ein St\u00fcck Borosilikatglas"},"content":{"rendered":"<h2>Dab Oil Rigs Bunte gefl\u00fcgelte ein St\u00fcck Borosilikatglas<\/h2>\n<p>Bringen Sie dynamische Kraft in Ihre Sessions mit dem Dab Oil Rigs Colorful Winged One Piece. Gefertigt aus hochwertigem Borosilikatglas, verbindet dieser Artikel Haltbarkeit mit auffallender Virtuosit\u00e4t. Jedes Rig verf\u00fcgt \u00fcber regenbogenfarbene Fl\u00fcgel auf beiden Seiten, die ihm ein k\u00fchnes und lebendiges Aussehen verleihen, das in jeder Art von Sammlung die Aufmerksamkeit auf sich zieht.<\/p>\n<p>Der einteilige Stil garantiert eine einfache Handhabung und dauerhafte Robustheit, w\u00e4hrend die tragbare Struktur ihn sowohl f\u00fcr den Gebrauch zu Hause als auch f\u00fcr unterwegs hervorragend geeignet macht. Der Aufbau und die Konstruktion aus Borosilikatglas bieten eine hervorragende W\u00e4rmebest\u00e4ndigkeit, so dass Sie jederzeit glattere und sauberere Treffer genie\u00dfen k\u00f6nnen.<\/p>\n<p>Besonderes Layout und Leistung<\/p>\n<p>Die herausragende Funktion ist die Sammlung von lebendigen Fl\u00fcgeln, aufwendig mit verschiedenen farbigen Streifen, die ein bezauberndes Ergebnis, wenn Licht Reise durch zu entwickeln beschrieben. Erh\u00e4ltlich in verschiedenen Farben wie gr\u00fcn, lila, rosa, klar und br\u00e4unlich-gelb, bietet jedes Rig seinen eigenen Charakter, w\u00e4hrend es die gleiche zuverl\u00e4ssige Leistung beibeh\u00e4lt.<\/p>\n<p>Dieser Artikel sieht nicht nur gut aus, er ist auch funktionell. Seine geringe Gr\u00f6\u00dfe macht es einfach zu bringen und zu speichern, w\u00e4hrend das abgewinkelte Mundst\u00fcck und robuste Basis halten es stabil w\u00e4hrend der Nutzung. Der Luftstrom ist glatt und reguliert, so dass lohnende Hits mit marginalen Aufwand.<\/p>\n<p>Perfekt f\u00fcr Sammler und den allt\u00e4glichen Gebrauch<\/p>\n<p>Egal, ob Sie fantasievolle Glaswaren sammeln oder einfach nur ein zuverl\u00e4ssiges Miniger\u00e4t suchen, diese Version erf\u00fcllt alle Anforderungen. Seine kompakte Bauweise macht ihn zu einem fantastischen Alltagsbegleiter, w\u00e4hrend die attraktiven Fl\u00fcgel ihn zu einem Gespr\u00e4chsobjekt machen. Es ist die Art von Glas, die Kunst und Energie makellos miteinander verbindet.<\/p>\n<p>W\u00e4hle das Dab Oil Rigs Colorful Winged One Item Borosilikatglas, um Deiner Sammlung sowohl Schwung als auch Funktion hinzuzuf\u00fcgen. Mit seiner robusten Bauweise und lebendigen Optik sorgt dieses Ger\u00e4t daf\u00fcr, dass sich jede Session wirklich ein wenig besonders bemerkenswert anf\u00fchlt.<\/p>","protected":false},"excerpt":{"rendered":"<p>The Dab Oil Rigs Colorful Winged One Piece shines with rainbow-patterned wings and durable borosilicate glass. Compact, artistic, and functional, it offers smooth hits while doubling as a unique collectible piece in vibrant shades like green, pink, clear, and amber.<\/p>","protected":false},"featured_media":3483,"comment_status":"open","ping_status":"closed","template":"","meta":[],"product_brand":[],"product_cat":[41],"product_tag":[280,310,155],"class_list":{"0":"post-3475","1":"product","2":"type-product","3":"status-publish","4":"has-post-thumbnail","6":"product_cat-dab-oil-rigs","7":"product_tag-borosilicate-glass-rig","8":"product_tag-colorful-mini-bong","9":"product_tag-dab-oil-rigs","11":"first","12":"instock","13":"shipping-taxable","14":"purchasable","15":"product-type-variable"},"_links":{"self":[{"href":"https:\/\/buyegglass.com\/de\/wp-json\/wp\/v2\/product\/3475","targetHints":{"allow":["GET"]}}],"collection":[{"href":"https:\/\/buyegglass.com\/de\/wp-json\/wp\/v2\/product"}],"about":[{"href":"https:\/\/buyegglass.com\/de\/wp-json\/wp\/v2\/types\/product"}],"replies":[{"embeddable":true,"href":"https:\/\/buyegglass.com\/de\/wp-json\/wp\/v2\/comments?post=3475"}],"wp:featuredmedia":[{"embeddable":true,"href":"https:\/\/buyegglass.com\/de\/wp-json\/wp\/v2\/media\/3483"}],"wp:attachment":[{"href":"https:\/\/buyegglass.com\/de\/wp-json\/wp\/v2\/media?parent=3475"}],"wp:term":[{"taxonomy":"product_brand","embeddable":true,"href":"https:\/\/buyegglass.com\/de\/wp-json\/wp\/v2\/product_brand?post=3475"},{"taxonomy":"product_cat","embeddable":true,"href":"https:\/\/buyegglass.com\/de\/wp-json\/wp\/v2\/product_cat?post=3475"},{"taxonomy":"product_tag","embeddable":true,"href":"https:\/\/buyegglass.com\/de\/wp-json\/wp\/v2\/product_tag?post=3475"}],"curies":[{"name":"wp","href":"https:\/\/api.w.org\/{rel}","templated":true}]}}