{"id":3419,"date":"2025-09-26T06:05:43","date_gmt":"2025-09-26T06:05:43","guid":{"rendered":"https:\/\/buyegglass.com\/?post_type=product&#038;p=3419"},"modified":"2025-10-10T08:17:35","modified_gmt":"2025-10-10T08:17:35","slug":"dab-oil-rigs-mini-octopus-head-5-3-in-borosilicate-glass-top","status":"publish","type":"product","link":"https:\/\/buyegglass.com\/de\/product\/dab-oil-rigs-mini-octopus-head-5-3-in-borosilicate-glass-top\/","title":{"rendered":"Dab \u00d6l Rigs Mini Octopus Kopf 5,3 in Borosilikatglas Top"},"content":{"rendered":"<h2>Dab \u00d6l Rigs Mini Octopus Kopf 5,3 in Borosilikatglas Top<\/h2>\n<p>Der Bit Oil Rigs Mini Octopus Head 5.3 inch kombiniert kompakte Leistung mit kreativem, maritim inspiriertem Layout. Hergestellt aus hochwertigem Borosilikatglas, ist dieses Ger\u00e4t f\u00fcr Z\u00e4higkeit und W\u00e4rmebest\u00e4ndigkeit entwickelt, so dass eine reibungslose und zuverl\u00e4ssige Dabbing-Erfahrung. Unabh\u00e4ngig von seiner kleinen Dimension, liefert es leistungsstarke Hits und ist gleichzeitig einfach zu handhaben und zu halten.<\/p>\n<p>Verspielter Oktopuskopf-Stil<\/p>\n<p>Der Clou ist der lebhafte, mundgeblasene Oktopus, der auf der Oberseite des Ger\u00e4ts thront. Mit seinen kr\u00e4ftigen Armen und lebhaften Farben wie Rot, Umweltfreundlichkeit, Grau und Blau ist jedes Ger\u00e4t auch ein dekoratives St\u00fcck Glaskunst. Das Kraken-Design verleiht ihm Charakter und Anziehungskraft und macht es zu einem beliebten Objekt f\u00fcr Sammelstellen.<\/p>\n<p>Klein und doch effizient<\/p>\n<p>Dieses Dab Oil Rigs nur 5,3 Zoll, ist dieses kleine Rig f\u00fcr Transportf\u00e4higkeit und Nutzen gemacht. Seine becherf\u00f6rmige Basis verwendet ausgezeichnete Stabilit\u00e4t und Wasserkapazit\u00e4t, so dass eine effektive Filterung in einem kleinen Format. Perfekt f\u00fcr schnelle Sitzungen oder eine Reise Verwendung nehmen, bietet es eine glatte, geschmackvolle Erfahrung ohne Masse.<\/p>\n<p>Langlebiges Borosilikatglas<\/p>\n<p>Der Mini Octopus Head ist aus dickem Borosilikatglas gefertigt und widersteht dem Stress und der Angst vor W\u00e4rme und dem t\u00e4glichen Gebrauch. Die durchsichtige Kammer hebt die sprudelnde Wirkung w\u00e4hrend des Gebrauchs hervor, w\u00e4hrend die verst\u00e4rkte Verbindung f\u00fcr Widerstandsf\u00e4higkeit und Langlebigkeit sorgt.<\/p>\n<p>Spezifikationen<\/p>\n<p>H\u00f6henlage: 5,3 Zoll<\/p>\n<p>Produkt: Borosilikatglas<\/p>\n<p>Gestaltung: Mundgeblasener Krakenkopfaufsatz<\/p>\n<p>Sockel: Becherf\u00f6rmig f\u00fcr Sicherheit<\/p>\n<p>Merkmale: Kompakte Abmessungen, effektive Wasserfiltration<\/p>\n<p>Farbvariationen: Rot, Gr\u00fcn, Blau, Grau<\/p>\n<p>Der Dab Oil Rigs Mini Octopus Head 5.3 in Borosilikatglas Top ist die beste Balance aus angenehmer Gestaltung und n\u00fctzlicher Leistung. Seine mobile Gr\u00f6\u00dfe, Robustheit und ozeanisch inspirierte Virtuosit\u00e4t machen ihn zu einem herausragenden Element f\u00fcr den t\u00e4glichen Gebrauch und die Pr\u00e4sentation.<\/p>","protected":false},"excerpt":{"rendered":"<p>The Dab Oil Rigs Mini Octopus Head 5.3 inch is crafted from durable borosilicate glass with a playful octopus topper. Compact and portable, it features a stable beaker base, efficient water filtration, and vibrant color options, making it both a functional rig and a collectible art piece.<\/p>","protected":false},"featured_media":3427,"comment_status":"open","ping_status":"closed","template":"","meta":[],"product_brand":[],"product_cat":[41],"product_tag":[245,301,302],"class_list":{"0":"post-3419","1":"product","2":"type-product","3":"status-publish","4":"has-post-thumbnail","6":"product_cat-dab-oil-rigs","7":"product_tag-borosilicate-oil-rig","8":"product_tag-mini-dab-rig","9":"product_tag-octopus-glass-rig","11":"first","12":"instock","13":"shipping-taxable","14":"purchasable","15":"product-type-variable"},"_links":{"self":[{"href":"https:\/\/buyegglass.com\/de\/wp-json\/wp\/v2\/product\/3419","targetHints":{"allow":["GET"]}}],"collection":[{"href":"https:\/\/buyegglass.com\/de\/wp-json\/wp\/v2\/product"}],"about":[{"href":"https:\/\/buyegglass.com\/de\/wp-json\/wp\/v2\/types\/product"}],"replies":[{"embeddable":true,"href":"https:\/\/buyegglass.com\/de\/wp-json\/wp\/v2\/comments?post=3419"}],"wp:featuredmedia":[{"embeddable":true,"href":"https:\/\/buyegglass.com\/de\/wp-json\/wp\/v2\/media\/3427"}],"wp:attachment":[{"href":"https:\/\/buyegglass.com\/de\/wp-json\/wp\/v2\/media?parent=3419"}],"wp:term":[{"taxonomy":"product_brand","embeddable":true,"href":"https:\/\/buyegglass.com\/de\/wp-json\/wp\/v2\/product_brand?post=3419"},{"taxonomy":"product_cat","embeddable":true,"href":"https:\/\/buyegglass.com\/de\/wp-json\/wp\/v2\/product_cat?post=3419"},{"taxonomy":"product_tag","embeddable":true,"href":"https:\/\/buyegglass.com\/de\/wp-json\/wp\/v2\/product_tag?post=3419"}],"curies":[{"name":"wp","href":"https:\/\/api.w.org\/{rel}","templated":true}]}}