{"id":3235,"date":"2025-09-26T01:47:00","date_gmt":"2025-09-26T01:47:00","guid":{"rendered":"https:\/\/buyegglass.com\/?post_type=product&#038;p=3235"},"modified":"2025-10-10T09:45:01","modified_gmt":"2025-10-10T09:45:01","slug":"dab-oil-rigs-cactus-solid-colors-series-borosilicate-glass","status":"publish","type":"product","link":"https:\/\/buyegglass.com\/de\/product\/dab-oil-rigs-cactus-solid-colors-series-borosilicate-glass\/","title":{"rendered":"Dab Oil Rigs Cactus Solide Farben Serie Borosilikatglas"},"content":{"rendered":"<h2>Dab Oil Rigs Cactus Solide Farben Serie Borosilikatglas<\/h2>\n<p>Die Dab Oil Rigs Cactus Solid Colors Serie bietet eine dynamische und funktionelle Methode, um Dein Dabbing-Erlebnis zu verbessern. Hergestellt aus hochwertigem Borosilikatglas, sind diese Zahnr\u00e4der gemacht, um Hitze zu widerstehen, w\u00e4hrend sie glatte und geschmackvolle Hits jedes Mal bieten.<\/p>\n<p>Besonderes Kaktus-Design<\/p>\n<p>Das Herzst\u00fcck jeder Anlage ist ein kaktusf\u00f6rmiger Brennpunkt, der ihr ein innovatives und lebendiges Aussehen verleiht. Der Kaktus ist nicht nur optisch ansprechend, sondern tr\u00e4gt auch zu einer viel besseren Diffusion und Filterung bei, wodurch jede Session k\u00fchl und angenehm ist. Mit farbigen Akzenten auf der Basis, dem Mundst\u00fcck und dem Gelenk zieht jedes Produkt die Aufmerksamkeit auf sich und ist ein n\u00fctzliches Kunstwerk.<\/p>\n<p>Kosten Borosilikatglas<\/p>\n<p>Die aus dickem Borosilikatglas gefertigten Zahnr\u00e4der sind robust und f\u00fcr den dauerhaften Einsatz konzipiert. Die solide Konstruktion sorgt f\u00fcr Widerstandsf\u00e4higkeit gegen thermische Belastung, so dass es vertrauensw\u00fcrdig f\u00fcr Tag-zu-Tag-Sessions. Das hochwertige Glas h\u00e4lt auch den Geschmack rein, so dass Sie Ihre Schwerpunkte ohne unerw\u00fcnschten Nachgeschmack zu genie\u00dfen.<\/p>\n<p>Merkmale und Vorteile<\/p>\n<p>Robustes Borosilikatglas f\u00fcr St\u00e4rke und W\u00e4rmebest\u00e4ndigkeit<\/p>\n<p>Farbenfroher Kaktus als Mittelpunkt f\u00fcr einzigartiges Design und sanfte Diffusion<\/p>\n<p>Sicherer breiter Sockel gegen Umkippen<\/p>\n<p>Gebogene Nackenpartie f\u00fcr Sicherheit und Komfort im Armaturenbrett<\/p>\n<p>Verschiedene Farbakzente passend zu Ihrem Stil<\/p>\n<p>Perfekt f\u00fcr Dabbing-Enthusiasten<\/p>\n<p>Egal, ob Sie ein Anf\u00e4nger sind, der Konzentrate entdeckt, oder ein erfahrener Raucher, der nach einem zuverl\u00e4ssigen Ger\u00e4t sucht, diese Serie bietet sowohl Funktion als auch Flair. Die kleine Gr\u00f6\u00dfe macht sie einfach zu handhaben und zu reinigen, w\u00e4hrend das lebendige Design Ihrer Glaswaren-Sammlung Pers\u00f6nlichkeit verleiht.<\/p>\n<p>Die Dab Oil Rigs Cactus Solid Colors Collection vereint Kunstfertigkeit, Robustheit und Effizienz und ist damit eine hervorragende Wahl f\u00fcr alle, die ihre Dabbing-Sessions aufwerten wollen.<\/p>","protected":false},"excerpt":{"rendered":"<p>Dab Oil Rigs Cactus Solid Colors Series crafted from durable borosilicate glass feature vibrant cactus designs, sturdy bases, and bent necks for splash-free, smooth dabs. With bold color accents and reliable performance, these rigs bring both style and functionality to every session.<\/p>","protected":false},"featured_media":3250,"comment_status":"open","ping_status":"closed","template":"","meta":[],"product_brand":[],"product_cat":[41],"product_tag":[245,244,246],"class_list":{"0":"post-3235","1":"product","2":"type-product","3":"status-publish","4":"has-post-thumbnail","6":"product_cat-dab-oil-rigs","7":"product_tag-borosilicate-oil-rig","8":"product_tag-cactus-dab-rig","9":"product_tag-colorful-glass-rig","11":"first","12":"instock","13":"shipping-taxable","14":"purchasable","15":"product-type-variable"},"_links":{"self":[{"href":"https:\/\/buyegglass.com\/de\/wp-json\/wp\/v2\/product\/3235","targetHints":{"allow":["GET"]}}],"collection":[{"href":"https:\/\/buyegglass.com\/de\/wp-json\/wp\/v2\/product"}],"about":[{"href":"https:\/\/buyegglass.com\/de\/wp-json\/wp\/v2\/types\/product"}],"replies":[{"embeddable":true,"href":"https:\/\/buyegglass.com\/de\/wp-json\/wp\/v2\/comments?post=3235"}],"wp:featuredmedia":[{"embeddable":true,"href":"https:\/\/buyegglass.com\/de\/wp-json\/wp\/v2\/media\/3250"}],"wp:attachment":[{"href":"https:\/\/buyegglass.com\/de\/wp-json\/wp\/v2\/media?parent=3235"}],"wp:term":[{"taxonomy":"product_brand","embeddable":true,"href":"https:\/\/buyegglass.com\/de\/wp-json\/wp\/v2\/product_brand?post=3235"},{"taxonomy":"product_cat","embeddable":true,"href":"https:\/\/buyegglass.com\/de\/wp-json\/wp\/v2\/product_cat?post=3235"},{"taxonomy":"product_tag","embeddable":true,"href":"https:\/\/buyegglass.com\/de\/wp-json\/wp\/v2\/product_tag?post=3235"}],"curies":[{"name":"wp","href":"https:\/\/api.w.org\/{rel}","templated":true}]}}