{"id":3199,"date":"2025-09-26T01:30:14","date_gmt":"2025-09-26T01:30:14","guid":{"rendered":"https:\/\/buyegglass.com\/?post_type=product&#038;p=3199"},"modified":"2025-10-10T08:16:21","modified_gmt":"2025-10-10T08:16:21","slug":"beaker-bongs-diamond-borosilicate-glass-eg-09-14inch-shop","status":"publish","type":"product","link":"https:\/\/buyegglass.com\/de\/product\/beaker-bongs-diamond-borosilicate-glass-eg-09-14inch-shop\/","title":{"rendered":"Becher Bongs Diamant Borosilikatglas EG-09 14Zoll Shop"},"content":{"rendered":"<h2>Becher Bongs Rubin Borosilikatglas EG-09 14 Zoll<\/h2>\n<p>Die Beaker Bongs Diamond Borosilicate Glass EG-09 bietet ein perfektes Gleichgewicht aus Haltbarkeit, Stil und reibungsloser Leistungsf\u00e4higkeit. Mit einer H\u00f6he von 14 Zoll ist dieses St\u00fcck aus hochwertigem Borosilikatglas gefertigt, das f\u00fcr seine Ausdauer und Widerstandsf\u00e4higkeit gegen thermische Belastung bekannt ist. Der Sockel des Bechers sorgt f\u00fcr zus\u00e4tzliche Sicherheit und verhindert, dass er bei Gebrauch oder Reinigung schnell umkippt.<\/p>\n<p>Das obere Rohr ist mit einem diamantstrukturierten, gefrorenen Stil versehen, der ihm einen eleganten, modernen Look verleiht und gleichzeitig die Griffigkeit erh\u00f6ht. Diese Bong ist in verschiedenen Farben wie Dunkelblau, Gr\u00fcn, Schwarz und Pink erh\u00e4ltlich und erm\u00f6glicht es dir, dein Design anzupassen und gleichzeitig einen Hauch von Individualit\u00e4t in jede Session zu bringen.<\/p>\n<p>Herausragende Merkmale<\/p>\n<p>14-Zoll-H\u00f6he, ideal f\u00fcr glatte, trendige Zeichnungen<\/p>\n<p>Dickes Borosilikatglas f\u00fcr Z\u00e4higkeit und Hitzebest\u00e4ndigkeit<\/p>\n<p>Breiter Becherboden f\u00fcr erh\u00f6hte Stabilit\u00e4t und gr\u00f6\u00dferes Wasservolumen<\/p>\n<p>Rautenmuster in mattierter Ausf\u00fchrung f\u00fcr optische Reize und Griffigkeit<\/p>\n<p>Zahlreiche dynamische Farboptionen<\/p>\n<p>Ganz gleich, ob Sie ein zuverl\u00e4ssiges St\u00fcck f\u00fcr den Alltag oder etwas Ansprechendes f\u00fcr Ihre Sammlung suchen, das EG-09 bietet sowohl Effizienz als auch visuellen Reiz. Die Kombination aus Verarbeitung und Zweckm\u00e4\u00dfigkeit macht ihn zu einer wunderbaren Wahl f\u00fcr Fans, die glatte Treffer und modernes Design sch\u00e4tzen.<\/p>\n<p>Diese Becherbong ist dank ihrer einfachen Bauweise und des abnehmbaren Stiels au\u00dferdem sehr leicht zu reinigen und zu pflegen. Perfekt f\u00fcr Neulinge und erfahrene Personen gleicherma\u00dfen, verbessert die EG-09 Ihr Raucherlebnis mit k\u00fchlen, gefilterten Anziehungskr\u00e4ften und einem Stil, der sich in der Hand so ausgezeichnet anf\u00fchlt, wie er auf dem Display aussieht.<\/p>\n<p>Holen Sie sich die Beaker Bongs Diamond Borosilicate Glass EG-09 14 Inch nach Hause und steigern Sie Ihre Sessions mit einer Mischung aus St\u00e4rke, Stil und Leistung.<\/p>","protected":false},"excerpt":{"rendered":"<p>Beaker Bongs Diamond Borosilicate Glass EG-09 14 Inch features a sturdy beaker base, frosted diamond-patterned tube, and vibrant color options. Made from durable borosilicate glass, it delivers smooth, cool hits while offering stability, style, and easy cleaning for both new and seasoned users.<\/p>","protected":false},"featured_media":3203,"comment_status":"open","ping_status":"closed","template":"","meta":[],"product_brand":[],"product_cat":[39],"product_tag":[231,226,219],"class_list":{"0":"post-3199","1":"product","2":"type-product","3":"status-publish","4":"has-post-thumbnail","6":"product_cat-beaker-bongs","7":"product_tag-14-inch-bong","8":"product_tag-beaker-bong","9":"product_tag-borosilicate-glass-bong","11":"first","12":"instock","13":"shipping-taxable","14":"purchasable","15":"product-type-variable"},"_links":{"self":[{"href":"https:\/\/buyegglass.com\/de\/wp-json\/wp\/v2\/product\/3199","targetHints":{"allow":["GET"]}}],"collection":[{"href":"https:\/\/buyegglass.com\/de\/wp-json\/wp\/v2\/product"}],"about":[{"href":"https:\/\/buyegglass.com\/de\/wp-json\/wp\/v2\/types\/product"}],"replies":[{"embeddable":true,"href":"https:\/\/buyegglass.com\/de\/wp-json\/wp\/v2\/comments?post=3199"}],"wp:featuredmedia":[{"embeddable":true,"href":"https:\/\/buyegglass.com\/de\/wp-json\/wp\/v2\/media\/3203"}],"wp:attachment":[{"href":"https:\/\/buyegglass.com\/de\/wp-json\/wp\/v2\/media?parent=3199"}],"wp:term":[{"taxonomy":"product_brand","embeddable":true,"href":"https:\/\/buyegglass.com\/de\/wp-json\/wp\/v2\/product_brand?post=3199"},{"taxonomy":"product_cat","embeddable":true,"href":"https:\/\/buyegglass.com\/de\/wp-json\/wp\/v2\/product_cat?post=3199"},{"taxonomy":"product_tag","embeddable":true,"href":"https:\/\/buyegglass.com\/de\/wp-json\/wp\/v2\/product_tag?post=3199"}],"curies":[{"name":"wp","href":"https:\/\/api.w.org\/{rel}","templated":true}]}}