{"id":3062,"date":"2025-09-25T10:45:26","date_gmt":"2025-09-25T10:45:26","guid":{"rendered":"https:\/\/buyegglass.com\/?post_type=product&#038;p=3062"},"modified":"2025-10-10T08:13:17","modified_gmt":"2025-10-10T08:13:17","slug":"beaker-bongs-slyme-leaf-borosilicate-glass-eg-05-14inch","status":"publish","type":"product","link":"https:\/\/buyegglass.com\/de\/product\/beaker-bongs-slyme-leaf-borosilicate-glass-eg-05-14inch\/","title":{"rendered":"Becher Bongs Slyme Blatt Borosilikatglas EG-05 14Zoll"},"content":{"rendered":"<h2>Becher Bongs Slyme Gefallenen verlassen Borosilikatglas EG-05 14Zoll<\/h2>\n<p>Die Beaker Bongs Slyme Fallen Leave Borosilikatglas EG-05 14Inch ist f\u00fcr Raucher, die Haltbarkeit, Design und glatte Effizienz sch\u00e4tzen gemacht. Gefertigt aus Premium-7mm-Borosilikatglas, enth\u00e4lt dieser Becher Bong Z\u00e4higkeit mit k\u00fcnstlerischen Informationen. Seine hohe 14-Zoll-Rahmen verwendet eine gr\u00f6\u00dfere F\u00e4higkeit f\u00fcr Rauch, bietet k\u00fchler, voller Hits, die die gesamte Erfahrung zu verbessern.<\/p>\n<p>Das herausragende Merkmal dieses Artikels ist das in den get\u00f6nten Hals ge\u00e4tzte Slyme-Falllaub-Layout. Angeboten in verschiedenen Farbt\u00f6nen wie schwarz, blau, umweltfreundlich und rosa, bringt jede Bong einen lebendigen und modernen Look zu jeder Art von Sammlung. Die gefrorenen Fallblattmuster enthalten Textur, so dass es nicht nur \u00e4sthetisch auff\u00e4llig, sondern auch bequem zu greifen.<\/p>\n<p>Auch die Funktionalit\u00e4t ist hervorragend. Der Sockel des Bechers bietet hervorragende Sicherheit, da er ein unbeabsichtigtes Umkippen verhindert, und fasst gleichzeitig noch mehr Wasser f\u00fcr eine effiziente Filtration. Der abnehmbare Stiel und die passende Glasschale machen die Reinigung und Pflege einfach. Das breite Mundst\u00fcck sorgt f\u00fcr einen gleichm\u00e4\u00dfigen Luftstrom, w\u00e4hrend die Dicke des Borosilikatglases auch bei t\u00e4glichem Gebrauch eine lange Lebensdauer garantiert.<\/p>\n<p>Das Beaker Bongs Slyme Leaf Borosilikatglas EG-05 14Inch ist f\u00fcr Anf\u00e4nger und erfahrene Raucher gleicherma\u00dfen geeignet und wurde entwickelt, um Hitze und Abnutzung standzuhalten. Es ist ein flexibles St\u00fcck f\u00fcr Solo-Sessions oder Team-Feiern geeignet, bietet regelm\u00e4\u00dfige Leistung, wann immer.<\/p>\n<p>Geheime Attribute<\/p>\n<p>H\u00f6he: 14 Zoll<\/p>\n<p>Material: 7mm Borosilikatglas<\/p>\n<p>Stil: Slyme gefallenes Blatt ge\u00e4tztes Muster<\/p>\n<p>Verf\u00fcgbare Farben: schwarz, umweltfreundlich, blau, rosa<\/p>\n<p>Becherboden f\u00fcr zus\u00e4tzliche Stabilit\u00e4t<\/p>\n<p>Abnehmbarer Fallstiel und passende Schale<\/p>\n<p>Diese Beaker-Bong bietet ein Gleichgewicht aus Robustheit, Design und Leistung. Ob Sie Ihre Sammlung erweitern oder Ihr allererstes erstklassiges St\u00fcck erwerben, die Beaker Bongs Slyme Leaf Borosilikatglas EG-05 14Inch ist eine zuverl\u00e4ssige Wahl, die Funktion mit modernem Design mischt.<\/p>","protected":false},"excerpt":{"rendered":"<p>The Beaker Bongs Slyme Leaf Borosilicate Glass EG-05 14Inch features 7mm thick durable glass, a beaker base for stability, and frosted slyme leaf patterns in multiple colors for style and smooth smoking.<\/p>","protected":false},"featured_media":3067,"comment_status":"open","ping_status":"closed","template":"","meta":[],"product_brand":[],"product_cat":[39],"product_tag":[231,226,219],"class_list":{"0":"post-3062","1":"product","2":"type-product","3":"status-publish","4":"has-post-thumbnail","6":"product_cat-beaker-bongs","7":"product_tag-14-inch-bong","8":"product_tag-beaker-bong","9":"product_tag-borosilicate-glass-bong","11":"first","12":"instock","13":"shipping-taxable","14":"purchasable","15":"product-type-variable"},"_links":{"self":[{"href":"https:\/\/buyegglass.com\/de\/wp-json\/wp\/v2\/product\/3062","targetHints":{"allow":["GET"]}}],"collection":[{"href":"https:\/\/buyegglass.com\/de\/wp-json\/wp\/v2\/product"}],"about":[{"href":"https:\/\/buyegglass.com\/de\/wp-json\/wp\/v2\/types\/product"}],"replies":[{"embeddable":true,"href":"https:\/\/buyegglass.com\/de\/wp-json\/wp\/v2\/comments?post=3062"}],"wp:featuredmedia":[{"embeddable":true,"href":"https:\/\/buyegglass.com\/de\/wp-json\/wp\/v2\/media\/3067"}],"wp:attachment":[{"href":"https:\/\/buyegglass.com\/de\/wp-json\/wp\/v2\/media?parent=3062"}],"wp:term":[{"taxonomy":"product_brand","embeddable":true,"href":"https:\/\/buyegglass.com\/de\/wp-json\/wp\/v2\/product_brand?post=3062"},{"taxonomy":"product_cat","embeddable":true,"href":"https:\/\/buyegglass.com\/de\/wp-json\/wp\/v2\/product_cat?post=3062"},{"taxonomy":"product_tag","embeddable":true,"href":"https:\/\/buyegglass.com\/de\/wp-json\/wp\/v2\/product_tag?post=3062"}],"curies":[{"name":"wp","href":"https:\/\/api.w.org\/{rel}","templated":true}]}}