{"id":3020,"date":"2025-09-25T10:30:21","date_gmt":"2025-09-25T10:30:21","guid":{"rendered":"https:\/\/buyegglass.com\/?post_type=product&#038;p=3020"},"modified":"2025-10-10T09:32:20","modified_gmt":"2025-10-10T09:32:20","slug":"glass-weed-pipes-double-monster-eyeballs-borosilicate-4-5in","status":"publish","type":"product","link":"https:\/\/buyegglass.com\/de\/product\/glass-weed-pipes-double-monster-eyeballs-borosilicate-4-5in\/","title":{"rendered":"Glas Unkraut Rohre Double Monster Eyeballs Borosilikat 4.5in"},"content":{"rendered":"<h2>Glas Unkraut Rohre Dual Beast Eyeballs Borosilikat 4,5 in.<\/h2>\n<p>Bringen Sie einen lustigen Spin zu Ihrem Rauchen Zigaretten Sammlung mit dem Glas Weed Pipes Dual Monster Eyeballs Borosilikat 4,5 in. Entworfen mit einem-of-a-kind-Monster-inspirierten Funktionen, diese Pipeline enth\u00e4lt schrulligen Design mit praktischen Verarbeitung. Jedes St\u00fcck ist aus langlebigem Borosilikatglas gefertigt, das St\u00e4rke, W\u00e4rmebest\u00e4ndigkeit und dauerhaften Gebrauch garantiert.<\/p>\n<p>Das herausragende Merkmal dieser Pfeife ist das verspielte Design mit 2 hervorstehenden Aug\u00e4pfeln und einem l\u00e4chelnden Mund mit starken Z\u00e4hnen. Erh\u00e4ltlich in verschiedenen lebendigen Schattierungen, bringt jedes St\u00fcck Individualit\u00e4t zu Ihrem Rauchen Sitzungen, w\u00e4hrend weiterhin extrem funktional zu sein. Die tragbare 4,5-Zoll-Abmessung macht es tragbar, einfach zu bedienen und leicht zu reinigen, so dass es ein au\u00dfergew\u00f6hnliches t\u00e4gliches St\u00fcck oder ein angenehmes Sammlerst\u00fcck ist.<\/p>\n<p>Trick-Funktionen.<\/p>\n<p>Gr\u00f6\u00dfe: 4,5 Zoll f\u00fcr Transportf\u00e4higkeit und Komfort.<\/p>\n<p>Produkt: Hochwertiges Borosilikatglas f\u00fcr Haltbarkeit und W\u00e4rmebest\u00e4ndigkeit.<\/p>\n<p>Einzigartiger Stil: Dual Monster Aug\u00e4pfel und Mund Details geh\u00f6ren Pers\u00f6nlichkeit.<\/p>\n<p>Farben: Dynamische Optionen, die in jeder Sammlung auffallen.<\/p>\n<p>Funktion: Sanfter Luftstrom mit komfortablem Halt.<\/p>\n<p>Dieser Artikel eignet sich hervorragend f\u00fcr Zigarettenraucher, die n\u00fctzliche Kunst zu sch\u00e4tzen wissen. Ganz gleich, ob Sie Ihre Sammlung um eine auff\u00e4llige Pipeline erweitern oder ein unterhaltsames Geschenk suchen, das Design der Dual Monster Eyeballs sorgt f\u00fcr Diskussionen und Schmunzeln. Dank seines kompakten Formfaktors passt es bequem in jede Tasche, sodass Sie es \u00fcberallhin mitnehmen k\u00f6nnen.<\/p>\n<p>Mit ihrem innovativen Layout und ihrer zuverl\u00e4ssigen Spitzenqualit\u00e4t verbindet die Glass Weed Pipes Dual Monster Eyeballs Borosilicate 4.5 in Virtuosit\u00e4t und Praktikabilit\u00e4t. Sie ist nicht einfach nur ein Raucherzubeh\u00f6r, sondern ein Deklarationsst\u00fcck, das Deine temperamentvolle Seite zeigt und gleichzeitig jedes Mal ein angenehmes Raucherlebnis bietet.<\/p>","protected":false},"excerpt":{"rendered":"<p>The Glass Weed Pipes Double Monster Eyeballs Borosilicate 4.5in brings fun and function together with quirky monster designs, durable borosilicate glass, vibrant colors, and portable size. Perfect for collectors or daily use, it delivers smooth airflow and adds personality to every session.<\/p>","protected":false},"featured_media":3024,"comment_status":"open","ping_status":"closed","template":"","meta":[],"product_brand":[],"product_cat":[107],"product_tag":[188,229,385],"class_list":{"0":"post-3020","1":"product","2":"type-product","3":"status-publish","4":"has-post-thumbnail","6":"product_cat-weed-pipe","7":"product_tag-borosilicate-smoking-pipe","8":"product_tag-monster-design-pipe","9":"product_tag-weed-pipes","11":"first","12":"instock","13":"shipping-taxable","14":"purchasable","15":"product-type-variable"},"_links":{"self":[{"href":"https:\/\/buyegglass.com\/de\/wp-json\/wp\/v2\/product\/3020","targetHints":{"allow":["GET"]}}],"collection":[{"href":"https:\/\/buyegglass.com\/de\/wp-json\/wp\/v2\/product"}],"about":[{"href":"https:\/\/buyegglass.com\/de\/wp-json\/wp\/v2\/types\/product"}],"replies":[{"embeddable":true,"href":"https:\/\/buyegglass.com\/de\/wp-json\/wp\/v2\/comments?post=3020"}],"wp:featuredmedia":[{"embeddable":true,"href":"https:\/\/buyegglass.com\/de\/wp-json\/wp\/v2\/media\/3024"}],"wp:attachment":[{"href":"https:\/\/buyegglass.com\/de\/wp-json\/wp\/v2\/media?parent=3020"}],"wp:term":[{"taxonomy":"product_brand","embeddable":true,"href":"https:\/\/buyegglass.com\/de\/wp-json\/wp\/v2\/product_brand?post=3020"},{"taxonomy":"product_cat","embeddable":true,"href":"https:\/\/buyegglass.com\/de\/wp-json\/wp\/v2\/product_cat?post=3020"},{"taxonomy":"product_tag","embeddable":true,"href":"https:\/\/buyegglass.com\/de\/wp-json\/wp\/v2\/product_tag?post=3020"}],"curies":[{"name":"wp","href":"https:\/\/api.w.org\/{rel}","templated":true}]}}