{"id":2928,"date":"2025-09-25T09:34:33","date_gmt":"2025-09-25T09:34:33","guid":{"rendered":"https:\/\/buyegglass.com\/?post_type=product&#038;p=2928"},"modified":"2025-10-10T08:17:59","modified_gmt":"2025-10-10T08:17:59","slug":"eg-glass-12-inch-thick-clear-circle-splash-straight-tube","status":"publish","type":"product","link":"https:\/\/buyegglass.com\/de\/product\/eg-glass-12-inch-thick-clear-circle-splash-straight-tube\/","title":{"rendered":"EG Glas 12 Zoll dick Klarer Kreis Splash Gerade R\u00f6hre"},"content":{"rendered":"<h2>EG Glas 12 Zoll dick Klarer Kreis Splash Gerade R\u00f6hre<\/h2>\n<p>Steigern Sie Ihr Raucherlebnis mit der EG Glass 12 Inch Thick Clear Circle Splash Straight Tube, ein Kunstwerk aus funktionellem Design und makelloser Verarbeitung. Entwickelt f\u00fcr diejenigen, die dauerhafte Leistung und kristallklares Aussehen sch\u00e4tzen, steht diese gerade R\u00f6hrenbong als Beweis f\u00fcr EG Glass' Engagement f\u00fcr Qualit\u00e4t.<\/p>\n<p>Gefertigt aus extra dickem, hochwertigem Borosilikatglas, garantiert dieses St\u00fcck au\u00dfergew\u00f6hnliche Widerstandsf\u00e4higkeit und W\u00e4rmebest\u00e4ndigkeit. Die betr\u00e4chtliche Dicke garantiert ein robustes Gef\u00fchl in der Hand und minimiert die Gefahr einer unbeabsichtigten Besch\u00e4digung, was es zu einem zuverl\u00e4ssigen Freund f\u00fcr viele Jahre macht. Die klare Beschichtung bietet nicht nur ein elegantes, minimalistisches Erscheinungsbild, das zu jeder Kollektion passt, sondern erm\u00f6glicht es Ihnen auch, das faszinierende Sickerwasser bei der Arbeit zu genie\u00dfen, so dass Sie immer mit der Sauberkeit Ihres Wassers vertraut sind.<\/p>\n<p>Die 12-Zoll-H\u00f6he bietet ein perfektes Gleichgewicht zwischen Mobilit\u00e4t und hervorragender Rauchklimatisierung. Diese optimale Statur erm\u00f6glicht einen l\u00e4ngeren Rauchpfad, der dem integrierten diffusen Downstem reichlich Gelegenheit gibt, Ihre Z\u00fcge zu filtern und zu k\u00fchlen. Der diffuse Downstem, der in der Basis zu sehen ist, verf\u00fcgt \u00fcber mehrere Schlitze, die den Rauch in bessere Blasen aufteilen und den Kontakt mit Wasser f\u00fcr au\u00dfergew\u00f6hnlich weiche und angenehme Z\u00fcge optimal nutzen. Verabschieden Sie sich von H\u00e4rte und hallo zu einer unglaublich glatten Erfahrung.<\/p>\n<p>Ein ber\u00fchmtes Merkmal ist der stabile runde Boden, der sorgf\u00e4ltig hergestellt wurde, um unersch\u00fctterliche Stabilit\u00e4t zu gew\u00e4hrleisten. Diese gro\u00dfe, dicke Basis verhindert das Umkippen und sorgt daf\u00fcr, dass Ihr wichtiger Gegenstand und seine Materialien auf jeder Art von flacher Oberfl\u00e4che sicher bleiben. Das gerade R\u00f6hrendesign selbst ist bekannt daf\u00fcr, dass es gerade und effektiv rei\u00dft, was es bei Liebhabern, die einen weniger restriktiven Zug bevorzugen, zu einem Favoriten macht.<\/p>\n<p>Das subtil und doch elegant auf den Hals ge\u00e4tzte EG Glass-Logo steht f\u00fcr Glaubw\u00fcrdigkeit und ein Siegel f\u00fcr au\u00dfergew\u00f6hnliche Spitzenqualit\u00e4t. Jede Kurve und jeder Verbindungsfaktor ist perfekt umgesetzt und spiegelt die au\u00dfergew\u00f6hnliche Kunstfertigkeit und den Fokus auf Informationen wider. Diese Bong ist nicht einfach ein Ger\u00e4t zum Rauchen von Zigaretten; sie ist ein Statement-St\u00fcck, das sich nahtlos in die fortschrittliche Lebensweise einf\u00fcgt.<\/p>\n<p>Die einfache, gerade R\u00f6hrenstruktur mit ihren breiten \u00d6ffnungen ist leicht zu reinigen und zu bewahren und erm\u00f6glicht einen schnellen Zugang und eine gr\u00fcndliche Reinigung, so dass Sie Ihr St\u00fcck gl\u00e4nzend und Ihre Sitzungen rein halten k\u00f6nnen. Egal, ob Sie ein erfahrener Aficionado oder ein Neuling in der Welt des Glases sind, das EG Glass 12 Inch Thick Clear Circle Sprinkle Straight Tube bietet eine un\u00fcbertroffene Kombination aus Haltbarkeit, Effizienz und visuellem Reiz. Erleben Sie den Unterschied, den wahre Spitzenqualit\u00e4t ausmacht<\/p>","protected":false},"excerpt":{"rendered":"<p>The EG Glass 12-inch Thick Clear Circle Splash Straight Tube is a durable and sleek smoking accessory. Crafted from robust clear glass, it features a stable circular base and a straight neck with a splash guard for smooth hits.<\/p>","protected":false},"featured_media":3890,"comment_status":"open","ping_status":"closed","template":"","meta":[],"product_brand":[],"product_cat":[46],"product_tag":[382,381,383],"class_list":{"0":"post-2928","1":"product","2":"type-product","3":"status-publish","4":"has-post-thumbnail","6":"product_cat-straight-tube","7":"product_tag-12-inch-straight-tube","8":"product_tag-glass-straight-tube","9":"product_tag-straight-tube","11":"first","12":"instock","13":"shipping-taxable","14":"purchasable","15":"product-type-variable"},"_links":{"self":[{"href":"https:\/\/buyegglass.com\/de\/wp-json\/wp\/v2\/product\/2928","targetHints":{"allow":["GET"]}}],"collection":[{"href":"https:\/\/buyegglass.com\/de\/wp-json\/wp\/v2\/product"}],"about":[{"href":"https:\/\/buyegglass.com\/de\/wp-json\/wp\/v2\/types\/product"}],"replies":[{"embeddable":true,"href":"https:\/\/buyegglass.com\/de\/wp-json\/wp\/v2\/comments?post=2928"}],"wp:featuredmedia":[{"embeddable":true,"href":"https:\/\/buyegglass.com\/de\/wp-json\/wp\/v2\/media\/3890"}],"wp:attachment":[{"href":"https:\/\/buyegglass.com\/de\/wp-json\/wp\/v2\/media?parent=2928"}],"wp:term":[{"taxonomy":"product_brand","embeddable":true,"href":"https:\/\/buyegglass.com\/de\/wp-json\/wp\/v2\/product_brand?post=2928"},{"taxonomy":"product_cat","embeddable":true,"href":"https:\/\/buyegglass.com\/de\/wp-json\/wp\/v2\/product_cat?post=2928"},{"taxonomy":"product_tag","embeddable":true,"href":"https:\/\/buyegglass.com\/de\/wp-json\/wp\/v2\/product_tag?post=2928"}],"curies":[{"name":"wp","href":"https:\/\/api.w.org\/{rel}","templated":true}]}}