{"id":2886,"date":"2025-09-25T09:17:48","date_gmt":"2025-09-25T09:17:48","guid":{"rendered":"https:\/\/buyegglass.com\/?post_type=product&#038;p=2886"},"modified":"2025-10-10T08:27:52","modified_gmt":"2025-10-10T08:27:52","slug":"es2257-dab-oil-rigs-glass-12-inch-bent-neck-klein-oil-rig","status":"publish","type":"product","link":"https:\/\/buyegglass.com\/de\/product\/es2257-dab-oil-rigs-glass-12-inch-bent-neck-klein-oil-rig\/","title":{"rendered":"ES2257 Dab Oil Rigs Glas 12 Zoll gebogenen Hals Klein Oil Rig"},"content":{"rendered":"<h2>ES2257 Bit Oil Rigs Glass 12 Inch Bent Neck Klein Oil Well<\/h2>\n<p>Das ES2257 Dab Oil Rigs Glass 12 Inch Bent Neck Klein Oil well kombiniert Eleganz, Leistungsf\u00e4higkeit und Langlebigkeit f\u00fcr ein au\u00dfergew\u00f6hnliches Raucherlebnis. Hergestellt aus Kosten Borosilikatglas, bietet diese \u00d6lbohrer ausgezeichnete W\u00e4rmebest\u00e4ndigkeit unter Beibehaltung einer stromlinienf\u00f6rmigen, klaren Blick, der seine Verarbeitung unterstreicht.<\/p>\n<p>Der gebogene Hals ist nicht nur modisch, sondern auch funktional, denn er verhindert R\u00fcckst\u00f6\u00dfe und bietet einen bequemen Winkel f\u00fcr jeden Atemzug. Mit einer H\u00f6he von 12 Zoll bietet er ein ideales Gleichgewicht zwischen Transportf\u00e4higkeit und Leistung, was ihn zu einer ausgezeichneten Wahl sowohl f\u00fcr den Gebrauch zu Hause als auch f\u00fcr unterwegs macht.<\/p>\n<p>Fortschrittliches Klein-Recycler-Design<\/p>\n<p>Diese Bohrinsel f\u00e4llt durch ihr Klein-Recycler-System auf, das f\u00fcr reibungslose, gefilterte Systemtreffer entwickelt wurde. Das Layout recycelt kontinuierlich das Wasser innerhalb der Kammer, h\u00e4lt es frisch und stoppt abgestandenen Rauch. Dies stellt sicher, dass jeder Zug gek\u00fchlt und voller Geschmack ist, die Verbesserung der allgemeinen Zigarette Raucherlebnis.<\/p>\n<p>Der mitgelieferte Perkolator zerlegt den Rauch zus\u00e4tzlich in feinere Bl\u00e4schen und optimiert so die Luftaufbereitung und Filterung. Das Ergebnis ist ein sanfteres, saubereres Einatmen, das Rachen und Lunge schont.<\/p>\n<p>Entwickelt f\u00fcr den allt\u00e4glichen Gebrauch<\/p>\n<p>Der ES2257 vereint Langlebigkeit mit Design. Sein dicker Sockel sorgt f\u00fcr Sicherheit und verringert das Risiko des Umkippens w\u00e4hrend des Gebrauchs. Die hochwertigen Gelenke garantieren eine gesch\u00fctzte Verbindung mit Ihrem Banger oder Ihrer Sch\u00fcssel, w\u00e4hrend das Klarglasgeh\u00e4use es sehr einfach macht, den Wasserstand zu \u00fcberwachen und Ihre Ausr\u00fcstung sauber zu halten.<\/p>\n<p>Wenn Du auf der Suche nach einem Ger\u00e4t bist, das hervorragende Effizienz und klassisches Design bietet, ist der Dab Oil Rigs Glass 12 Inch Bent Neck Klein Oil Well eine zuverl\u00e4ssige Wahl. Sein Recycler-Design, sein gleichm\u00e4\u00dfiger Luftstrom und seine ergonomische Form machen ihn zu einem Must-Have f\u00fcr Fans, die sowohl Typ als auch Funktion suchen.<\/p>","protected":false},"excerpt":{"rendered":"<p>Crafted from durable borosilicate glass, the ES2257 Dab Oil Rigs 12 Inch Bent Neck Klein Oil Rig features a sleek design with precision Klein incycler for smooth hits. The bent neck ensures comfort while the sturdy base provides stability. Perfect for both beginners and experienced users.<\/p>","protected":false},"featured_media":2891,"comment_status":"open","ping_status":"closed","template":"","meta":[],"product_brand":[],"product_cat":[41],"product_tag":[155,204,205],"class_list":{"0":"post-2886","1":"product","2":"type-product","3":"status-publish","4":"has-post-thumbnail","6":"product_cat-dab-oil-rigs","7":"product_tag-dab-oil-rigs","8":"product_tag-glass-oil-rig","9":"product_tag-klein-recycler-rig","11":"first","12":"instock","13":"shipping-taxable","14":"purchasable","15":"product-type-variable"},"_links":{"self":[{"href":"https:\/\/buyegglass.com\/de\/wp-json\/wp\/v2\/product\/2886","targetHints":{"allow":["GET"]}}],"collection":[{"href":"https:\/\/buyegglass.com\/de\/wp-json\/wp\/v2\/product"}],"about":[{"href":"https:\/\/buyegglass.com\/de\/wp-json\/wp\/v2\/types\/product"}],"replies":[{"embeddable":true,"href":"https:\/\/buyegglass.com\/de\/wp-json\/wp\/v2\/comments?post=2886"}],"wp:featuredmedia":[{"embeddable":true,"href":"https:\/\/buyegglass.com\/de\/wp-json\/wp\/v2\/media\/2891"}],"wp:attachment":[{"href":"https:\/\/buyegglass.com\/de\/wp-json\/wp\/v2\/media?parent=2886"}],"wp:term":[{"taxonomy":"product_brand","embeddable":true,"href":"https:\/\/buyegglass.com\/de\/wp-json\/wp\/v2\/product_brand?post=2886"},{"taxonomy":"product_cat","embeddable":true,"href":"https:\/\/buyegglass.com\/de\/wp-json\/wp\/v2\/product_cat?post=2886"},{"taxonomy":"product_tag","embeddable":true,"href":"https:\/\/buyegglass.com\/de\/wp-json\/wp\/v2\/product_tag?post=2886"}],"curies":[{"name":"wp","href":"https:\/\/api.w.org\/{rel}","templated":true}]}}