{"id":2876,"date":"2025-09-25T09:12:33","date_gmt":"2025-09-25T09:12:33","guid":{"rendered":"https:\/\/buyegglass.com\/?post_type=product&#038;p=2876"},"modified":"2025-10-10T09:27:22","modified_gmt":"2025-10-10T09:27:22","slug":"hand-pipe-borosilicate-glass-egh02-4-13inch-twisted-horn","status":"publish","type":"product","link":"https:\/\/buyegglass.com\/de\/product\/hand-pipe-borosilicate-glass-egh02-4-13inch-twisted-horn\/","title":{"rendered":"Handpfeife Borosilikatglas EGH02 4.13Zoll Twisted Horn"},"content":{"rendered":"<h2>Hand Pipeline Borosilikatglas EGH02 4,13 Zoll Twisted Horn<\/h2>\n<p>Die Hand Pipe Borosilikatglas EGH02 4.13 Inch Twisted Horn vereint kreatives Denken und Funktionalit\u00e4t in einem auffallend besonderen Stil. Mit starken Farbwirbeln, erh\u00f6hten Glasakzenten und einer gedrehten Hornfunktion ist diese Pfeife sowohl ein \u00e4sthetischer Blickpunkt als auch ein seri\u00f6ses Ger\u00e4t zum Zigarettenrauchen.<\/p>\n<p>Das EGH02 ist aus hochwertigem Borosilikatglas gefertigt und bietet eine lange Lebensdauer, die W\u00e4rme und t\u00e4glichem Verschlei\u00df standh\u00e4lt. Mit einer Gr\u00f6\u00dfe von 4,13 Zoll ist es klein genug f\u00fcr die Mobilit\u00e4t und bietet dennoch einen komfortablen Griff w\u00e4hrend des Gebrauchs. Die ergonomische Form, unterstrichen durch markante Noppen, sorgt f\u00fcr einen gesch\u00fctzten Halt und verleiht jeder Session Charakter.<\/p>\n<p>Stilvolles Layout mit gedrehtem Horn<\/p>\n<p>Eine der herausragenden Komponenten dieser Handpipeline ist die gedrehte Hornverl\u00e4ngerung. Er sorgt nicht nur f\u00fcr Schwung, sondern vereinfacht auch die Handhabung und hebt die Pipeline von den \u00fcblichen Layouts ab. Die lebhaften Glasstrudel und die verst\u00e4rkten Murmeln sorgen f\u00fcr einen temperamentvollen und fantasievollen Touch, der jedes St\u00fcck unverwechselbar macht.<\/p>\n<p>Praktisch und langlebig<\/p>\n<p>Die tiefe Schale erm\u00f6glicht eine gro\u00dfz\u00fcgige Packung, und das widerstandsf\u00e4hige Borosilikat-Material bedeutet, dass es wiederholten Gebrauch aushalten kann, ohne dass die Qualit\u00e4t darunter leidet. Die Hitzebest\u00e4ndigkeit sorgt f\u00fcr sanftere Sessions, w\u00e4hrend die kompakte Entwicklung eine einfache Reinigung und Aufbewahrung erm\u00f6glicht.<\/p>\n<p>Die Hand Pipeline Borosilikatglas EGH02 4.13 Inch Twisted Horn eignet sich perfekt f\u00fcr den pers\u00f6nlichen Gebrauch oder als herausragende Erg\u00e4nzung einer Sammlung und wurde f\u00fcr Zigarettenraucher geschaffen, die Kreativit\u00e4t ebenso hoch sch\u00e4tzen wie Leistung. Seine Ausgewogenheit von Design, Ausdauer und Transportf\u00e4higkeit macht es zu einer hervorragenden Option f\u00fcr den t\u00e4glichen Gebrauch oder zum Verschenken.<\/p>\n<p>Mit seiner Mischung aus Robustheit, besonderer \u00c4sthetik und Benutzerfreundlichkeit geht diese Handpipeline \u00fcber das Normale hinaus und bietet eine Erfahrung, die ebenso reizvoll zu betrachten wie zu nutzen ist.<\/p>","protected":false},"excerpt":{"rendered":"<article class=\"text-token-text-primary w-full focus:outline-none scroll-mt-[calc(var(--header-height)+min(200px,max(70px,20svh)))]\" dir=\"auto\" tabindex=\"-1\" data-turn-id=\"request-68d4b4ec-3c24-832e-b740-f5822eca108f-80\" data-testid=\"conversation-turn-144\" data-scroll-anchor=\"true\" data-turn=\"assistant\">\n<div class=\"text-base my-auto mx-auto pb-10 [--thread-content-margin:--spacing(4)] thread-sm:[--thread-content-margin:--spacing(6)] thread-lg:[--thread-content-margin:--spacing(16)] px-(--thread-content-margin)\">\n<div class=\"[--thread-content-max-width:40rem] thread-lg:[--thread-content-max-width:48rem] mx-auto max-w-(--thread-content-max-width) flex-1 group\/turn-messages focus-visible:outline-hidden relative flex w-full min-w-0 flex-col agent-turn\" tabindex=\"-1\">\n<div class=\"flex max-w-full flex-col grow\">\n<div class=\"min-h-8 text-message relative flex w-full flex-col items-end gap-2 text-start break-words whitespace-normal [.text-message+&amp;]:mt-5\" dir=\"auto\" data-message-author-role=\"assistant\" data-message-id=\"b602c813-ef1a-444b-9839-fc3c239afb20\" data-message-model-slug=\"gpt-5-instant\">\n<div class=\"flex w-full flex-col gap-1 empty:hidden first:pt-[3px]\">\n<div class=\"markdown prose dark:prose-invert w-full break-words light markdown-new-styling\">\n<p data-start=\"0\" data-end=\"284\" data-is-last-node=\"\" data-is-only-node=\"\">Crafted from durable borosilicate glass, the Hand Pipe EGH02 4.13 Inch Twisted Horn delivers a unique blend of color, texture, and function. Featuring bold swirl patterns, raised marbles, and a twisted horn accent for grip, this pipe offers smooth hits with a vibrant artistic design.<\/p>\n<\/div>\n<\/div>\n<\/div>\n<\/div>\n<div class=\"z-0 flex min-h-[46px] justify-start\"><\/div>\n<div class=\"mt-3 w-full empty:hidden\">\n<div class=\"text-center\"><\/div>\n<\/div>\n<\/div>\n<\/div>\n<\/article>\n<div class=\"pointer-events-none h-px w-px\" aria-hidden=\"true\" data-edge=\"true\"><\/div>\n","protected":false},"featured_media":2882,"comment_status":"open","ping_status":"closed","template":"","meta":[],"product_brand":[],"product_cat":[43],"product_tag":[139,138,203],"class_list":{"0":"post-2876","1":"product","2":"type-product","3":"status-publish","4":"has-post-thumbnail","6":"product_cat-hand-pipe","7":"product_tag-borosilicate-pipe","8":"product_tag-glass-hand-pipe","9":"product_tag-twisted-horn-pipe","11":"first","12":"instock","13":"shipping-taxable","14":"purchasable","15":"product-type-variable"},"_links":{"self":[{"href":"https:\/\/buyegglass.com\/de\/wp-json\/wp\/v2\/product\/2876","targetHints":{"allow":["GET"]}}],"collection":[{"href":"https:\/\/buyegglass.com\/de\/wp-json\/wp\/v2\/product"}],"about":[{"href":"https:\/\/buyegglass.com\/de\/wp-json\/wp\/v2\/types\/product"}],"replies":[{"embeddable":true,"href":"https:\/\/buyegglass.com\/de\/wp-json\/wp\/v2\/comments?post=2876"}],"wp:featuredmedia":[{"embeddable":true,"href":"https:\/\/buyegglass.com\/de\/wp-json\/wp\/v2\/media\/2882"}],"wp:attachment":[{"href":"https:\/\/buyegglass.com\/de\/wp-json\/wp\/v2\/media?parent=2876"}],"wp:term":[{"taxonomy":"product_brand","embeddable":true,"href":"https:\/\/buyegglass.com\/de\/wp-json\/wp\/v2\/product_brand?post=2876"},{"taxonomy":"product_cat","embeddable":true,"href":"https:\/\/buyegglass.com\/de\/wp-json\/wp\/v2\/product_cat?post=2876"},{"taxonomy":"product_tag","embeddable":true,"href":"https:\/\/buyegglass.com\/de\/wp-json\/wp\/v2\/product_tag?post=2876"}],"curies":[{"name":"wp","href":"https:\/\/api.w.org\/{rel}","templated":true}]}}