{"id":2837,"date":"2025-09-25T08:29:51","date_gmt":"2025-09-25T08:29:51","guid":{"rendered":"https:\/\/buyegglass.com\/?post_type=product&#038;p=2837"},"modified":"2025-10-10T09:37:29","modified_gmt":"2025-10-10T09:37:29","slug":"egh33-multi-monster-eyeballs-hand-pipe-borosilicate-glass","status":"publish","type":"product","link":"https:\/\/buyegglass.com\/de\/product\/egh33-multi-monster-eyeballs-hand-pipe-borosilicate-glass\/","title":{"rendered":"EGH33 Multi Monster Eyeballs Unkraut Pfeife Borosilikatglas"},"content":{"rendered":"<h2>EGH33 Multi Monster Eyeballs Unkraut Pfeife<\/h2>\n<p>Die EGH33 Multi Monster Eyeballs Weed Pipeline bringt temperamentvolle Phantasie in Ihre Zigarettensammlung. Hergestellt aus langlebigem Borosilikatglas, kombiniert dieses St\u00fcck Virtuosit\u00e4t mit Funktion. Sein attraktiver, von Monstern inspirierter Stil verf\u00fcgt \u00fcber erhabene Glasaugen in leuchtenden Farben, die ein k\u00fchnes, eindeutiges Erscheinungsbild erzeugen, das es von Standard-Kifferpfeifen abhebt.<\/p>\n<p>Mit einer Gr\u00f6\u00dfe von 4 bis 5 Zoll ist diese Pfeife klein und einfach zu handhaben, w\u00e4hrend sie mit ihrer unverwechselbaren Glasoberfl\u00e4che dennoch einen bequemen Griff bietet. Jeder Augapfel Detail umfasst Charakter und verbessert ebenfalls Griff, stoppt rutscht. Die tiefe Schale bietet reichlich Platz zum Packen und sorgt so f\u00fcr reibungslose, lang anhaltende Sessions.<\/p>\n<p>Langlebiges Borosilikatglas<\/p>\n<p>Diese aus hitzebest\u00e4ndigem Borosilikatglas gefertigte Gras-Pfeife garantiert Integrit\u00e4t und Langlebigkeit. Das robuste Produkt h\u00e4lt dem st\u00e4ndigen Gebrauch stand, w\u00e4hrend die lebendige Oberfl\u00e4che im Laufe der Zeit nicht verblasst.<\/p>\n<p>Monster-Thema Verlockung<\/p>\n<p>Das mehrfarbige Monster-Augendesign macht diese Weed-Pipeline nicht nur zu einem funktionalen Werkzeug, sondern auch zu einem Kunstobjekt mit Sammlerwert. Ob auf einem Regal pr\u00e4sentiert oder im t\u00e4glichen Gebrauch, sie regt zu Gespr\u00e4chen an und bringt Individualit\u00e4t in Deine Raucherkonfiguration.<\/p>\n<p>Mobil und unterhaltsam<\/p>\n<p>Durch ihr geringes Gewicht und ihre kompakte Bauweise ist sie reisefreundlich und eignet sich hervorragend f\u00fcr den Gebrauch unterwegs. Trotz ihres lebendigen Aussehens bietet die Pipeline eine hervorragende Luftbewegung und einen angenehmen Zug f\u00fcr ein konsistentes Zigarettenerlebnis.<\/p>\n<p>Die EGH33 Multi Beast Eyeballs Weed Pipeline ist mehr als nur ein Rauchger\u00e4t - sie ist ein lebendiges, fantasievolles Statement. Perfekt f\u00fcr Raucher, die einen k\u00fchnen, verr\u00fcckten Stil zusammen mit einer zuverl\u00e4ssigen Leistung sch\u00e4tzen.<\/p>","protected":false},"excerpt":{"rendered":"<article class=\"text-token-text-primary w-full focus:outline-none scroll-mt-[calc(var(--header-height)+min(200px,max(70px,20svh)))]\" dir=\"auto\" tabindex=\"-1\" data-turn-id=\"request-WEB:189daed7-ec2c-4ae9-8c56-b8e1300da73d-70\" data-testid=\"conversation-turn-124\" data-scroll-anchor=\"true\" data-turn=\"assistant\">\n<div class=\"text-base my-auto mx-auto pb-10 [--thread-content-margin:--spacing(4)] thread-sm:[--thread-content-margin:--spacing(6)] thread-lg:[--thread-content-margin:--spacing(16)] px-(--thread-content-margin)\">\n<div class=\"[--thread-content-max-width:40rem] thread-lg:[--thread-content-max-width:48rem] mx-auto max-w-(--thread-content-max-width) flex-1 group\/turn-messages focus-visible:outline-hidden relative flex w-full min-w-0 flex-col agent-turn\" tabindex=\"-1\">\n<div class=\"flex max-w-full flex-col grow\">\n<div class=\"min-h-8 text-message relative flex w-full flex-col items-end gap-2 text-start break-words whitespace-normal [.text-message+&amp;]:mt-5\" dir=\"auto\" data-message-author-role=\"assistant\" data-message-id=\"4b523162-099b-491c-9b88-e179720d9d82\" data-message-model-slug=\"gpt-5-instant\">\n<div class=\"flex w-full flex-col gap-1 empty:hidden first:pt-[3px]\">\n<div class=\"markdown prose dark:prose-invert w-full break-words light markdown-new-styling\">\n<p data-start=\"0\" data-end=\"285\" data-is-last-node=\"\" data-is-only-node=\"\">The EGH33 Multi Monster Eyeballs Weed Pipe brings a fun, quirky twist to smoking gear. Crafted from durable borosilicate glass, it features bold colors and raised eyeball details for a standout look. Compact, portable, and eye-catching, it\u2019s perfect for collectors and daily use alike.<\/p>\n<\/div>\n<\/div>\n<\/div>\n<\/div>\n<div class=\"z-0 flex min-h-[46px] justify-start\"><\/div>\n<div class=\"mt-3 w-full empty:hidden\">\n<div class=\"text-center\"><\/div>\n<\/div>\n<\/div>\n<\/div>\n<\/article>\n<div class=\"pointer-events-none h-px w-px\" aria-hidden=\"true\" data-edge=\"true\"><\/div>\n","protected":false},"featured_media":2852,"comment_status":"open","ping_status":"closed","template":"","meta":[],"product_brand":[],"product_cat":[107],"product_tag":[188,187,386],"class_list":{"0":"post-2837","1":"product","2":"type-product","3":"status-publish","4":"has-post-thumbnail","6":"product_cat-weed-pipe","7":"product_tag-borosilicate-smoking-pipe","8":"product_tag-monster-eyeball-pipe","9":"product_tag-weed-pipe","11":"first","12":"instock","13":"shipping-taxable","14":"purchasable","15":"product-type-variable"},"_links":{"self":[{"href":"https:\/\/buyegglass.com\/de\/wp-json\/wp\/v2\/product\/2837","targetHints":{"allow":["GET"]}}],"collection":[{"href":"https:\/\/buyegglass.com\/de\/wp-json\/wp\/v2\/product"}],"about":[{"href":"https:\/\/buyegglass.com\/de\/wp-json\/wp\/v2\/types\/product"}],"replies":[{"embeddable":true,"href":"https:\/\/buyegglass.com\/de\/wp-json\/wp\/v2\/comments?post=2837"}],"wp:featuredmedia":[{"embeddable":true,"href":"https:\/\/buyegglass.com\/de\/wp-json\/wp\/v2\/media\/2852"}],"wp:attachment":[{"href":"https:\/\/buyegglass.com\/de\/wp-json\/wp\/v2\/media?parent=2837"}],"wp:term":[{"taxonomy":"product_brand","embeddable":true,"href":"https:\/\/buyegglass.com\/de\/wp-json\/wp\/v2\/product_brand?post=2837"},{"taxonomy":"product_cat","embeddable":true,"href":"https:\/\/buyegglass.com\/de\/wp-json\/wp\/v2\/product_cat?post=2837"},{"taxonomy":"product_tag","embeddable":true,"href":"https:\/\/buyegglass.com\/de\/wp-json\/wp\/v2\/product_tag?post=2837"}],"curies":[{"name":"wp","href":"https:\/\/api.w.org\/{rel}","templated":true}]}}